{"id":24462,"date":"2022-12-20T15:07:07","date_gmt":"2022-12-20T14:07:07","guid":{"rendered":"https:\/\/www.iobeya.com\/?page_id=24462"},"modified":"2023-10-26T10:23:58","modified_gmt":"2023-10-26T08:23:58","slug":"buchen-sie-ihre-demo","status":"publish","type":"page","link":"https:\/\/www.iobeya.com\/de\/buchen-sie-ihre-demo\/","title":{"rendered":"Buchen Sie Ihre Demo"},"content":{"rendered":"\t\t<div data-elementor-type=\"wp-page\" data-elementor-id=\"24462\" class=\"elementor elementor-24462 elementor-17396\" data-elementor-post-type=\"page\">\n\t\t\t\t\t\t<section class=\"elementor-section elementor-top-section elementor-element elementor-element-1f9d6895 elementor-section-boxed elementor-section-height-default elementor-section-height-default\" data-id=\"1f9d6895\" data-element_type=\"section\" data-e-type=\"section\" data-settings=\"{&quot;background_background&quot;:&quot;classic&quot;}\">\n\t\t\t\t\t\t\t<div class=\"elementor-background-overlay\"><\/div>\n\t\t\t\t\t\t\t<div class=\"elementor-container elementor-column-gap-default\">\n\t\t\t\t\t<div class=\"elementor-column elementor-col-100 elementor-top-column elementor-element elementor-element-2f31500c\" data-id=\"2f31500c\" data-element_type=\"column\" data-e-type=\"column\" data-settings=\"{&quot;background_background&quot;:&quot;classic&quot;}\">\n\t\t\t<div class=\"elementor-widget-wrap elementor-element-populated\">\n\t\t\t\t\t\t<div class=\"elementor-element elementor-element-7b832a7 elementor-widget-tablet_extra__width-initial elementor-widget elementor-widget-heading\" data-id=\"7b832a7\" data-element_type=\"widget\" data-e-type=\"widget\" data-widget_type=\"heading.default\">\n\t\t\t\t<div class=\"elementor-widget-container\">\n\t\t\t\t\t<h1 class=\"elementor-heading-title elementor-size-default\">iObeya in Aktion sehen<\/h1>\t\t\t\t<\/div>\n\t\t\t\t<\/div>\n\t\t\t\t<div class=\"elementor-element elementor-element-349fc2a2 elementor-widget elementor-widget-text-editor\" data-id=\"349fc2a2\" data-element_type=\"widget\" data-e-type=\"widget\" data-widget_type=\"text-editor.default\">\n\t\t\t\t<div class=\"elementor-widget-container\">\n\t\t\t\t\t\t\t\t\t<p>iObeya, die Plattform f\u00fcr visuelles Management, auf der Lean- und Agile-Teams erfolgreich arbeiten. Erleben Sie iObeya w\u00e4hrend einer kostenlosen 15-t\u00e4gigen Testphase nach einem kurzen Informationsgespr\u00e4ch und einer Produkttour.<\/p>\t\t\t\t\t\t\t\t<\/div>\n\t\t\t\t<\/div>\n\t\t\t\t\t<\/div>\n\t\t<\/div>\n\t\t\t\t\t<\/div>\n\t\t<\/section>\n\t\t\t\t<section class=\"elementor-section elementor-top-section elementor-element elementor-element-1b2ee087 elementor-section-boxed elementor-section-height-default elementor-section-height-default\" data-id=\"1b2ee087\" data-element_type=\"section\" data-e-type=\"section\">\n\t\t\t\t\t\t<div class=\"elementor-container elementor-column-gap-default\">\n\t\t\t\t\t<div class=\"elementor-column elementor-col-100 elementor-top-column elementor-element elementor-element-206155b1\" data-id=\"206155b1\" data-element_type=\"column\" data-e-type=\"column\">\n\t\t\t<div class=\"elementor-widget-wrap elementor-element-populated\">\n\t\t\t\t\t\t<div class=\"elementor-element elementor-element-596e139f elementor-widget elementor-widget-html\" data-id=\"596e139f\" data-element_type=\"widget\" data-e-type=\"widget\" data-widget_type=\"html.default\">\n\t\t\t\t<div class=\"elementor-widget-container\">\n\t\t\t\t\t<!-- Start of Meetings Embed Script -->\n\n<script id=\"hbspt-inline\">\n    var firstname = sessionStorage.getItem('firstname');\n    var lastname = sessionStorage.getItem('lastname');\n    var email = sessionStorage.getItem('email');\n    if (!firstname && !lastname && !email) \n        window.location.replace(\"https:\/\/www.iobeya.com\/de\/iobeya-in-aktion-sehen\/\"); \n    \n    document.write('<div class=\"meetings-iframe-container\" data-src=\"https:\/\/meetings.hubspot.com\/iobeya-discovery?embed=true&firstname='+firstname+'&lastname='+lastname+'&email='+email+'\"><\/div>');\n<\/script>\n\n    \n<script type=\"text\/javascript\" src=\"https:\/\/static.hsappstatic.net\/MeetingsEmbed\/ex\/MeetingsEmbedCode.js\"><\/script>\n\n<!-- End of Meetings Embed Script -->\t\t\t\t<\/div>\n\t\t\t\t<\/div>\n\t\t\t\t\t<\/div>\n\t\t<\/div>\n\t\t\t\t\t<\/div>\n\t\t<\/section>\n\t\t\t\t<section class=\"elementor-section elementor-top-section elementor-element elementor-element-6388ca21 elementor-hidden-tablet_extra elementor-hidden-tablet elementor-hidden-mobile_extra elementor-hidden-mobile elementor-section-boxed elementor-section-height-default elementor-section-height-default\" data-id=\"6388ca21\" data-element_type=\"section\" data-e-type=\"section\">\n\t\t\t\t\t\t<div class=\"elementor-container elementor-column-gap-default\">\n\t\t\t\t\t<div class=\"elementor-column elementor-col-50 elementor-top-column elementor-element elementor-element-3c9f19fd\" data-id=\"3c9f19fd\" data-element_type=\"column\" data-e-type=\"column\">\n\t\t\t<div class=\"elementor-widget-wrap elementor-element-populated\">\n\t\t\t\t\t\t<div class=\"elementor-element elementor-element-4317cf elementor-widget__width-initial elementor-widget elementor-widget-heading\" data-id=\"4317cf\" data-element_type=\"widget\" data-e-type=\"widget\" data-widget_type=\"heading.default\">\n\t\t\t\t<div class=\"elementor-widget-container\">\n\t\t\t\t\t<h2 class=\"elementor-heading-title elementor-size-default\">Weltmarktf\u00fchrer vertrauen iObeya<\/h2>\t\t\t\t<\/div>\n\t\t\t\t<\/div>\n\t\t\t\t\t<\/div>\n\t\t<\/div>\n\t\t\t\t<div class=\"elementor-column elementor-col-50 elementor-top-column elementor-element elementor-element-1610fed\" data-id=\"1610fed\" data-element_type=\"column\" data-e-type=\"column\">\n\t\t\t<div class=\"elementor-widget-wrap elementor-element-populated\">\n\t\t\t\t\t\t<div class=\"elementor-element elementor-element-2697bd97 elementor-widget__width-auto elementor-widget-mobile__width-inherit elementor-invisible elementor-widget elementor-widget-image\" data-id=\"2697bd97\" data-element_type=\"widget\" data-e-type=\"widget\" data-settings=\"{&quot;_animation&quot;:&quot;fadeInUp&quot;,&quot;_animation_delay&quot;:0}\" data-widget_type=\"image.default\">\n\t\t\t\t<div class=\"elementor-widget-container\">\n\t\t\t\t\t\t\t\t\t\t\t\t\t\t\t<img decoding=\"async\" width=\"1\" height=\"1\" src=\"https:\/\/www.iobeya.com\/wp-content\/uploads\/2023\/05\/logo-volvo.svg\" class=\"attachment-thumbnail size-thumbnail wp-image-24372\" alt=\"\" \/>\t\t\t\t\t\t\t\t\t\t\t\t\t\t\t<\/div>\n\t\t\t\t<\/div>\n\t\t\t\t<div class=\"elementor-element elementor-element-1521897f elementor-widget__width-auto elementor-widget-mobile__width-inherit elementor-invisible elementor-widget elementor-widget-image\" data-id=\"1521897f\" data-element_type=\"widget\" data-e-type=\"widget\" data-settings=\"{&quot;_animation&quot;:&quot;fadeInUp&quot;,&quot;_animation_delay&quot;:100}\" data-widget_type=\"image.default\">\n\t\t\t\t<div class=\"elementor-widget-container\">\n\t\t\t\t\t\t\t\t\t\t\t\t\t\t\t<img decoding=\"async\" src=\"https:\/\/www.iobeya.com\/wp-content\/uploads\/2023\/05\/logo-siemens.svg\" title=\"logo-siemens.svg\" alt=\"logo-siemens.svg\" loading=\"lazy\" \/>\t\t\t\t\t\t\t\t\t\t\t\t\t\t\t<\/div>\n\t\t\t\t<\/div>\n\t\t\t\t<div class=\"elementor-element elementor-element-3bd2182d elementor-widget__width-auto elementor-widget-mobile__width-inherit elementor-invisible elementor-widget elementor-widget-image\" data-id=\"3bd2182d\" data-element_type=\"widget\" data-e-type=\"widget\" data-settings=\"{&quot;_animation&quot;:&quot;fadeInUp&quot;,&quot;_animation_delay&quot;:200}\" data-widget_type=\"image.default\">\n\t\t\t\t<div class=\"elementor-widget-container\">\n\t\t\t\t\t\t\t\t\t\t\t\t\t\t\t<img decoding=\"async\" width=\"1\" height=\"1\" src=\"https:\/\/www.iobeya.com\/wp-content\/uploads\/2023\/05\/logo-mars.svg\" class=\"attachment-large size-large wp-image-24378\" alt=\"\" \/>\t\t\t\t\t\t\t\t\t\t\t\t\t\t\t<\/div>\n\t\t\t\t<\/div>\n\t\t\t\t<div class=\"elementor-element elementor-element-3fcd6c41 elementor-widget__width-auto elementor-widget-mobile__width-inherit elementor-invisible elementor-widget elementor-widget-image\" data-id=\"3fcd6c41\" data-element_type=\"widget\" data-e-type=\"widget\" data-settings=\"{&quot;_animation&quot;:&quot;fadeInUp&quot;,&quot;_animation_delay&quot;:300}\" data-widget_type=\"image.default\">\n\t\t\t\t<div class=\"elementor-widget-container\">\n\t\t\t\t\t\t\t\t\t\t\t\t\t\t\t<img decoding=\"async\" width=\"1\" height=\"1\" src=\"https:\/\/www.iobeya.com\/wp-content\/uploads\/2023\/05\/logo-danaher.svg\" class=\"attachment-thumbnail size-thumbnail wp-image-24381\" alt=\"\" \/>\t\t\t\t\t\t\t\t\t\t\t\t\t\t\t<\/div>\n\t\t\t\t<\/div>\n\t\t\t\t\t<\/div>\n\t\t<\/div>\n\t\t\t\t\t<\/div>\n\t\t<\/section>\n\t\t\t\t<section class=\"elementor-section elementor-top-section elementor-element elementor-element-1202f931 elementor-hidden-widescreen elementor-hidden-desktop elementor-hidden-laptop elementor-section-boxed elementor-section-height-default elementor-section-height-default\" data-id=\"1202f931\" data-element_type=\"section\" data-e-type=\"section\">\n\t\t\t\t\t\t<div class=\"elementor-container elementor-column-gap-default\">\n\t\t\t\t\t<div class=\"elementor-column elementor-col-100 elementor-top-column elementor-element elementor-element-55a6a9f0 elementor-hidden-widescreen elementor-hidden-desktop elementor-hidden-laptop\" data-id=\"55a6a9f0\" data-element_type=\"column\" data-e-type=\"column\" data-settings=\"{&quot;background_background&quot;:&quot;classic&quot;}\">\n\t\t\t<div class=\"elementor-widget-wrap elementor-element-populated\">\n\t\t\t\t\t\t<div class=\"elementor-element elementor-element-4574159b elementor-widget elementor-widget-heading\" data-id=\"4574159b\" data-element_type=\"widget\" data-e-type=\"widget\" data-widget_type=\"heading.default\">\n\t\t\t\t<div class=\"elementor-widget-container\">\n\t\t\t\t\t<h2 class=\"elementor-heading-title elementor-size-default\">Beschleunigung unsere Lean- und Agile-Transformation mit iObeya<\/h2>\t\t\t\t<\/div>\n\t\t\t\t<\/div>\n\t\t\t\t<section class=\"elementor-section elementor-inner-section elementor-element elementor-element-1e8fd6e7 elementor-section-content-middle elementor-section-boxed elementor-section-height-default elementor-section-height-default\" data-id=\"1e8fd6e7\" data-element_type=\"section\" data-e-type=\"section\">\n\t\t\t\t\t\t<div class=\"elementor-container elementor-column-gap-default\">\n\t\t\t\t\t<div class=\"elementor-column elementor-col-33 elementor-inner-column elementor-element elementor-element-50c40bc6\" data-id=\"50c40bc6\" data-element_type=\"column\" data-e-type=\"column\">\n\t\t\t<div class=\"elementor-widget-wrap elementor-element-populated\">\n\t\t\t\t\t\t<div class=\"elementor-element elementor-element-29c04d0f elementor-widget elementor-widget-image\" data-id=\"29c04d0f\" data-element_type=\"widget\" data-e-type=\"widget\" data-widget_type=\"image.default\">\n\t\t\t\t<div class=\"elementor-widget-container\">\n\t\t\t\t\t\t\t\t\t\t\t\t\t\t\t<img loading=\"lazy\" decoding=\"async\" width=\"1\" height=\"1\" src=\"https:\/\/www.iobeya.com\/wp-content\/uploads\/2023\/05\/volvo.svg\" class=\"attachment-large size-large wp-image-24384\" alt=\"\" \/>\t\t\t\t\t\t\t\t\t\t\t\t\t\t\t<\/div>\n\t\t\t\t<\/div>\n\t\t\t\t\t<\/div>\n\t\t<\/div>\n\t\t\t\t<div class=\"elementor-column elementor-col-33 elementor-inner-column elementor-element elementor-element-5455b07c\" data-id=\"5455b07c\" data-element_type=\"column\" data-e-type=\"column\">\n\t\t\t<div class=\"elementor-widget-wrap elementor-element-populated\">\n\t\t\t\t\t\t<div class=\"elementor-element elementor-element-7e49708b elementor-widget elementor-widget-image\" data-id=\"7e49708b\" data-element_type=\"widget\" data-e-type=\"widget\" data-widget_type=\"image.default\">\n\t\t\t\t<div class=\"elementor-widget-container\">\n\t\t\t\t\t\t\t\t\t\t\t\t\t\t\t<img loading=\"lazy\" decoding=\"async\" width=\"1\" height=\"1\" src=\"https:\/\/www.iobeya.com\/wp-content\/uploads\/2023\/05\/siemens.svg\" class=\"attachment-large size-large wp-image-24387\" alt=\"\" \/>\t\t\t\t\t\t\t\t\t\t\t\t\t\t\t<\/div>\n\t\t\t\t<\/div>\n\t\t\t\t\t<\/div>\n\t\t<\/div>\n\t\t\t\t<div class=\"elementor-column elementor-col-33 elementor-inner-column elementor-element elementor-element-5501ad9b\" data-id=\"5501ad9b\" data-element_type=\"column\" data-e-type=\"column\">\n\t\t\t<div class=\"elementor-widget-wrap elementor-element-populated\">\n\t\t\t\t\t\t<div class=\"elementor-element elementor-element-293911c8 elementor-widget elementor-widget-image\" data-id=\"293911c8\" data-element_type=\"widget\" data-e-type=\"widget\" data-widget_type=\"image.default\">\n\t\t\t\t<div class=\"elementor-widget-container\">\n\t\t\t\t\t\t\t\t\t\t\t\t\t\t\t<img loading=\"lazy\" decoding=\"async\" width=\"1\" height=\"1\" src=\"https:\/\/www.iobeya.com\/wp-content\/uploads\/2023\/05\/capgemini.svg\" class=\"attachment-large size-large wp-image-24390\" alt=\"\" \/>\t\t\t\t\t\t\t\t\t\t\t\t\t\t\t<\/div>\n\t\t\t\t<\/div>\n\t\t\t\t\t<\/div>\n\t\t<\/div>\n\t\t\t\t\t<\/div>\n\t\t<\/section>\n\t\t\t\t<section class=\"elementor-section elementor-inner-section elementor-element elementor-element-4d51febb elementor-section-content-middle elementor-section-boxed elementor-section-height-default elementor-section-height-default\" data-id=\"4d51febb\" data-element_type=\"section\" data-e-type=\"section\">\n\t\t\t\t\t\t<div class=\"elementor-container elementor-column-gap-default\">\n\t\t\t\t\t<div class=\"elementor-column elementor-col-33 elementor-inner-column elementor-element elementor-element-29825a98\" data-id=\"29825a98\" data-element_type=\"column\" data-e-type=\"column\">\n\t\t\t<div class=\"elementor-widget-wrap elementor-element-populated\">\n\t\t\t\t\t\t<div class=\"elementor-element elementor-element-d510b7c elementor-widget elementor-widget-image\" data-id=\"d510b7c\" data-element_type=\"widget\" data-e-type=\"widget\" data-widget_type=\"image.default\">\n\t\t\t\t<div class=\"elementor-widget-container\">\n\t\t\t\t\t\t\t\t\t\t\t\t\t\t\t<img loading=\"lazy\" decoding=\"async\" width=\"1\" height=\"1\" src=\"https:\/\/www.iobeya.com\/wp-content\/uploads\/2023\/05\/stellantis-1.svg\" class=\"attachment-large size-large wp-image-24393\" alt=\"\" \/>\t\t\t\t\t\t\t\t\t\t\t\t\t\t\t<\/div>\n\t\t\t\t<\/div>\n\t\t\t\t\t<\/div>\n\t\t<\/div>\n\t\t\t\t<div class=\"elementor-column elementor-col-33 elementor-inner-column elementor-element elementor-element-793e0d79\" data-id=\"793e0d79\" data-element_type=\"column\" data-e-type=\"column\">\n\t\t\t<div class=\"elementor-widget-wrap elementor-element-populated\">\n\t\t\t\t\t\t<div class=\"elementor-element elementor-element-37c5abc4 elementor-widget elementor-widget-image\" data-id=\"37c5abc4\" data-element_type=\"widget\" data-e-type=\"widget\" data-widget_type=\"image.default\">\n\t\t\t\t<div class=\"elementor-widget-container\">\n\t\t\t\t\t\t\t\t\t\t\t\t\t\t\t<img loading=\"lazy\" decoding=\"async\" width=\"1\" height=\"1\" src=\"https:\/\/www.iobeya.com\/wp-content\/uploads\/2023\/05\/thales.svg\" class=\"attachment-large size-large wp-image-24396\" alt=\"\" \/>\t\t\t\t\t\t\t\t\t\t\t\t\t\t\t<\/div>\n\t\t\t\t<\/div>\n\t\t\t\t\t<\/div>\n\t\t<\/div>\n\t\t\t\t<div class=\"elementor-column elementor-col-33 elementor-inner-column elementor-element elementor-element-314a98dc\" data-id=\"314a98dc\" data-element_type=\"column\" data-e-type=\"column\">\n\t\t\t<div class=\"elementor-widget-wrap elementor-element-populated\">\n\t\t\t\t\t\t<div class=\"elementor-element elementor-element-9577060 elementor-widget elementor-widget-image\" data-id=\"9577060\" data-element_type=\"widget\" data-e-type=\"widget\" data-widget_type=\"image.default\">\n\t\t\t\t<div class=\"elementor-widget-container\">\n\t\t\t\t\t\t\t\t\t\t\t\t\t\t\t<img loading=\"lazy\" decoding=\"async\" width=\"1\" height=\"1\" src=\"https:\/\/www.iobeya.com\/wp-content\/uploads\/2023\/05\/schneider.svg\" class=\"attachment-large size-large wp-image-24399\" alt=\"\" \/>\t\t\t\t\t\t\t\t\t\t\t\t\t\t\t<\/div>\n\t\t\t\t<\/div>\n\t\t\t\t\t<\/div>\n\t\t<\/div>\n\t\t\t\t\t<\/div>\n\t\t<\/section>\n\t\t\t\t\t<\/div>\n\t\t<\/div>\n\t\t\t\t\t<\/div>\n\t\t<\/section>\n\t\t\t\t<\/div>\n\t\t","protected":false},"excerpt":{"rendered":"<p>iObeya in Aktion sehen iObeya, die Plattform f\u00fcr visuelles Management, auf der Lean- und Agile-Teams erfolgreich arbeiten. Erleben Sie iObeya w\u00e4hrend einer kostenlosen 15-t\u00e4gigen Testphase nach einem kurzen Informationsgespr\u00e4ch und einer Produkttour. Weltmarktf\u00fchrer vertrauen iObeya Beschleunigung unsere Lean- und Agile-Transformation mit iObeya<\/p>\n","protected":false},"author":1,"featured_media":20917,"parent":0,"menu_order":0,"comment_status":"closed","ping_status":"closed","template":"elementor_header_footer","meta":{"_acf_changed":false,"inline_featured_image":false,"__cvm_playback_settings":[],"__cvm_video_id":"","footnotes":""},"class_list":["post-24462","page","type-page","status-publish","has-post-thumbnail","hentry"],"acf":[],"yoast_head":"<!-- This site is optimized with the Yoast SEO plugin v27.0 - https:\/\/yoast.com\/product\/yoast-seo-wordpress\/ -->\n<title>Buchen Sie Ihre Demo - iObeya<\/title>\n<meta name=\"robots\" content=\"index, follow, max-snippet:-1, max-image-preview:large, max-video-preview:-1\" \/>\n<link rel=\"canonical\" href=\"https:\/\/www.iobeya.com\/de\/buchen-sie-ihre-demo\/\" \/>\n<meta property=\"og:locale\" content=\"de_DE\" \/>\n<meta property=\"og:type\" content=\"article\" \/>\n<meta property=\"og:title\" content=\"Buchen Sie Ihre Demo - iObeya\" \/>\n<meta property=\"og:description\" content=\"iObeya in Aktion sehen iObeya, die Plattform f\u00fcr visuelles Management, auf der Lean- und Agile-Teams erfolgreich arbeiten. Erleben Sie iObeya w\u00e4hrend einer kostenlosen 15-t\u00e4gigen Testphase nach einem kurzen Informationsgespr\u00e4ch und einer Produkttour. Weltmarktf\u00fchrer vertrauen iObeya Beschleunigung unsere Lean- und Agile-Transformation mit iObeya\" \/>\n<meta property=\"og:url\" content=\"https:\/\/www.iobeya.com\/de\/buchen-sie-ihre-demo\/\" \/>\n<meta property=\"og:site_name\" content=\"iObeya\" \/>\n<meta property=\"article:modified_time\" content=\"2023-10-26T08:23:58+00:00\" \/>\n<meta property=\"og:image\" content=\"https:\/\/www.iobeya.com\/wp-content\/uploads\/2022\/09\/logo-iobeya@3x.png\" \/>\n\t<meta property=\"og:image:width\" content=\"436\" \/>\n\t<meta property=\"og:image:height\" content=\"110\" \/>\n\t<meta property=\"og:image:type\" content=\"image\/png\" \/>\n<meta name=\"twitter:card\" content=\"summary_large_image\" \/>\n<script type=\"application\/ld+json\" class=\"yoast-schema-graph\">{\"@context\":\"https:\/\/schema.org\",\"@graph\":[{\"@type\":\"WebPage\",\"@id\":\"https:\/\/www.iobeya.com\/de\/buchen-sie-ihre-demo\/\",\"url\":\"https:\/\/www.iobeya.com\/de\/buchen-sie-ihre-demo\/\",\"name\":\"Buchen Sie Ihre Demo - iObeya\",\"isPartOf\":{\"@id\":\"https:\/\/www.iobeya.com\/de\/#website\"},\"primaryImageOfPage\":{\"@id\":\"https:\/\/www.iobeya.com\/de\/buchen-sie-ihre-demo\/#primaryimage\"},\"image\":{\"@id\":\"https:\/\/www.iobeya.com\/de\/buchen-sie-ihre-demo\/#primaryimage\"},\"thumbnailUrl\":\"https:\/\/www.iobeya.com\/wp-content\/uploads\/2022\/09\/logo-iobeya@3x.png\",\"datePublished\":\"2022-12-20T14:07:07+00:00\",\"dateModified\":\"2023-10-26T08:23:58+00:00\",\"breadcrumb\":{\"@id\":\"https:\/\/www.iobeya.com\/de\/buchen-sie-ihre-demo\/#breadcrumb\"},\"inLanguage\":\"de\",\"potentialAction\":[{\"@type\":\"ReadAction\",\"target\":[\"https:\/\/www.iobeya.com\/de\/buchen-sie-ihre-demo\/\"]}]},{\"@type\":\"ImageObject\",\"inLanguage\":\"de\",\"@id\":\"https:\/\/www.iobeya.com\/de\/buchen-sie-ihre-demo\/#primaryimage\",\"url\":\"https:\/\/www.iobeya.com\/wp-content\/uploads\/2022\/09\/logo-iobeya@3x.png\",\"contentUrl\":\"https:\/\/www.iobeya.com\/wp-content\/uploads\/2022\/09\/logo-iobeya@3x.png\",\"width\":436,\"height\":110},{\"@type\":\"BreadcrumbList\",\"@id\":\"https:\/\/www.iobeya.com\/de\/buchen-sie-ihre-demo\/#breadcrumb\",\"itemListElement\":[{\"@type\":\"ListItem\",\"position\":1,\"name\":\"Home\",\"item\":\"https:\/\/www.iobeya.com\/de\/\"},{\"@type\":\"ListItem\",\"position\":2,\"name\":\"Buchen Sie Ihre Demo\"}]},{\"@type\":\"WebSite\",\"@id\":\"https:\/\/www.iobeya.com\/de\/#website\",\"url\":\"https:\/\/www.iobeya.com\/de\/\",\"name\":\"iObeya\",\"description\":\"Un site utilisant WordPress\",\"publisher\":{\"@id\":\"https:\/\/www.iobeya.com\/de\/#organization\"},\"potentialAction\":[{\"@type\":\"SearchAction\",\"target\":{\"@type\":\"EntryPoint\",\"urlTemplate\":\"https:\/\/www.iobeya.com\/de\/?s={search_term_string}\"},\"query-input\":{\"@type\":\"PropertyValueSpecification\",\"valueRequired\":true,\"valueName\":\"search_term_string\"}}],\"inLanguage\":\"de\"},{\"@type\":\"Organization\",\"@id\":\"https:\/\/www.iobeya.com\/de\/#organization\",\"name\":\"iObeya\",\"url\":\"https:\/\/www.iobeya.com\/de\/\",\"logo\":{\"@type\":\"ImageObject\",\"inLanguage\":\"de\",\"@id\":\"https:\/\/www.iobeya.com\/de\/#\/schema\/logo\/image\/\",\"url\":\"https:\/\/www.iobeya.com\/wp-content\/uploads\/2025\/10\/cropped-iOb-Logo-Black.png\",\"contentUrl\":\"https:\/\/www.iobeya.com\/wp-content\/uploads\/2025\/10\/cropped-iOb-Logo-Black.png\",\"width\":782,\"height\":192,\"caption\":\"iObeya\"},\"image\":{\"@id\":\"https:\/\/www.iobeya.com\/de\/#\/schema\/logo\/image\/\"}}]}<\/script>\n<!-- \/ Yoast SEO plugin. -->","yoast_head_json":{"title":"Buchen Sie Ihre Demo - iObeya","robots":{"index":"index","follow":"follow","max-snippet":"max-snippet:-1","max-image-preview":"max-image-preview:large","max-video-preview":"max-video-preview:-1"},"canonical":"https:\/\/www.iobeya.com\/de\/buchen-sie-ihre-demo\/","og_locale":"de_DE","og_type":"article","og_title":"Buchen Sie Ihre Demo - iObeya","og_description":"iObeya in Aktion sehen iObeya, die Plattform f\u00fcr visuelles Management, auf der Lean- und Agile-Teams erfolgreich arbeiten. Erleben Sie iObeya w\u00e4hrend einer kostenlosen 15-t\u00e4gigen Testphase nach einem kurzen Informationsgespr\u00e4ch und einer Produkttour. Weltmarktf\u00fchrer vertrauen iObeya Beschleunigung unsere Lean- und Agile-Transformation mit iObeya","og_url":"https:\/\/www.iobeya.com\/de\/buchen-sie-ihre-demo\/","og_site_name":"iObeya","article_modified_time":"2023-10-26T08:23:58+00:00","og_image":[{"width":436,"height":110,"url":"https:\/\/www.iobeya.com\/wp-content\/uploads\/2022\/09\/logo-iobeya@3x.png","type":"image\/png"}],"twitter_card":"summary_large_image","schema":{"@context":"https:\/\/schema.org","@graph":[{"@type":"WebPage","@id":"https:\/\/www.iobeya.com\/de\/buchen-sie-ihre-demo\/","url":"https:\/\/www.iobeya.com\/de\/buchen-sie-ihre-demo\/","name":"Buchen Sie Ihre Demo - iObeya","isPartOf":{"@id":"https:\/\/www.iobeya.com\/de\/#website"},"primaryImageOfPage":{"@id":"https:\/\/www.iobeya.com\/de\/buchen-sie-ihre-demo\/#primaryimage"},"image":{"@id":"https:\/\/www.iobeya.com\/de\/buchen-sie-ihre-demo\/#primaryimage"},"thumbnailUrl":"https:\/\/www.iobeya.com\/wp-content\/uploads\/2022\/09\/logo-iobeya@3x.png","datePublished":"2022-12-20T14:07:07+00:00","dateModified":"2023-10-26T08:23:58+00:00","breadcrumb":{"@id":"https:\/\/www.iobeya.com\/de\/buchen-sie-ihre-demo\/#breadcrumb"},"inLanguage":"de","potentialAction":[{"@type":"ReadAction","target":["https:\/\/www.iobeya.com\/de\/buchen-sie-ihre-demo\/"]}]},{"@type":"ImageObject","inLanguage":"de","@id":"https:\/\/www.iobeya.com\/de\/buchen-sie-ihre-demo\/#primaryimage","url":"https:\/\/www.iobeya.com\/wp-content\/uploads\/2022\/09\/logo-iobeya@3x.png","contentUrl":"https:\/\/www.iobeya.com\/wp-content\/uploads\/2022\/09\/logo-iobeya@3x.png","width":436,"height":110},{"@type":"BreadcrumbList","@id":"https:\/\/www.iobeya.com\/de\/buchen-sie-ihre-demo\/#breadcrumb","itemListElement":[{"@type":"ListItem","position":1,"name":"Home","item":"https:\/\/www.iobeya.com\/de\/"},{"@type":"ListItem","position":2,"name":"Buchen Sie Ihre Demo"}]},{"@type":"WebSite","@id":"https:\/\/www.iobeya.com\/de\/#website","url":"https:\/\/www.iobeya.com\/de\/","name":"iObeya","description":"Un site utilisant WordPress","publisher":{"@id":"https:\/\/www.iobeya.com\/de\/#organization"},"potentialAction":[{"@type":"SearchAction","target":{"@type":"EntryPoint","urlTemplate":"https:\/\/www.iobeya.com\/de\/?s={search_term_string}"},"query-input":{"@type":"PropertyValueSpecification","valueRequired":true,"valueName":"search_term_string"}}],"inLanguage":"de"},{"@type":"Organization","@id":"https:\/\/www.iobeya.com\/de\/#organization","name":"iObeya","url":"https:\/\/www.iobeya.com\/de\/","logo":{"@type":"ImageObject","inLanguage":"de","@id":"https:\/\/www.iobeya.com\/de\/#\/schema\/logo\/image\/","url":"https:\/\/www.iobeya.com\/wp-content\/uploads\/2025\/10\/cropped-iOb-Logo-Black.png","contentUrl":"https:\/\/www.iobeya.com\/wp-content\/uploads\/2025\/10\/cropped-iOb-Logo-Black.png","width":782,"height":192,"caption":"iObeya"},"image":{"@id":"https:\/\/www.iobeya.com\/de\/#\/schema\/logo\/image\/"}}]}},"_links":{"self":[{"href":"https:\/\/www.iobeya.com\/de\/wp-json\/wp\/v2\/pages\/24462","targetHints":{"allow":["GET"]}}],"collection":[{"href":"https:\/\/www.iobeya.com\/de\/wp-json\/wp\/v2\/pages"}],"about":[{"href":"https:\/\/www.iobeya.com\/de\/wp-json\/wp\/v2\/types\/page"}],"author":[{"embeddable":true,"href":"https:\/\/www.iobeya.com\/de\/wp-json\/wp\/v2\/users\/1"}],"replies":[{"embeddable":true,"href":"https:\/\/www.iobeya.com\/de\/wp-json\/wp\/v2\/comments?post=24462"}],"version-history":[{"count":48,"href":"https:\/\/www.iobeya.com\/de\/wp-json\/wp\/v2\/pages\/24462\/revisions"}],"predecessor-version":[{"id":31552,"href":"https:\/\/www.iobeya.com\/de\/wp-json\/wp\/v2\/pages\/24462\/revisions\/31552"}],"wp:featuredmedia":[{"embeddable":true,"href":"https:\/\/www.iobeya.com\/de\/wp-json\/wp\/v2\/media\/20917"}],"wp:attachment":[{"href":"https:\/\/www.iobeya.com\/de\/wp-json\/wp\/v2\/media?parent=24462"}],"curies":[{"name":"wp","href":"https:\/\/api.w.org\/{rel}","templated":true}]}}