{"id":10665,"date":"2022-08-11T19:18:03","date_gmt":"2022-08-11T17:18:03","guid":{"rendered":"https:\/\/www.iobeya.com\/?page_id=10665"},"modified":"2024-06-05T11:42:40","modified_gmt":"2024-06-05T09:42:40","slug":"mentions-legales","status":"publish","type":"page","link":"https:\/\/www.iobeya.com\/fr\/mentions-legales\/","title":{"rendered":"Mentions l\u00e9gales"},"content":{"rendered":"\t\t<div data-elementor-type=\"wp-page\" data-elementor-id=\"10665\" class=\"elementor elementor-10665 elementor-10657\" data-elementor-post-type=\"page\">\n\t\t\t\t\t\t<section class=\"elementor-section elementor-top-section elementor-element elementor-element-56e9de77 elementor-section-boxed elementor-section-height-default elementor-section-height-default\" data-id=\"56e9de77\" data-element_type=\"section\" data-e-type=\"section\">\n\t\t\t\t\t\t<div class=\"elementor-container elementor-column-gap-default\">\n\t\t\t\t\t<div class=\"elementor-column elementor-col-100 elementor-top-column elementor-element elementor-element-3f3da23e\" data-id=\"3f3da23e\" data-element_type=\"column\" data-e-type=\"column\">\n\t\t\t<div class=\"elementor-widget-wrap elementor-element-populated\">\n\t\t\t\t\t\t<div class=\"elementor-element elementor-element-6e83aeb1 elementor-widget elementor-widget-heading\" data-id=\"6e83aeb1\" data-element_type=\"widget\" data-e-type=\"widget\" data-widget_type=\"heading.default\">\n\t\t\t\t<div class=\"elementor-widget-container\">\n\t\t\t\t\t<h1 class=\"elementor-heading-title elementor-size-default\">Mentions l\u00e9gales<\/h1>\t\t\t\t<\/div>\n\t\t\t\t<\/div>\n\t\t\t\t<div class=\"elementor-element elementor-element-2a315015 elementor-widget elementor-widget-heading\" data-id=\"2a315015\" data-element_type=\"widget\" data-e-type=\"widget\" data-widget_type=\"heading.default\">\n\t\t\t\t<div class=\"elementor-widget-container\">\n\t\t\t\t\t<h2 class=\"elementor-heading-title elementor-size-default\">Editeur du site<\/h2>\t\t\t\t<\/div>\n\t\t\t\t<\/div>\n\t\t\t\t<div class=\"elementor-element elementor-element-239cd62a elementor-widget elementor-widget-text-editor\" data-id=\"239cd62a\" data-element_type=\"widget\" data-e-type=\"widget\" data-widget_type=\"text-editor.default\">\n\t\t\t\t<div class=\"elementor-widget-container\">\n\t\t\t\t\t\t\t\t\t<p>Le site internet &nbsp;<a title=\"www.iobeya.com\" href=\"https:\/\/www.iobeya.com\/\">www.iobeya.com<\/a>&nbsp;est \u00e9dit\u00e9 par iObeya, Soci\u00e9t\u00e9 par Actions Simplifi\u00e9e au capital de 148 340 euros, dont le si\u00e8ge social est situ\u00e9 1 rue Galvani, B\u00e2timent D, 91300 MASSY, immatricul\u00e9e au Registre du Commerce et des Soci\u00e9t\u00e9s d\u2019Evry sous le num\u00e9ro 483 404 570.<\/p>\n<p>SIRET : 483 404 570 00044<\/p>\n<p>Num\u00e9ro de TVA Intracommunautaire : FR90483404570<\/p>\n<p>Directeur de la publication : Cyril DALOZ<\/p>\n<p>T\u00e9l\u00e9phone : +33 (0) 1 60 13 77 30<\/p>\n<p>Email :&nbsp;<a title=\"contact@iobeya.com\" href=\"mailto:contact@iobeya.com\">contact@iobeya.com<\/a><\/p>\t\t\t\t\t\t\t\t<\/div>\n\t\t\t\t<\/div>\n\t\t\t\t<div class=\"elementor-element elementor-element-62c84ef5 elementor-widget elementor-widget-heading\" data-id=\"62c84ef5\" data-element_type=\"widget\" data-e-type=\"widget\" data-widget_type=\"heading.default\">\n\t\t\t\t<div class=\"elementor-widget-container\">\n\t\t\t\t\t<h2 class=\"elementor-heading-title elementor-size-default\">H\u00e9bergement et stockage des donn\u00e9es<\/h2>\t\t\t\t<\/div>\n\t\t\t\t<\/div>\n\t\t\t\t<div class=\"elementor-element elementor-element-64a81d8f elementor-widget elementor-widget-text-editor\" data-id=\"64a81d8f\" data-element_type=\"widget\" data-e-type=\"widget\" data-widget_type=\"text-editor.default\">\n\t\t\t\t<div class=\"elementor-widget-container\">\n\t\t\t\t\t\t\t\t\t<p>Le site <a href=\"https:\/\/www.iobeya.com\">www.iobeya.com<\/a> est h\u00e9berg\u00e9 par Amazon Web Services EMEA SARL, soci\u00e9t\u00e9 \u00e0 responsabilit\u00e9 limit\u00e9e dont le si\u00e8ge social est situ\u00e9 38, avenue John F. Kennedy, L-1855, Luxembourg.<\/p>\n<p>T\u00e9l\u00e9phone : +352-2789-0057<\/p>\t\t\t\t\t\t\t\t<\/div>\n\t\t\t\t<\/div>\n\t\t\t\t<div class=\"elementor-element elementor-element-8785398 elementor-widget elementor-widget-heading\" data-id=\"8785398\" data-element_type=\"widget\" data-e-type=\"widget\" data-widget_type=\"heading.default\">\n\t\t\t\t<div class=\"elementor-widget-container\">\n\t\t\t\t\t<h2 class=\"elementor-heading-title elementor-size-default\">Donn\u00e9es personnelles<\/h2>\t\t\t\t<\/div>\n\t\t\t\t<\/div>\n\t\t\t\t<div class=\"elementor-element elementor-element-344174e elementor-widget elementor-widget-text-editor\" data-id=\"344174e\" data-element_type=\"widget\" data-e-type=\"widget\" data-widget_type=\"text-editor.default\">\n\t\t\t\t<div class=\"elementor-widget-container\">\n\t\t\t\t\t\t\t\t\t<p>Vos donn\u00e9es ne seront en aucun cas communiqu\u00e9es \u00e0 des tiers, \u00e0 l\u2019exception des sous-traitants d\u2019iObeya.<\/p>\t\t\t\t\t\t\t\t<\/div>\n\t\t\t\t<\/div>\n\t\t\t\t<div class=\"elementor-element elementor-element-1e0b6553 elementor-widget elementor-widget-heading\" data-id=\"1e0b6553\" data-element_type=\"widget\" data-e-type=\"widget\" data-widget_type=\"heading.default\">\n\t\t\t\t<div class=\"elementor-widget-container\">\n\t\t\t\t\t<h2 class=\"elementor-heading-title elementor-size-default\">Vos droits\n<\/h2>\t\t\t\t<\/div>\n\t\t\t\t<\/div>\n\t\t\t\t<div class=\"elementor-element elementor-element-b315eae elementor-widget elementor-widget-text-editor\" data-id=\"b315eae\" data-element_type=\"widget\" data-e-type=\"widget\" data-widget_type=\"text-editor.default\">\n\t\t\t\t<div class=\"elementor-widget-container\">\n\t\t\t\t\t\t\t\t\t<p>Conform\u00e9ment \u00e0 loi n\u00b0 78-17 du 6 janvier 1978 relative \u00e0 l\u2019informatique, aux fichiers et aux libert\u00e9s modifi\u00e9e par la loi n\u00b0 2018-493 du 20 juin 2018 (dite \u00ab loi Informatique et libert\u00e9s \u00bb) et au R\u00e8glement (UE) 2016\/679 du Parlement europ\u00e9en et du Conseil du 27 avril 2016 relatif \u00e0 la protection des personnes physiques \u00e0 l\u2019\u00e9gard du traitement des donn\u00e9es \u00e0 caract\u00e8re personnel et \u00e0 la libre circulation de ces donn\u00e9es (dit \u00ab RGPD \u00bb), vous b\u00e9n\u00e9ficiez d\u2019un droit d\u2019acc\u00e8s \u00e0 vos donn\u00e9es personnelles, d\u2019un droit de rectification ou d\u2019effacement de ces donn\u00e9es, d\u2019un droit \u00e0 la limitation du traitement de vos donn\u00e9es, d\u2019un droit d\u2019opposition et d\u2019un droit \u00e0 la portabilit\u00e9 de vos donn\u00e9es.<\/p>\n<p>Lorsque vous donnez votre consentement au traitement de vos donn\u00e9es personnelles, vous avez le droit de retirer ce consentement \u00e0 tout moment, sans que ce retrait ne compromette la lic\u00e9it\u00e9 des traitements d\u00e9j\u00e0 effectu\u00e9s sur la base du consentement que vous aviez donn\u00e9 avant ce retrait.<\/p>\n<p>Vous pouvez exercer vos droits en envoyant un email \u00e0 iObeya, en sa qualit\u00e9 de responsable de traitement, \u00e0 l\u2019adresse dpo@iobeya.com, en indiquant vos nom, pr\u00e9noms, e-mail et adresse postale, et en y joignant la copie d\u2019une pi\u00e8ce d\u2019identit\u00e9 en cours de validit\u00e9. Ces droits peuvent \u00eatre exerc\u00e9s apr\u00e8s votre mort par toute personne que vous aurez d\u00e9sign\u00e9e ou par vos h\u00e9ritiers, dans les conditions pr\u00e9vues notamment par les articles 84 et 85 de la loi n\u00b0 78-17 du 6 janvier 1978.<\/p>\n<p>Vous disposez du droit d\u2019introduire une r\u00e9clamation aupr\u00e8s de l\u2019autorit\u00e9 de contr\u00f4le comp\u00e9tente. L\u2019autorit\u00e9 de contr\u00f4le dont rel\u00e8ve iObeya est la CNIL (<a href=\"https:\/\/www.cnil.fr\" target=\"_blank\">www.cnil.fr<\/a>).<\/p>\n<p>Pour avoir plus d\u2019informations sur le traitement de vos donn\u00e9es personnelles nous vous invitons \u00e0 consulter notre <a href=\"https:\/\/www.iobeya.com\/fr\/politique-de-confidentialite\/\">Politique de Confidentialit\u00e9<\/a>.<\/p>\t\t\t\t\t\t\t\t<\/div>\n\t\t\t\t<\/div>\n\t\t\t\t<div class=\"elementor-element elementor-element-70f1839 elementor-widget elementor-widget-heading\" data-id=\"70f1839\" data-element_type=\"widget\" data-e-type=\"widget\" data-widget_type=\"heading.default\">\n\t\t\t\t<div class=\"elementor-widget-container\">\n\t\t\t\t\t<h2 class=\"elementor-heading-title elementor-size-default\">Droits et propri\u00e9t\u00e9 intellectuelle<\/h2>\t\t\t\t<\/div>\n\t\t\t\t<\/div>\n\t\t\t\t<div class=\"elementor-element elementor-element-c90ddbe elementor-widget elementor-widget-text-editor\" data-id=\"c90ddbe\" data-element_type=\"widget\" data-e-type=\"widget\" data-widget_type=\"text-editor.default\">\n\t\t\t\t<div class=\"elementor-widget-container\">\n\t\t\t\t\t\t\t\t\t<p>iObeya et ses conc\u00e9dants de licence sont seuls titulaires des droits de propri\u00e9t\u00e9 intellectuelle sur le site internet  <a href=\"https:\/\/www.iobeya.com\">www.iobeya.com<\/a> et sur son contenu. Il est par cons\u00e9quent strictement interdit, \u00e0 moins que le titulaire des droits ait donn\u00e9 son accord, de republier (y compris sur un autre site internet) un contenu tir\u00e9 de ce site, ainsi que de vendre, louer ou conc\u00e9der une licence sur le contenu de ce site ; de repr\u00e9senter le contenu de ce site en public ; de reproduire, dupliquer, copier ou exploiter de toute autre fa\u00e7on le contenu de ce site \u00e0 des fins commerciales ; d\u2019\u00e9diter ou de modifier de quelque autre fa\u00e7on que ce soit le contenu du site ; de redistribuer le contenu de ce site, \u00e0 l\u2019exception des contenus sp\u00e9cifiquement et express\u00e9ment mis \u00e0 disposition pour \u00eatre redistribu\u00e9s.<\/p>\n<p>Dans tous les cas, toute copie autoris\u00e9e devra comporter la mention \u00ab Copyright 2024 iObeya \u2013 All rights reserved \u00bb.<\/p>\t\t\t\t\t\t\t\t<\/div>\n\t\t\t\t<\/div>\n\t\t\t\t<div class=\"elementor-element elementor-element-aaf5d89 elementor-widget elementor-widget-heading\" data-id=\"aaf5d89\" data-element_type=\"widget\" data-e-type=\"widget\" data-widget_type=\"heading.default\">\n\t\t\t\t<div class=\"elementor-widget-container\">\n\t\t\t\t\t<h2 class=\"elementor-heading-title elementor-size-default\">Protection des marques\n<\/h2>\t\t\t\t<\/div>\n\t\t\t\t<\/div>\n\t\t\t\t<div class=\"elementor-element elementor-element-75058cd elementor-widget elementor-widget-text-editor\" data-id=\"75058cd\" data-element_type=\"widget\" data-e-type=\"widget\" data-widget_type=\"text-editor.default\">\n\t\t\t\t<div class=\"elementor-widget-container\">\n\t\t\t\t\t\t\t\t\t<p>Toutes les marques et logos figurant sur le site <a href=\"https:\/\/www.iobeya.com\">www.iobeya.com<\/a>  sont des marques d\u00e9pos\u00e9es par iObeya ou ses conc\u00e9dants. Toute reproduction, duplication, redistribution ou copie non autoris\u00e9e sera sanctionn\u00e9e conform\u00e9ment \u00e0 la loi fran\u00e7aise.<\/p>\t\t\t\t\t\t\t\t<\/div>\n\t\t\t\t<\/div>\n\t\t\t\t<div class=\"elementor-element elementor-element-1d01e4b elementor-widget elementor-widget-heading\" data-id=\"1d01e4b\" data-element_type=\"widget\" data-e-type=\"widget\" data-widget_type=\"heading.default\">\n\t\t\t\t<div class=\"elementor-widget-container\">\n\t\t\t\t\t<h2 class=\"elementor-heading-title elementor-size-default\">Acc\u00e8s et contenu \u2013 Responsabilit\u00e9<\/h2>\t\t\t\t<\/div>\n\t\t\t\t<\/div>\n\t\t\t\t<div class=\"elementor-element elementor-element-9ae3c5e elementor-widget elementor-widget-text-editor\" data-id=\"9ae3c5e\" data-element_type=\"widget\" data-e-type=\"widget\" data-widget_type=\"text-editor.default\">\n\t\t\t\t<div class=\"elementor-widget-container\">\n\t\t\t\t\t\t\t\t\t<p>En utilisant le site internet <a href=\"https:\/\/www.iobeya.com\">www.iobeya.com<\/a>, vous reconnaissez avoir pris connaissance des pr\u00e9sentes mentions l\u00e9gales et vous vous engagez \u00e0 :<\/p>\n<ul>\n<li>n\u2019utiliser les services du site ainsi que l\u2019ensemble des informations auxquelles vous pouvez avoir acc\u00e8s que dans un but conforme \u00e0 l\u2019ordre public, aux bonnes m\u0153urs et aux droits des tiers ;<\/li>\n<li>fournir des informations compl\u00e8tes, exactes et \u00e0 jour vous concernant ;<\/li>\n<li>\u00e0 ne commettre aucun acte pouvant mettre en cause la s\u00e9curit\u00e9 informatique du site ;<\/li>\n<li>\u00e0 ne pas interf\u00e9rer ou interrompre le fonctionnement normal du site.<\/li>\n<\/ul>\n<p><br>Les informations communiqu\u00e9es sur ce site sont fournies \u00e0 titre indicatif et g\u00e9n\u00e9ral. Elles ne pr\u00e9tendent aucunement \u00e0 l\u2019exhaustivit\u00e9. Malgr\u00e9 les mises \u00e0 jour du contenu du site, iObeya ne peut \u00eatre tenue pour responsable des \u00e9ventuelles modifications survenant apr\u00e8s la publication. De m\u00eame, iObeya ne saurait \u00eatre tenue pour responsable des erreurs, d\u2019une absence de disponibilit\u00e9 des fonctionnalit\u00e9s ou de la pr\u00e9sence de virus sur le site.<\/p>\n<p>iObeya se r\u00e9serve le droit de modifier le contenu des offres pr\u00e9sent\u00e9es sur le site.<\/p>\t\t\t\t\t\t\t\t<\/div>\n\t\t\t\t<\/div>\n\t\t\t\t\t<\/div>\n\t\t<\/div>\n\t\t\t\t\t<\/div>\n\t\t<\/section>\n\t\t\t\t<\/div>\n\t\t","protected":false},"excerpt":{"rendered":"<p>Mentions l\u00e9gales Editeur du site Le site internet &nbsp;www.iobeya.com&nbsp;est \u00e9dit\u00e9 par iObeya, Soci\u00e9t\u00e9 par Actions Simplifi\u00e9e au capital de 148 340 euros, dont le si\u00e8ge social est situ\u00e9 1 rue Galvani, B\u00e2timent D, 91300 MASSY, immatricul\u00e9e au Registre du Commerce et des Soci\u00e9t\u00e9s d\u2019Evry sous le num\u00e9ro 483 404 570. SIRET : 483 404 570 [&hellip;]<\/p>\n","protected":false},"author":3,"featured_media":0,"parent":0,"menu_order":0,"comment_status":"closed","ping_status":"closed","template":"","meta":{"_acf_changed":false,"inline_featured_image":false,"__cvm_playback_settings":[],"__cvm_video_id":"","footnotes":""},"class_list":["post-10665","page","type-page","status-publish","hentry"],"acf":[],"yoast_head":"<!-- This site is optimized with the Yoast SEO plugin v27.0 - https:\/\/yoast.com\/product\/yoast-seo-wordpress\/ -->\n<title>Mentions l\u00e9gales - iObeya<\/title>\n<meta name=\"robots\" content=\"index, follow, max-snippet:-1, max-image-preview:large, max-video-preview:-1\" \/>\n<link rel=\"canonical\" href=\"https:\/\/www.iobeya.com\/fr\/mentions-legales\/\" \/>\n<meta property=\"og:locale\" content=\"fr_FR\" \/>\n<meta property=\"og:type\" content=\"article\" \/>\n<meta property=\"og:title\" content=\"Mentions l\u00e9gales - iObeya\" \/>\n<meta property=\"og:description\" content=\"Mentions l\u00e9gales Editeur du site Le site internet &nbsp;www.iobeya.com&nbsp;est \u00e9dit\u00e9 par iObeya, Soci\u00e9t\u00e9 par Actions Simplifi\u00e9e au capital de 148 340 euros, dont le si\u00e8ge social est situ\u00e9 1 rue Galvani, B\u00e2timent D, 91300 MASSY, immatricul\u00e9e au Registre du Commerce et des Soci\u00e9t\u00e9s d\u2019Evry sous le num\u00e9ro 483 404 570. SIRET : 483 404 570 [&hellip;]\" \/>\n<meta property=\"og:url\" content=\"https:\/\/www.iobeya.com\/fr\/mentions-legales\/\" \/>\n<meta property=\"og:site_name\" content=\"iObeya\" \/>\n<meta property=\"article:modified_time\" content=\"2024-06-05T09:42:40+00:00\" \/>\n<meta name=\"twitter:card\" content=\"summary_large_image\" \/>\n<meta name=\"twitter:label1\" content=\"Dur\u00e9e de lecture estim\u00e9e\" \/>\n\t<meta name=\"twitter:data1\" content=\"4 minutes\" \/>\n<script type=\"application\/ld+json\" class=\"yoast-schema-graph\">{\"@context\":\"https:\/\/schema.org\",\"@graph\":[{\"@type\":\"WebPage\",\"@id\":\"https:\/\/www.iobeya.com\/fr\/mentions-legales\/\",\"url\":\"https:\/\/www.iobeya.com\/fr\/mentions-legales\/\",\"name\":\"Mentions l\u00e9gales - iObeya\",\"isPartOf\":{\"@id\":\"https:\/\/www.iobeya.com\/fr\/#website\"},\"datePublished\":\"2022-08-11T17:18:03+00:00\",\"dateModified\":\"2024-06-05T09:42:40+00:00\",\"breadcrumb\":{\"@id\":\"https:\/\/www.iobeya.com\/fr\/mentions-legales\/#breadcrumb\"},\"inLanguage\":\"fr-FR\",\"potentialAction\":[{\"@type\":\"ReadAction\",\"target\":[\"https:\/\/www.iobeya.com\/fr\/mentions-legales\/\"]}]},{\"@type\":\"BreadcrumbList\",\"@id\":\"https:\/\/www.iobeya.com\/fr\/mentions-legales\/#breadcrumb\",\"itemListElement\":[{\"@type\":\"ListItem\",\"position\":1,\"name\":\"Home\",\"item\":\"https:\/\/www.iobeya.com\/fr\/\"},{\"@type\":\"ListItem\",\"position\":2,\"name\":\"Mentions l\u00e9gales\"}]},{\"@type\":\"WebSite\",\"@id\":\"https:\/\/www.iobeya.com\/fr\/#website\",\"url\":\"https:\/\/www.iobeya.com\/fr\/\",\"name\":\"iObeya\",\"description\":\"Un site utilisant WordPress\",\"publisher\":{\"@id\":\"https:\/\/www.iobeya.com\/fr\/#organization\"},\"potentialAction\":[{\"@type\":\"SearchAction\",\"target\":{\"@type\":\"EntryPoint\",\"urlTemplate\":\"https:\/\/www.iobeya.com\/fr\/?s={search_term_string}\"},\"query-input\":{\"@type\":\"PropertyValueSpecification\",\"valueRequired\":true,\"valueName\":\"search_term_string\"}}],\"inLanguage\":\"fr-FR\"},{\"@type\":\"Organization\",\"@id\":\"https:\/\/www.iobeya.com\/fr\/#organization\",\"name\":\"iObeya\",\"url\":\"https:\/\/www.iobeya.com\/fr\/\",\"logo\":{\"@type\":\"ImageObject\",\"inLanguage\":\"fr-FR\",\"@id\":\"https:\/\/www.iobeya.com\/fr\/#\/schema\/logo\/image\/\",\"url\":\"https:\/\/www.iobeya.com\/wp-content\/uploads\/2025\/10\/cropped-iOb-Logo-Black.png\",\"contentUrl\":\"https:\/\/www.iobeya.com\/wp-content\/uploads\/2025\/10\/cropped-iOb-Logo-Black.png\",\"width\":782,\"height\":192,\"caption\":\"iObeya\"},\"image\":{\"@id\":\"https:\/\/www.iobeya.com\/fr\/#\/schema\/logo\/image\/\"}}]}<\/script>\n<!-- \/ Yoast SEO plugin. -->","yoast_head_json":{"title":"Mentions l\u00e9gales - iObeya","robots":{"index":"index","follow":"follow","max-snippet":"max-snippet:-1","max-image-preview":"max-image-preview:large","max-video-preview":"max-video-preview:-1"},"canonical":"https:\/\/www.iobeya.com\/fr\/mentions-legales\/","og_locale":"fr_FR","og_type":"article","og_title":"Mentions l\u00e9gales - iObeya","og_description":"Mentions l\u00e9gales Editeur du site Le site internet &nbsp;www.iobeya.com&nbsp;est \u00e9dit\u00e9 par iObeya, Soci\u00e9t\u00e9 par Actions Simplifi\u00e9e au capital de 148 340 euros, dont le si\u00e8ge social est situ\u00e9 1 rue Galvani, B\u00e2timent D, 91300 MASSY, immatricul\u00e9e au Registre du Commerce et des Soci\u00e9t\u00e9s d\u2019Evry sous le num\u00e9ro 483 404 570. SIRET : 483 404 570 [&hellip;]","og_url":"https:\/\/www.iobeya.com\/fr\/mentions-legales\/","og_site_name":"iObeya","article_modified_time":"2024-06-05T09:42:40+00:00","twitter_card":"summary_large_image","twitter_misc":{"Dur\u00e9e de lecture estim\u00e9e":"4 minutes"},"schema":{"@context":"https:\/\/schema.org","@graph":[{"@type":"WebPage","@id":"https:\/\/www.iobeya.com\/fr\/mentions-legales\/","url":"https:\/\/www.iobeya.com\/fr\/mentions-legales\/","name":"Mentions l\u00e9gales - iObeya","isPartOf":{"@id":"https:\/\/www.iobeya.com\/fr\/#website"},"datePublished":"2022-08-11T17:18:03+00:00","dateModified":"2024-06-05T09:42:40+00:00","breadcrumb":{"@id":"https:\/\/www.iobeya.com\/fr\/mentions-legales\/#breadcrumb"},"inLanguage":"fr-FR","potentialAction":[{"@type":"ReadAction","target":["https:\/\/www.iobeya.com\/fr\/mentions-legales\/"]}]},{"@type":"BreadcrumbList","@id":"https:\/\/www.iobeya.com\/fr\/mentions-legales\/#breadcrumb","itemListElement":[{"@type":"ListItem","position":1,"name":"Home","item":"https:\/\/www.iobeya.com\/fr\/"},{"@type":"ListItem","position":2,"name":"Mentions l\u00e9gales"}]},{"@type":"WebSite","@id":"https:\/\/www.iobeya.com\/fr\/#website","url":"https:\/\/www.iobeya.com\/fr\/","name":"iObeya","description":"Un site utilisant WordPress","publisher":{"@id":"https:\/\/www.iobeya.com\/fr\/#organization"},"potentialAction":[{"@type":"SearchAction","target":{"@type":"EntryPoint","urlTemplate":"https:\/\/www.iobeya.com\/fr\/?s={search_term_string}"},"query-input":{"@type":"PropertyValueSpecification","valueRequired":true,"valueName":"search_term_string"}}],"inLanguage":"fr-FR"},{"@type":"Organization","@id":"https:\/\/www.iobeya.com\/fr\/#organization","name":"iObeya","url":"https:\/\/www.iobeya.com\/fr\/","logo":{"@type":"ImageObject","inLanguage":"fr-FR","@id":"https:\/\/www.iobeya.com\/fr\/#\/schema\/logo\/image\/","url":"https:\/\/www.iobeya.com\/wp-content\/uploads\/2025\/10\/cropped-iOb-Logo-Black.png","contentUrl":"https:\/\/www.iobeya.com\/wp-content\/uploads\/2025\/10\/cropped-iOb-Logo-Black.png","width":782,"height":192,"caption":"iObeya"},"image":{"@id":"https:\/\/www.iobeya.com\/fr\/#\/schema\/logo\/image\/"}}]}},"_links":{"self":[{"href":"https:\/\/www.iobeya.com\/fr\/wp-json\/wp\/v2\/pages\/10665","targetHints":{"allow":["GET"]}}],"collection":[{"href":"https:\/\/www.iobeya.com\/fr\/wp-json\/wp\/v2\/pages"}],"about":[{"href":"https:\/\/www.iobeya.com\/fr\/wp-json\/wp\/v2\/types\/page"}],"author":[{"embeddable":true,"href":"https:\/\/www.iobeya.com\/fr\/wp-json\/wp\/v2\/users\/3"}],"replies":[{"embeddable":true,"href":"https:\/\/www.iobeya.com\/fr\/wp-json\/wp\/v2\/comments?post=10665"}],"version-history":[{"count":26,"href":"https:\/\/www.iobeya.com\/fr\/wp-json\/wp\/v2\/pages\/10665\/revisions"}],"predecessor-version":[{"id":38043,"href":"https:\/\/www.iobeya.com\/fr\/wp-json\/wp\/v2\/pages\/10665\/revisions\/38043"}],"wp:attachment":[{"href":"https:\/\/www.iobeya.com\/fr\/wp-json\/wp\/v2\/media?parent=10665"}],"curies":[{"name":"wp","href":"https:\/\/api.w.org\/{rel}","templated":true}]}}