{"id":10984,"date":"2022-08-12T15:22:51","date_gmt":"2022-08-12T13:22:51","guid":{"rendered":"https:\/\/www.iobeya.com\/?page_id=10984"},"modified":"2025-05-23T11:00:34","modified_gmt":"2025-05-23T09:00:34","slug":"merci-pour-votre-demande","status":"publish","type":"page","link":"https:\/\/www.iobeya.com\/fr\/merci-pour-votre-demande\/","title":{"rendered":"Merci pour votre demande !"},"content":{"rendered":"\t\t<div data-elementor-type=\"wp-page\" data-elementor-id=\"10984\" class=\"elementor elementor-10984 elementor-10963\" data-elementor-post-type=\"page\">\n\t\t\t\t<div class=\"elementor-element elementor-element-783c915a e-flex e-con-boxed e-con e-parent\" data-id=\"783c915a\" data-element_type=\"container\" data-e-type=\"container\">\n\t\t\t\t\t<div class=\"e-con-inner\">\n\t\t\t\t<div class=\"elementor-element elementor-element-1042ad0e elementor-widget elementor-widget-image\" data-id=\"1042ad0e\" data-element_type=\"widget\" data-e-type=\"widget\" data-widget_type=\"image.default\">\n\t\t\t\t<div class=\"elementor-widget-container\">\n\t\t\t\t\t\t\t\t\t\t\t\t\t\t\t<img decoding=\"async\" width=\"192\" height=\"149\" src=\"https:\/\/www.iobeya.com\/wp-content\/uploads\/2025\/04\/Feedback-Thanks-2-1-2.png\" class=\"attachment-medium size-medium wp-image-49875\" alt=\"\" \/>\t\t\t\t\t\t\t\t\t\t\t\t\t\t\t<\/div>\n\t\t\t\t<\/div>\n\t\t\t\t<div class=\"elementor-element elementor-element-786dcfdd elementor-widget elementor-widget-heading\" data-id=\"786dcfdd\" data-element_type=\"widget\" data-e-type=\"widget\" data-widget_type=\"heading.default\">\n\t\t\t\t<div class=\"elementor-widget-container\">\n\t\t\t\t\t<h1 class=\"elementor-heading-title elementor-size-default\">Merci !<\/h1>\t\t\t\t<\/div>\n\t\t\t\t<\/div>\n\t\t\t\t<div class=\"elementor-element elementor-element-54f9f5b9 elementor-widget elementor-widget-text-editor\" data-id=\"54f9f5b9\" data-element_type=\"widget\" data-e-type=\"widget\" data-widget_type=\"text-editor.default\">\n\t\t\t\t<div class=\"elementor-widget-container\">\n\t\t\t\t\t\t\t\t\t<p>Vous recevrez tr\u00e8s prochainement un email pour planifier<br\/> votre d\u00e9monstation avec l\u2019un de nos experts iObeya.<\/p>\n\n<p>En attendant, pourquoi ne pas jeter un \u0153il \u00e0 nos <a href=\"https:\/\/center.iobeya.com\/fr\/formations\/\">formations<\/a><br\/>\nou faire un tour sur les <a href=\"https:\/\/www.iobeya.com\/fr\/clients\/\">t\u00e9moignages<\/a> de nos clients ?<\/p>\t\t\t\t\t\t\t\t<\/div>\n\t\t\t\t<\/div>\n\t\t\t\t<div class=\"elementor-element elementor-element-7f237215 elementor-align-center elementor-widget elementor-widget-button\" data-id=\"7f237215\" data-element_type=\"widget\" data-e-type=\"widget\" data-widget_type=\"button.default\">\n\t\t\t\t<div class=\"elementor-widget-container\">\n\t\t\t\t\t\t\t\t\t<div class=\"elementor-button-wrapper\">\n\t\t\t\t\t<a class=\"elementor-button elementor-button-link elementor-size-sm\" href=\"\/fr\/\">\n\t\t\t\t\t\t<span class=\"elementor-button-content-wrapper\">\n\t\t\t\t\t\t\t\t\t<span class=\"elementor-button-text\">Accueil<\/span>\n\t\t\t\t\t<\/span>\n\t\t\t\t\t<\/a>\n\t\t\t\t<\/div>\n\t\t\t\t\t\t\t\t<\/div>\n\t\t\t\t<\/div>\n\t\t\t\t\t<\/div>\n\t\t\t\t<\/div>\n\t\t\t\t<\/div>\n\t\t","protected":false},"excerpt":{"rendered":"<p>Merci ! Vous recevrez tr\u00e8s prochainement un email pour planifier votre d\u00e9monstation avec l\u2019un de nos experts iObeya. En attendant, pourquoi ne pas jeter un \u0153il \u00e0 nos formations ou faire un tour sur les t\u00e9moignages de nos clients ? Accueil<\/p>\n","protected":false},"author":1,"featured_media":6544,"parent":0,"menu_order":0,"comment_status":"closed","ping_status":"closed","template":"elementor_header_footer","meta":{"_acf_changed":false,"inline_featured_image":false,"__cvm_playback_settings":[],"__cvm_video_id":"","footnotes":""},"class_list":["post-10984","page","type-page","status-publish","has-post-thumbnail","hentry"],"acf":[],"yoast_head":"<!-- This site is optimized with the Yoast SEO plugin v27.0 - https:\/\/yoast.com\/product\/yoast-seo-wordpress\/ -->\n<title>Merci pour votre demande ! - iObeya<\/title>\n<meta name=\"robots\" content=\"noindex, nofollow\" \/>\n<meta property=\"og:locale\" content=\"fr_FR\" \/>\n<meta property=\"og:type\" content=\"article\" \/>\n<meta property=\"og:title\" content=\"Merci pour votre demande ! - iObeya\" \/>\n<meta property=\"og:description\" content=\"Merci ! Vous recevrez tr\u00e8s prochainement un email pour planifier votre d\u00e9monstation avec l\u2019un de nos experts iObeya. En attendant, pourquoi ne pas jeter un \u0153il \u00e0 nos formations ou faire un tour sur les t\u00e9moignages de nos clients ? Accueil\" \/>\n<meta property=\"og:url\" content=\"https:\/\/www.iobeya.com\/fr\/merci-pour-votre-demande\/\" \/>\n<meta property=\"og:site_name\" content=\"iObeya\" \/>\n<meta property=\"article:modified_time\" content=\"2025-05-23T09:00:34+00:00\" \/>\n<meta property=\"og:image\" content=\"https:\/\/www.iobeya.com\/wp-content\/uploads\/2022\/07\/cropped-cropped-favico-1.png\" \/>\n\t<meta property=\"og:image:width\" content=\"512\" \/>\n\t<meta property=\"og:image:height\" content=\"512\" \/>\n\t<meta property=\"og:image:type\" content=\"image\/png\" \/>\n<meta name=\"twitter:card\" content=\"summary_large_image\" \/>\n<script type=\"application\/ld+json\" class=\"yoast-schema-graph\">{\"@context\":\"https:\/\/schema.org\",\"@graph\":[{\"@type\":\"WebPage\",\"@id\":\"https:\/\/www.iobeya.com\/fr\/merci-pour-votre-demande\/\",\"url\":\"https:\/\/www.iobeya.com\/fr\/merci-pour-votre-demande\/\",\"name\":\"Merci pour votre demande ! - iObeya\",\"isPartOf\":{\"@id\":\"https:\/\/www.iobeya.com\/fr\/#website\"},\"primaryImageOfPage\":{\"@id\":\"https:\/\/www.iobeya.com\/fr\/merci-pour-votre-demande\/#primaryimage\"},\"image\":{\"@id\":\"https:\/\/www.iobeya.com\/fr\/merci-pour-votre-demande\/#primaryimage\"},\"thumbnailUrl\":\"https:\/\/www.iobeya.com\/wp-content\/uploads\/2022\/07\/cropped-cropped-favico-1.png\",\"datePublished\":\"2022-08-12T13:22:51+00:00\",\"dateModified\":\"2025-05-23T09:00:34+00:00\",\"breadcrumb\":{\"@id\":\"https:\/\/www.iobeya.com\/fr\/merci-pour-votre-demande\/#breadcrumb\"},\"inLanguage\":\"fr-FR\",\"potentialAction\":[{\"@type\":\"ReadAction\",\"target\":[\"https:\/\/www.iobeya.com\/fr\/merci-pour-votre-demande\/\"]}]},{\"@type\":\"ImageObject\",\"inLanguage\":\"fr-FR\",\"@id\":\"https:\/\/www.iobeya.com\/fr\/merci-pour-votre-demande\/#primaryimage\",\"url\":\"https:\/\/www.iobeya.com\/wp-content\/uploads\/2022\/07\/cropped-cropped-favico-1.png\",\"contentUrl\":\"https:\/\/www.iobeya.com\/wp-content\/uploads\/2022\/07\/cropped-cropped-favico-1.png\",\"width\":512,\"height\":512},{\"@type\":\"BreadcrumbList\",\"@id\":\"https:\/\/www.iobeya.com\/fr\/merci-pour-votre-demande\/#breadcrumb\",\"itemListElement\":[{\"@type\":\"ListItem\",\"position\":1,\"name\":\"Home\",\"item\":\"https:\/\/www.iobeya.com\/fr\/\"},{\"@type\":\"ListItem\",\"position\":2,\"name\":\"Merci pour votre demande !\"}]},{\"@type\":\"WebSite\",\"@id\":\"https:\/\/www.iobeya.com\/fr\/#website\",\"url\":\"https:\/\/www.iobeya.com\/fr\/\",\"name\":\"iObeya\",\"description\":\"Un site utilisant WordPress\",\"publisher\":{\"@id\":\"https:\/\/www.iobeya.com\/fr\/#organization\"},\"potentialAction\":[{\"@type\":\"SearchAction\",\"target\":{\"@type\":\"EntryPoint\",\"urlTemplate\":\"https:\/\/www.iobeya.com\/fr\/?s={search_term_string}\"},\"query-input\":{\"@type\":\"PropertyValueSpecification\",\"valueRequired\":true,\"valueName\":\"search_term_string\"}}],\"inLanguage\":\"fr-FR\"},{\"@type\":\"Organization\",\"@id\":\"https:\/\/www.iobeya.com\/fr\/#organization\",\"name\":\"iObeya\",\"url\":\"https:\/\/www.iobeya.com\/fr\/\",\"logo\":{\"@type\":\"ImageObject\",\"inLanguage\":\"fr-FR\",\"@id\":\"https:\/\/www.iobeya.com\/fr\/#\/schema\/logo\/image\/\",\"url\":\"https:\/\/www.iobeya.com\/wp-content\/uploads\/2025\/10\/cropped-iOb-Logo-Black.png\",\"contentUrl\":\"https:\/\/www.iobeya.com\/wp-content\/uploads\/2025\/10\/cropped-iOb-Logo-Black.png\",\"width\":782,\"height\":192,\"caption\":\"iObeya\"},\"image\":{\"@id\":\"https:\/\/www.iobeya.com\/fr\/#\/schema\/logo\/image\/\"}}]}<\/script>\n<!-- \/ Yoast SEO plugin. -->","yoast_head_json":{"title":"Merci pour votre demande ! - iObeya","robots":{"index":"noindex","follow":"nofollow"},"og_locale":"fr_FR","og_type":"article","og_title":"Merci pour votre demande ! - iObeya","og_description":"Merci ! Vous recevrez tr\u00e8s prochainement un email pour planifier votre d\u00e9monstation avec l\u2019un de nos experts iObeya. En attendant, pourquoi ne pas jeter un \u0153il \u00e0 nos formations ou faire un tour sur les t\u00e9moignages de nos clients ? Accueil","og_url":"https:\/\/www.iobeya.com\/fr\/merci-pour-votre-demande\/","og_site_name":"iObeya","article_modified_time":"2025-05-23T09:00:34+00:00","og_image":[{"width":512,"height":512,"url":"https:\/\/www.iobeya.com\/wp-content\/uploads\/2022\/07\/cropped-cropped-favico-1.png","type":"image\/png"}],"twitter_card":"summary_large_image","schema":{"@context":"https:\/\/schema.org","@graph":[{"@type":"WebPage","@id":"https:\/\/www.iobeya.com\/fr\/merci-pour-votre-demande\/","url":"https:\/\/www.iobeya.com\/fr\/merci-pour-votre-demande\/","name":"Merci pour votre demande ! - iObeya","isPartOf":{"@id":"https:\/\/www.iobeya.com\/fr\/#website"},"primaryImageOfPage":{"@id":"https:\/\/www.iobeya.com\/fr\/merci-pour-votre-demande\/#primaryimage"},"image":{"@id":"https:\/\/www.iobeya.com\/fr\/merci-pour-votre-demande\/#primaryimage"},"thumbnailUrl":"https:\/\/www.iobeya.com\/wp-content\/uploads\/2022\/07\/cropped-cropped-favico-1.png","datePublished":"2022-08-12T13:22:51+00:00","dateModified":"2025-05-23T09:00:34+00:00","breadcrumb":{"@id":"https:\/\/www.iobeya.com\/fr\/merci-pour-votre-demande\/#breadcrumb"},"inLanguage":"fr-FR","potentialAction":[{"@type":"ReadAction","target":["https:\/\/www.iobeya.com\/fr\/merci-pour-votre-demande\/"]}]},{"@type":"ImageObject","inLanguage":"fr-FR","@id":"https:\/\/www.iobeya.com\/fr\/merci-pour-votre-demande\/#primaryimage","url":"https:\/\/www.iobeya.com\/wp-content\/uploads\/2022\/07\/cropped-cropped-favico-1.png","contentUrl":"https:\/\/www.iobeya.com\/wp-content\/uploads\/2022\/07\/cropped-cropped-favico-1.png","width":512,"height":512},{"@type":"BreadcrumbList","@id":"https:\/\/www.iobeya.com\/fr\/merci-pour-votre-demande\/#breadcrumb","itemListElement":[{"@type":"ListItem","position":1,"name":"Home","item":"https:\/\/www.iobeya.com\/fr\/"},{"@type":"ListItem","position":2,"name":"Merci pour votre demande !"}]},{"@type":"WebSite","@id":"https:\/\/www.iobeya.com\/fr\/#website","url":"https:\/\/www.iobeya.com\/fr\/","name":"iObeya","description":"Un site utilisant WordPress","publisher":{"@id":"https:\/\/www.iobeya.com\/fr\/#organization"},"potentialAction":[{"@type":"SearchAction","target":{"@type":"EntryPoint","urlTemplate":"https:\/\/www.iobeya.com\/fr\/?s={search_term_string}"},"query-input":{"@type":"PropertyValueSpecification","valueRequired":true,"valueName":"search_term_string"}}],"inLanguage":"fr-FR"},{"@type":"Organization","@id":"https:\/\/www.iobeya.com\/fr\/#organization","name":"iObeya","url":"https:\/\/www.iobeya.com\/fr\/","logo":{"@type":"ImageObject","inLanguage":"fr-FR","@id":"https:\/\/www.iobeya.com\/fr\/#\/schema\/logo\/image\/","url":"https:\/\/www.iobeya.com\/wp-content\/uploads\/2025\/10\/cropped-iOb-Logo-Black.png","contentUrl":"https:\/\/www.iobeya.com\/wp-content\/uploads\/2025\/10\/cropped-iOb-Logo-Black.png","width":782,"height":192,"caption":"iObeya"},"image":{"@id":"https:\/\/www.iobeya.com\/fr\/#\/schema\/logo\/image\/"}}]}},"_links":{"self":[{"href":"https:\/\/www.iobeya.com\/fr\/wp-json\/wp\/v2\/pages\/10984","targetHints":{"allow":["GET"]}}],"collection":[{"href":"https:\/\/www.iobeya.com\/fr\/wp-json\/wp\/v2\/pages"}],"about":[{"href":"https:\/\/www.iobeya.com\/fr\/wp-json\/wp\/v2\/types\/page"}],"author":[{"embeddable":true,"href":"https:\/\/www.iobeya.com\/fr\/wp-json\/wp\/v2\/users\/1"}],"replies":[{"embeddable":true,"href":"https:\/\/www.iobeya.com\/fr\/wp-json\/wp\/v2\/comments?post=10984"}],"version-history":[{"count":3,"href":"https:\/\/www.iobeya.com\/fr\/wp-json\/wp\/v2\/pages\/10984\/revisions"}],"predecessor-version":[{"id":52298,"href":"https:\/\/www.iobeya.com\/fr\/wp-json\/wp\/v2\/pages\/10984\/revisions\/52298"}],"wp:featuredmedia":[{"embeddable":true,"href":"https:\/\/www.iobeya.com\/fr\/wp-json\/wp\/v2\/media\/6544"}],"wp:attachment":[{"href":"https:\/\/www.iobeya.com\/fr\/wp-json\/wp\/v2\/media?parent=10984"}],"curies":[{"name":"wp","href":"https:\/\/api.w.org\/{rel}","templated":true}]}}