{"id":18854,"date":"2023-02-09T15:24:45","date_gmt":"2023-02-09T14:24:45","guid":{"rendered":"https:\/\/www.iobeya.com\/?page_id=18854"},"modified":"2023-02-10T14:00:32","modified_gmt":"2023-02-10T13:00:32","slug":"merci","status":"publish","type":"page","link":"https:\/\/www.iobeya.com\/fr\/merci\/","title":{"rendered":"Merci !"},"content":{"rendered":"\t\t<div data-elementor-type=\"wp-page\" data-elementor-id=\"18854\" class=\"elementor elementor-18854 elementor-18803\" data-elementor-post-type=\"page\">\n\t\t\t\t\t\t<section class=\"elementor-section elementor-top-section elementor-element elementor-element-3f00901b elementor-section-boxed elementor-section-height-default elementor-section-height-default\" data-id=\"3f00901b\" data-element_type=\"section\" data-e-type=\"section\">\n\t\t\t\t\t\t<div class=\"elementor-container elementor-column-gap-default\">\n\t\t\t\t\t<div class=\"elementor-column elementor-col-100 elementor-top-column elementor-element elementor-element-3bda56aa\" data-id=\"3bda56aa\" data-element_type=\"column\" data-e-type=\"column\">\n\t\t\t<div class=\"elementor-widget-wrap elementor-element-populated\">\n\t\t\t\t\t\t<div class=\"elementor-element elementor-element-4ea8f9eb elementor-widget elementor-widget-heading\" data-id=\"4ea8f9eb\" data-element_type=\"widget\" data-e-type=\"widget\" data-widget_type=\"heading.default\">\n\t\t\t\t<div class=\"elementor-widget-container\">\n\t\t\t\t\t<h1 class=\"elementor-heading-title elementor-size-default\">Merci !<\/h1>\t\t\t\t<\/div>\n\t\t\t\t<\/div>\n\t\t\t\t\t<\/div>\n\t\t<\/div>\n\t\t\t\t\t<\/div>\n\t\t<\/section>\n\t\t\t\t<section class=\"elementor-section elementor-top-section elementor-element elementor-element-6f510d4e elementor-section-boxed elementor-section-height-default elementor-section-height-default\" data-id=\"6f510d4e\" data-element_type=\"section\" data-e-type=\"section\">\n\t\t\t\t\t\t<div class=\"elementor-container elementor-column-gap-default\">\n\t\t\t\t\t<div class=\"elementor-column elementor-col-100 elementor-top-column elementor-element elementor-element-fa9848a\" data-id=\"fa9848a\" data-element_type=\"column\" data-e-type=\"column\" data-settings=\"{&quot;background_background&quot;:&quot;classic&quot;}\">\n\t\t\t<div class=\"elementor-widget-wrap elementor-element-populated\">\n\t\t\t\t\t\t<div class=\"elementor-element elementor-element-528287c elementor-widget elementor-widget-image\" data-id=\"528287c\" data-element_type=\"widget\" data-e-type=\"widget\" data-widget_type=\"image.default\">\n\t\t\t\t<div class=\"elementor-widget-container\">\n\t\t\t\t\t\t\t\t\t\t\t\t\t\t\t<img fetchpriority=\"high\" decoding=\"async\" width=\"800\" height=\"352\" src=\"https:\/\/www.iobeya.com\/wp-content\/uploads\/2023\/02\/image-141-b-2@3x-1024x450.webp\" class=\"attachment-large size-large wp-image-18806\" alt=\"\" srcset=\"https:\/\/www.iobeya.com\/wp-content\/uploads\/2023\/02\/image-141-b-2@3x-1024x450.webp 1024w, https:\/\/www.iobeya.com\/wp-content\/uploads\/2023\/02\/image-141-b-2@3x-300x132.webp 300w, https:\/\/www.iobeya.com\/wp-content\/uploads\/2023\/02\/image-141-b-2@3x-768x337.webp 768w, https:\/\/www.iobeya.com\/wp-content\/uploads\/2023\/02\/image-141-b-2@3x-1536x675.webp 1536w, https:\/\/www.iobeya.com\/wp-content\/uploads\/2023\/02\/image-141-b-2@3x.webp 1584w\" sizes=\"(max-width: 800px) 100vw, 800px\" \/>\t\t\t\t\t\t\t\t\t\t\t\t\t\t\t<\/div>\n\t\t\t\t<\/div>\n\t\t\t\t\t<\/div>\n\t\t<\/div>\n\t\t\t\t\t<\/div>\n\t\t<\/section>\n\t\t\t\t<section class=\"elementor-section elementor-top-section elementor-element elementor-element-60120d3 elementor-section-boxed elementor-section-height-default elementor-section-height-default\" data-id=\"60120d3\" data-element_type=\"section\" data-e-type=\"section\">\n\t\t\t\t\t\t<div class=\"elementor-container elementor-column-gap-default\">\n\t\t\t\t\t<div class=\"elementor-column elementor-col-100 elementor-top-column elementor-element elementor-element-d0ebc0a\" data-id=\"d0ebc0a\" data-element_type=\"column\" data-e-type=\"column\">\n\t\t\t<div class=\"elementor-widget-wrap elementor-element-populated\">\n\t\t\t\t\t\t<div class=\"elementor-element elementor-element-9903387 elementor-widget elementor-widget-text-editor\" data-id=\"9903387\" data-element_type=\"widget\" data-e-type=\"widget\" data-widget_type=\"text-editor.default\">\n\t\t\t\t<div class=\"elementor-widget-container\">\n\t\t\t\t\t\t\t\t\t<p>Vous souhaitez en savoir plus? <br>D\u00e9couvrez <a href=\"https:\/\/www.iobeya.com\/fr\/clients\/\" style=\"background-color: rgb(255, 255, 255);\">les t\u00e9moignages clients et partenaires iObeya<\/a>.<\/p>\n<p>\nT\u00e9l\u00e9chargez <a href=\"https:\/\/5912198.fs1.hubspotusercontent-na1.net\/hubfs\/5912198\/Forrester\/Sanofi%20x%20Forrester%20-%20Total%20Economic%20Impact%20du%20Syst%C3%A8me%20de%20Management%20Visuel%20iObeya.pdf\" rel=\"noopener\" target=\"_blank\">l&rsquo;\u00e9tude Forrester Total Economic Impact sur Sanofi x iObeya<\/a><br>\net <a href=\"https:\/\/5912198.fs1.hubspotusercontent-na1.net\/hubfs\/5912198\/Forrester\/Sanofi%20x%20Forrester%20TEI%20-%20Infographic%20iObeya.pdf\" rel=\"noopener\" target=\"_blank\">son infographie.<\/a>.<\/p>\t\t\t\t\t\t\t\t<\/div>\n\t\t\t\t<\/div>\n\t\t\t\t\t<\/div>\n\t\t<\/div>\n\t\t\t\t\t<\/div>\n\t\t<\/section>\n\t\t\t\t<section class=\"elementor-section elementor-top-section elementor-element elementor-element-f74f92c elementor-section-boxed elementor-section-height-default elementor-section-height-default\" data-id=\"f74f92c\" data-element_type=\"section\" data-e-type=\"section\">\n\t\t\t\t\t\t<div class=\"elementor-container elementor-column-gap-default\">\n\t\t\t\t\t<div class=\"elementor-column elementor-col-50 elementor-top-column elementor-element elementor-element-faa3b4e\" data-id=\"faa3b4e\" data-element_type=\"column\" data-e-type=\"column\">\n\t\t\t<div class=\"elementor-widget-wrap elementor-element-populated\">\n\t\t\t\t\t\t<div class=\"elementor-element elementor-element-3dafbc6 elementor-widget elementor-widget-text-editor\" data-id=\"3dafbc6\" data-element_type=\"widget\" data-e-type=\"widget\" data-widget_type=\"text-editor.default\">\n\t\t\t\t<div class=\"elementor-widget-container\">\n\t\t\t\t\t\t\t\t\tAcc\u00e9l\u00e9rez vos transformations Lean et Agile avec la solution iObeya\u200b\n\t\t\t\t\t\t\t\t<\/div>\n\t\t\t\t<\/div>\n\t\t\t\t<div class=\"elementor-element elementor-element-e3f0a24 elementor-tablet_extra-align-left elementor-mobile-align-left elementor-widget elementor-widget-button\" data-id=\"e3f0a24\" data-element_type=\"widget\" data-e-type=\"widget\" data-widget_type=\"button.default\">\n\t\t\t\t<div class=\"elementor-widget-container\">\n\t\t\t\t\t\t\t\t\t<div class=\"elementor-button-wrapper\">\n\t\t\t\t\t<a class=\"elementor-button elementor-button-link elementor-size-sm\" href=\"https:\/\/www.iobeya.com\/fr\/clients\/\">\n\t\t\t\t\t\t<span class=\"elementor-button-content-wrapper\">\n\t\t\t\t\t\t<span class=\"elementor-button-icon\">\n\t\t\t\t<svg xmlns=\"http:\/\/www.w3.org\/2000\/svg\" width=\"16\" height=\"17\" viewBox=\"0 0 16 17\" fill=\"none\"><path d=\"M3.333 8.5h9.334M8 3.833 12.667 8.5 8 13.167\" stroke=\"#0462FF\" stroke-width=\"2\" stroke-linecap=\"round\" stroke-linejoin=\"round\"><\/path><\/svg>\t\t\t<\/span>\n\t\t\t\t\t\t\t\t\t<span class=\"elementor-button-text\">Ils nous font confiance. D\u00e9couvrez leurs t\u00e9moignages<\/span>\n\t\t\t\t\t<\/span>\n\t\t\t\t\t<\/a>\n\t\t\t\t<\/div>\n\t\t\t\t\t\t\t\t<\/div>\n\t\t\t\t<\/div>\n\t\t\t\t\t<\/div>\n\t\t<\/div>\n\t\t\t\t<div class=\"elementor-column elementor-col-50 elementor-top-column elementor-element elementor-element-42be3f3\" data-id=\"42be3f3\" data-element_type=\"column\" data-e-type=\"column\">\n\t\t\t<div class=\"elementor-widget-wrap elementor-element-populated\">\n\t\t\t\t\t\t<div class=\"elementor-element elementor-element-e9343c9 elementor-widget__width-auto elementor-widget-mobile__width-inherit elementor-invisible elementor-widget elementor-widget-image\" data-id=\"e9343c9\" data-element_type=\"widget\" data-e-type=\"widget\" data-settings=\"{&quot;_animation&quot;:&quot;fadeInUp&quot;,&quot;_animation_delay&quot;:0}\" data-widget_type=\"image.default\">\n\t\t\t\t<div class=\"elementor-widget-container\">\n\t\t\t\t\t\t\t\t\t\t\t\t\t\t\t<img decoding=\"async\" width=\"150\" height=\"28\" src=\"https:\/\/www.iobeya.com\/wp-content\/uploads\/2022\/11\/Airbus_Logo_2017-logo.svg\" class=\"attachment-thumbnail size-thumbnail wp-image-14125\" alt=\"\" \/>\t\t\t\t\t\t\t\t\t\t\t\t\t\t\t<\/div>\n\t\t\t\t<\/div>\n\t\t\t\t<div class=\"elementor-element elementor-element-2bf97b0 elementor-widget__width-auto elementor-widget-mobile__width-inherit elementor-invisible elementor-widget elementor-widget-image\" data-id=\"2bf97b0\" data-element_type=\"widget\" data-e-type=\"widget\" data-settings=\"{&quot;_animation&quot;:&quot;fadeInUp&quot;,&quot;_animation_delay&quot;:100}\" data-widget_type=\"image.default\">\n\t\t\t\t<div class=\"elementor-widget-container\">\n\t\t\t\t\t\t\t\t\t\t\t\t\t\t\t<img decoding=\"async\" src=\"https:\/\/www.iobeya.com\/wp-content\/uploads\/2022\/11\/Sanofi-logo.svg\" title=\"Sanofi logo\" alt=\"Sanofi logo\" loading=\"lazy\" \/>\t\t\t\t\t\t\t\t\t\t\t\t\t\t\t<\/div>\n\t\t\t\t<\/div>\n\t\t\t\t<div class=\"elementor-element elementor-element-83f76a8 elementor-widget__width-auto elementor-widget-mobile__width-inherit elementor-invisible elementor-widget elementor-widget-image\" data-id=\"83f76a8\" data-element_type=\"widget\" data-e-type=\"widget\" data-settings=\"{&quot;_animation&quot;:&quot;fadeInUp&quot;,&quot;_animation_delay&quot;:200}\" data-widget_type=\"image.default\">\n\t\t\t\t<div class=\"elementor-widget-container\">\n\t\t\t\t\t\t\t\t\t\t\t\t\t\t\t<img decoding=\"async\" width=\"800\" height=\"139\" src=\"https:\/\/www.iobeya.com\/wp-content\/uploads\/2022\/11\/Siemens-logo.svg\" class=\"attachment-large size-large wp-image-14130\" alt=\"\" \/>\t\t\t\t\t\t\t\t\t\t\t\t\t\t\t<\/div>\n\t\t\t\t<\/div>\n\t\t\t\t<div class=\"elementor-element elementor-element-ef68208 elementor-widget__width-auto elementor-widget-mobile__width-inherit elementor-invisible elementor-widget elementor-widget-image\" data-id=\"ef68208\" data-element_type=\"widget\" data-e-type=\"widget\" data-settings=\"{&quot;_animation&quot;:&quot;fadeInUp&quot;,&quot;_animation_delay&quot;:200}\" data-widget_type=\"image.default\">\n\t\t\t\t<div class=\"elementor-widget-container\">\n\t\t\t\t\t\t\t\t\t\t\t\t\t\t\t<img loading=\"lazy\" decoding=\"async\" width=\"800\" height=\"112\" src=\"https:\/\/www.iobeya.com\/wp-content\/uploads\/2022\/11\/Thales_Logo-logo.svg\" class=\"attachment-large size-large wp-image-14132\" alt=\"\" \/>\t\t\t\t\t\t\t\t\t\t\t\t\t\t\t<\/div>\n\t\t\t\t<\/div>\n\t\t\t\t\t<\/div>\n\t\t<\/div>\n\t\t\t\t\t<\/div>\n\t\t<\/section>\n\t\t\t\t<\/div>\n\t\t","protected":false},"excerpt":{"rendered":"<p>Merci ! Vous souhaitez en savoir plus? D\u00e9couvrez les t\u00e9moignages clients et partenaires iObeya. T\u00e9l\u00e9chargez l&rsquo;\u00e9tude Forrester Total Economic Impact sur Sanofi x iObeya et son infographie.. Acc\u00e9l\u00e9rez vos transformations Lean et Agile avec la solution iObeya\u200b Ils nous font confiance. D\u00e9couvrez leurs t\u00e9moignages<\/p>\n","protected":false},"author":1,"featured_media":0,"parent":0,"menu_order":0,"comment_status":"closed","ping_status":"closed","template":"elementor_header_footer","meta":{"_acf_changed":false,"inline_featured_image":false,"__cvm_playback_settings":[],"__cvm_video_id":"","footnotes":""},"class_list":["post-18854","page","type-page","status-publish","hentry"],"acf":[],"yoast_head":"<!-- This site is optimized with the Yoast SEO plugin v27.0 - https:\/\/yoast.com\/product\/yoast-seo-wordpress\/ -->\n<title>Merci ! - iObeya<\/title>\n<meta name=\"robots\" content=\"noindex, nofollow\" \/>\n<meta property=\"og:locale\" content=\"fr_FR\" \/>\n<meta property=\"og:type\" content=\"article\" \/>\n<meta property=\"og:title\" content=\"Merci ! - iObeya\" \/>\n<meta property=\"og:description\" content=\"Merci ! Vous souhaitez en savoir plus? D\u00e9couvrez les t\u00e9moignages clients et partenaires iObeya. T\u00e9l\u00e9chargez l&rsquo;\u00e9tude Forrester Total Economic Impact sur Sanofi x iObeya et son infographie.. Acc\u00e9l\u00e9rez vos transformations Lean et Agile avec la solution iObeya\u200b Ils nous font confiance. D\u00e9couvrez leurs t\u00e9moignages\" \/>\n<meta property=\"og:url\" content=\"https:\/\/www.iobeya.com\/fr\/merci\/\" \/>\n<meta property=\"og:site_name\" content=\"iObeya\" \/>\n<meta property=\"article:modified_time\" content=\"2023-02-10T13:00:32+00:00\" \/>\n<meta property=\"og:image\" content=\"https:\/\/www.iobeya.com\/wp-content\/uploads\/2023\/02\/image-141-b-2@3x-1024x450.webp\" \/>\n<meta name=\"twitter:card\" content=\"summary_large_image\" \/>\n<script type=\"application\/ld+json\" class=\"yoast-schema-graph\">{\"@context\":\"https:\/\/schema.org\",\"@graph\":[{\"@type\":\"WebPage\",\"@id\":\"https:\/\/www.iobeya.com\/fr\/merci\/\",\"url\":\"https:\/\/www.iobeya.com\/fr\/merci\/\",\"name\":\"Merci ! - iObeya\",\"isPartOf\":{\"@id\":\"https:\/\/www.iobeya.com\/fr\/#website\"},\"primaryImageOfPage\":{\"@id\":\"https:\/\/www.iobeya.com\/fr\/merci\/#primaryimage\"},\"image\":{\"@id\":\"https:\/\/www.iobeya.com\/fr\/merci\/#primaryimage\"},\"thumbnailUrl\":\"https:\/\/www.iobeya.com\/wp-content\/uploads\/2023\/02\/image-141-b-2@3x-1024x450.webp\",\"datePublished\":\"2023-02-09T14:24:45+00:00\",\"dateModified\":\"2023-02-10T13:00:32+00:00\",\"breadcrumb\":{\"@id\":\"https:\/\/www.iobeya.com\/fr\/merci\/#breadcrumb\"},\"inLanguage\":\"fr-FR\",\"potentialAction\":[{\"@type\":\"ReadAction\",\"target\":[\"https:\/\/www.iobeya.com\/fr\/merci\/\"]}]},{\"@type\":\"ImageObject\",\"inLanguage\":\"fr-FR\",\"@id\":\"https:\/\/www.iobeya.com\/fr\/merci\/#primaryimage\",\"url\":\"https:\/\/www.iobeya.com\/wp-content\/uploads\/2023\/02\/image-141-b-2@3x-1024x450.webp\",\"contentUrl\":\"https:\/\/www.iobeya.com\/wp-content\/uploads\/2023\/02\/image-141-b-2@3x-1024x450.webp\"},{\"@type\":\"BreadcrumbList\",\"@id\":\"https:\/\/www.iobeya.com\/fr\/merci\/#breadcrumb\",\"itemListElement\":[{\"@type\":\"ListItem\",\"position\":1,\"name\":\"Home\",\"item\":\"https:\/\/www.iobeya.com\/fr\/\"},{\"@type\":\"ListItem\",\"position\":2,\"name\":\"Merci !\"}]},{\"@type\":\"WebSite\",\"@id\":\"https:\/\/www.iobeya.com\/fr\/#website\",\"url\":\"https:\/\/www.iobeya.com\/fr\/\",\"name\":\"iObeya\",\"description\":\"Un site utilisant WordPress\",\"publisher\":{\"@id\":\"https:\/\/www.iobeya.com\/fr\/#organization\"},\"potentialAction\":[{\"@type\":\"SearchAction\",\"target\":{\"@type\":\"EntryPoint\",\"urlTemplate\":\"https:\/\/www.iobeya.com\/fr\/?s={search_term_string}\"},\"query-input\":{\"@type\":\"PropertyValueSpecification\",\"valueRequired\":true,\"valueName\":\"search_term_string\"}}],\"inLanguage\":\"fr-FR\"},{\"@type\":\"Organization\",\"@id\":\"https:\/\/www.iobeya.com\/fr\/#organization\",\"name\":\"iObeya\",\"url\":\"https:\/\/www.iobeya.com\/fr\/\",\"logo\":{\"@type\":\"ImageObject\",\"inLanguage\":\"fr-FR\",\"@id\":\"https:\/\/www.iobeya.com\/fr\/#\/schema\/logo\/image\/\",\"url\":\"https:\/\/www.iobeya.com\/wp-content\/uploads\/2025\/10\/cropped-iOb-Logo-Black.png\",\"contentUrl\":\"https:\/\/www.iobeya.com\/wp-content\/uploads\/2025\/10\/cropped-iOb-Logo-Black.png\",\"width\":782,\"height\":192,\"caption\":\"iObeya\"},\"image\":{\"@id\":\"https:\/\/www.iobeya.com\/fr\/#\/schema\/logo\/image\/\"}}]}<\/script>\n<!-- \/ Yoast SEO plugin. -->","yoast_head_json":{"title":"Merci ! - iObeya","robots":{"index":"noindex","follow":"nofollow"},"og_locale":"fr_FR","og_type":"article","og_title":"Merci ! - iObeya","og_description":"Merci ! Vous souhaitez en savoir plus? D\u00e9couvrez les t\u00e9moignages clients et partenaires iObeya. T\u00e9l\u00e9chargez l&rsquo;\u00e9tude Forrester Total Economic Impact sur Sanofi x iObeya et son infographie.. Acc\u00e9l\u00e9rez vos transformations Lean et Agile avec la solution iObeya\u200b Ils nous font confiance. D\u00e9couvrez leurs t\u00e9moignages","og_url":"https:\/\/www.iobeya.com\/fr\/merci\/","og_site_name":"iObeya","article_modified_time":"2023-02-10T13:00:32+00:00","og_image":[{"url":"https:\/\/www.iobeya.com\/wp-content\/uploads\/2023\/02\/image-141-b-2@3x-1024x450.webp","type":"","width":"","height":""}],"twitter_card":"summary_large_image","schema":{"@context":"https:\/\/schema.org","@graph":[{"@type":"WebPage","@id":"https:\/\/www.iobeya.com\/fr\/merci\/","url":"https:\/\/www.iobeya.com\/fr\/merci\/","name":"Merci ! - iObeya","isPartOf":{"@id":"https:\/\/www.iobeya.com\/fr\/#website"},"primaryImageOfPage":{"@id":"https:\/\/www.iobeya.com\/fr\/merci\/#primaryimage"},"image":{"@id":"https:\/\/www.iobeya.com\/fr\/merci\/#primaryimage"},"thumbnailUrl":"https:\/\/www.iobeya.com\/wp-content\/uploads\/2023\/02\/image-141-b-2@3x-1024x450.webp","datePublished":"2023-02-09T14:24:45+00:00","dateModified":"2023-02-10T13:00:32+00:00","breadcrumb":{"@id":"https:\/\/www.iobeya.com\/fr\/merci\/#breadcrumb"},"inLanguage":"fr-FR","potentialAction":[{"@type":"ReadAction","target":["https:\/\/www.iobeya.com\/fr\/merci\/"]}]},{"@type":"ImageObject","inLanguage":"fr-FR","@id":"https:\/\/www.iobeya.com\/fr\/merci\/#primaryimage","url":"https:\/\/www.iobeya.com\/wp-content\/uploads\/2023\/02\/image-141-b-2@3x-1024x450.webp","contentUrl":"https:\/\/www.iobeya.com\/wp-content\/uploads\/2023\/02\/image-141-b-2@3x-1024x450.webp"},{"@type":"BreadcrumbList","@id":"https:\/\/www.iobeya.com\/fr\/merci\/#breadcrumb","itemListElement":[{"@type":"ListItem","position":1,"name":"Home","item":"https:\/\/www.iobeya.com\/fr\/"},{"@type":"ListItem","position":2,"name":"Merci !"}]},{"@type":"WebSite","@id":"https:\/\/www.iobeya.com\/fr\/#website","url":"https:\/\/www.iobeya.com\/fr\/","name":"iObeya","description":"Un site utilisant WordPress","publisher":{"@id":"https:\/\/www.iobeya.com\/fr\/#organization"},"potentialAction":[{"@type":"SearchAction","target":{"@type":"EntryPoint","urlTemplate":"https:\/\/www.iobeya.com\/fr\/?s={search_term_string}"},"query-input":{"@type":"PropertyValueSpecification","valueRequired":true,"valueName":"search_term_string"}}],"inLanguage":"fr-FR"},{"@type":"Organization","@id":"https:\/\/www.iobeya.com\/fr\/#organization","name":"iObeya","url":"https:\/\/www.iobeya.com\/fr\/","logo":{"@type":"ImageObject","inLanguage":"fr-FR","@id":"https:\/\/www.iobeya.com\/fr\/#\/schema\/logo\/image\/","url":"https:\/\/www.iobeya.com\/wp-content\/uploads\/2025\/10\/cropped-iOb-Logo-Black.png","contentUrl":"https:\/\/www.iobeya.com\/wp-content\/uploads\/2025\/10\/cropped-iOb-Logo-Black.png","width":782,"height":192,"caption":"iObeya"},"image":{"@id":"https:\/\/www.iobeya.com\/fr\/#\/schema\/logo\/image\/"}}]}},"_links":{"self":[{"href":"https:\/\/www.iobeya.com\/fr\/wp-json\/wp\/v2\/pages\/18854","targetHints":{"allow":["GET"]}}],"collection":[{"href":"https:\/\/www.iobeya.com\/fr\/wp-json\/wp\/v2\/pages"}],"about":[{"href":"https:\/\/www.iobeya.com\/fr\/wp-json\/wp\/v2\/types\/page"}],"author":[{"embeddable":true,"href":"https:\/\/www.iobeya.com\/fr\/wp-json\/wp\/v2\/users\/1"}],"replies":[{"embeddable":true,"href":"https:\/\/www.iobeya.com\/fr\/wp-json\/wp\/v2\/comments?post=18854"}],"version-history":[{"count":31,"href":"https:\/\/www.iobeya.com\/fr\/wp-json\/wp\/v2\/pages\/18854\/revisions"}],"predecessor-version":[{"id":18933,"href":"https:\/\/www.iobeya.com\/fr\/wp-json\/wp\/v2\/pages\/18854\/revisions\/18933"}],"wp:attachment":[{"href":"https:\/\/www.iobeya.com\/fr\/wp-json\/wp\/v2\/media?parent=18854"}],"curies":[{"name":"wp","href":"https:\/\/api.w.org\/{rel}","templated":true}]}}