{"id":23932,"date":"2023-05-03T10:39:46","date_gmt":"2023-05-03T08:39:46","guid":{"rendered":"https:\/\/www.iobeya.com\/?page_id=23932"},"modified":"2026-01-12T16:19:06","modified_gmt":"2026-01-12T15:19:06","slug":"support","status":"publish","type":"page","link":"https:\/\/www.iobeya.com\/fr\/support\/","title":{"rendered":"Support"},"content":{"rendered":"\t\t<div data-elementor-type=\"wp-page\" data-elementor-id=\"23932\" class=\"elementor elementor-23932 elementor-23907\" data-elementor-post-type=\"page\">\n\t\t\t\t<div class=\"elementor-element elementor-element-129a1d72 e-flex e-con-boxed e-con e-parent\" data-id=\"129a1d72\" data-element_type=\"container\" data-e-type=\"container\">\n\t\t\t\t\t<div class=\"e-con-inner\">\n\t\t\t\t<div class=\"elementor-element elementor-element-551fe547 elementor-widget elementor-widget-heading\" data-id=\"551fe547\" data-element_type=\"widget\" data-e-type=\"widget\" data-widget_type=\"heading.default\">\n\t\t\t\t<div class=\"elementor-widget-container\">\n\t\t\t\t\t<h1 class=\"elementor-heading-title elementor-size-default\">Besoin d'une Aide Technique ?<\/h1>\t\t\t\t<\/div>\n\t\t\t\t<\/div>\n\t\t\t\t<div class=\"elementor-element elementor-element-700c720a elementor-widget elementor-widget-text-editor\" data-id=\"700c720a\" data-element_type=\"widget\" data-e-type=\"widget\" data-widget_type=\"text-editor.default\">\n\t\t\t\t<div class=\"elementor-widget-container\">\n\t\t\t\t\t\t\t\t\t<p>Vous avez une question, un probl\u00e8me ou simplement besoin <br>d\u2019un conseil, notre \u00e9quipe support est l\u00e0 pour vous !<\/p>\t\t\t\t\t\t\t\t<\/div>\n\t\t\t\t<\/div>\n\t\t\t\t<div class=\"elementor-element elementor-element-6db99b8d elementor-widget elementor-widget-text-editor\" data-id=\"6db99b8d\" data-element_type=\"widget\" data-e-type=\"widget\" data-widget_type=\"text-editor.default\">\n\t\t\t\t<div class=\"elementor-widget-container\">\n\t\t\t\t\t\t\t\t\t<p>Vous pr\u00e9f\u00e9rez planifier une <a class=\"lien-need-tech\" href=\"https:\/\/www.iobeya.com\/request-a-demo\/\">d\u00e9mo<\/a> ?<\/p>\t\t\t\t\t\t\t\t<\/div>\n\t\t\t\t<\/div>\n\t\t\t\t\t<\/div>\n\t\t\t\t<\/div>\n\t\t<div class=\"elementor-element elementor-element-2877245d e-flex e-con-boxed e-con e-parent\" data-id=\"2877245d\" data-element_type=\"container\" data-e-type=\"container\">\n\t\t\t\t\t<div class=\"e-con-inner\">\n\t\t\t\t<div class=\"elementor-element elementor-element-224d27d0 elementor-widget elementor-widget-html\" data-id=\"224d27d0\" data-element_type=\"widget\" data-e-type=\"widget\" data-widget_type=\"html.default\">\n\t\t\t\t<div class=\"elementor-widget-container\">\n\t\t\t\t\t<script charset=\"utf-8\" type=\"text\/javascript\" src=\"\/\/js-eu1.hsforms.net\/forms\/embed\/v2.js\"><\/script>\r\n<script>\r\n  hbspt.forms.create({\r\n    portalId: \"5912198\",\r\n    formId: \"c365a853-cf80-41ae-9a98-8ef2a7f3606f\",\r\n    region: \"eu1\",\r\n    cssClass:'form_demo form_contacts form-support form_grey_bg form_need_tech'\r\n  });\r\n<\/script>\t\t\t\t<\/div>\n\t\t\t\t<\/div>\n\t\t\t\t\t<\/div>\n\t\t\t\t<\/div>\n\t\t<div class=\"elementor-element elementor-element-1bf81d4d rot_tech e-flex e-con-boxed e-con e-parent\" data-id=\"1bf81d4d\" data-element_type=\"container\" data-e-type=\"container\" data-settings=\"{&quot;background_background&quot;:&quot;classic&quot;}\">\n\t\t\t\t\t<div class=\"e-con-inner\">\n\t\t\t\t<div class=\"elementor-element elementor-element-74f02a1f elementor-widget__width-initial elementor-widget elementor-widget-heading\" data-id=\"74f02a1f\" data-element_type=\"widget\" data-e-type=\"widget\" data-widget_type=\"heading.default\">\n\t\t\t\t<div class=\"elementor-widget-container\">\n\t\t\t\t\t<h2 class=\"elementor-heading-title elementor-size-default\">Notre Resources Center vous guidera vers la r\u00e9ponse qu\u2019il vous faut.<\/h2>\t\t\t\t<\/div>\n\t\t\t\t<\/div>\n\t\t\t\t<div class=\"elementor-element elementor-element-4c945d76 elementor-align-center elementor-widget elementor-widget-button\" data-id=\"4c945d76\" data-element_type=\"widget\" data-e-type=\"widget\" data-widget_type=\"button.default\">\n\t\t\t\t<div class=\"elementor-widget-container\">\n\t\t\t\t\t\t\t\t\t<div class=\"elementor-button-wrapper\">\n\t\t\t\t\t<a class=\"elementor-button elementor-button-link elementor-size-sm\" href=\"https:\/\/center.iobeya.com\/fr\/\" target=\"_blank\">\n\t\t\t\t\t\t<span class=\"elementor-button-content-wrapper\">\n\t\t\t\t\t\t<span class=\"elementor-button-icon\">\n\t\t\t\t<svg xmlns=\"http:\/\/www.w3.org\/2000\/svg\" width=\"14\" height=\"14\" viewBox=\"0 0 14 14\" fill=\"none\"><g id=\"Icon color\"><path fill-rule=\"evenodd\" clip-rule=\"evenodd\" d=\"M0.333496 6.99967C0.333496 6.53944 0.706592 6.16634 1.16683 6.16634H12.8335C13.2937 6.16634 13.6668 6.53944 13.6668 6.99967C13.6668 7.45991 13.2937 7.83301 12.8335 7.83301H1.16683C0.706592 7.83301 0.333496 7.45991 0.333496 6.99967Z\" fill=\"white\"><\/path><path fill-rule=\"evenodd\" clip-rule=\"evenodd\" d=\"M6.41091 0.577086C6.73634 0.251649 7.26398 0.251649 7.58942 0.577086L13.4228 6.41042C13.7482 6.73586 13.7482 7.26349 13.4228 7.58893L7.58942 13.4223C7.26398 13.7477 6.73634 13.7477 6.41091 13.4223C6.08547 13.0968 6.08547 12.5692 6.41091 12.2438L11.655 6.99967L6.41091 1.7556C6.08547 1.43016 6.08547 0.902522 6.41091 0.577086Z\" fill=\"white\"><\/path><\/g><\/svg>\t\t\t<\/span>\n\t\t\t\t\t\t\t\t\t<span class=\"elementor-button-text\">Resource Center<\/span>\n\t\t\t\t\t<\/span>\n\t\t\t\t\t<\/a>\n\t\t\t\t<\/div>\n\t\t\t\t\t\t\t\t<\/div>\n\t\t\t\t<\/div>\n\t\t\t\t\t<\/div>\n\t\t\t\t<\/div>\n\t\t\t\t<\/div>\n\t\t","protected":false},"excerpt":{"rendered":"<p>Besoin d&rsquo;une Aide Technique ? Vous avez une question, un probl\u00e8me ou simplement besoin d\u2019un conseil, notre \u00e9quipe support est l\u00e0 pour vous ! Vous pr\u00e9f\u00e9rez planifier une d\u00e9mo ? Notre Resources Center vous guidera vers la r\u00e9ponse qu\u2019il vous faut. Resource Center<\/p>\n","protected":false},"author":1,"featured_media":0,"parent":0,"menu_order":0,"comment_status":"closed","ping_status":"closed","template":"elementor_header_footer","meta":{"_acf_changed":false,"inline_featured_image":false,"__cvm_playback_settings":[],"__cvm_video_id":"","footnotes":""},"class_list":["post-23932","page","type-page","status-publish","hentry"],"acf":[],"yoast_head":"<!-- This site is optimized with the Yoast SEO plugin v27.0 - https:\/\/yoast.com\/product\/yoast-seo-wordpress\/ -->\n<title>Support - iObeya<\/title>\n<meta name=\"robots\" content=\"index, follow, max-snippet:-1, max-image-preview:large, max-video-preview:-1\" \/>\n<link rel=\"canonical\" href=\"https:\/\/www.iobeya.com\/fr\/support\/\" \/>\n<meta property=\"og:locale\" content=\"fr_FR\" \/>\n<meta property=\"og:type\" content=\"article\" \/>\n<meta property=\"og:title\" content=\"Support - iObeya\" \/>\n<meta property=\"og:description\" content=\"Besoin d&rsquo;une Aide Technique ? Vous avez une question, un probl\u00e8me ou simplement besoin d\u2019un conseil, notre \u00e9quipe support est l\u00e0 pour vous ! Vous pr\u00e9f\u00e9rez planifier une d\u00e9mo ? Notre Resources Center vous guidera vers la r\u00e9ponse qu\u2019il vous faut. Resource Center\" \/>\n<meta property=\"og:url\" content=\"https:\/\/www.iobeya.com\/fr\/support\/\" \/>\n<meta property=\"og:site_name\" content=\"iObeya\" \/>\n<meta property=\"article:modified_time\" content=\"2026-01-12T15:19:06+00:00\" \/>\n<meta name=\"twitter:card\" content=\"summary_large_image\" \/>\n<script type=\"application\/ld+json\" class=\"yoast-schema-graph\">{\"@context\":\"https:\/\/schema.org\",\"@graph\":[{\"@type\":\"WebPage\",\"@id\":\"https:\/\/www.iobeya.com\/fr\/support\/\",\"url\":\"https:\/\/www.iobeya.com\/fr\/support\/\",\"name\":\"Support - iObeya\",\"isPartOf\":{\"@id\":\"https:\/\/www.iobeya.com\/fr\/#website\"},\"datePublished\":\"2023-05-03T08:39:46+00:00\",\"dateModified\":\"2026-01-12T15:19:06+00:00\",\"breadcrumb\":{\"@id\":\"https:\/\/www.iobeya.com\/fr\/support\/#breadcrumb\"},\"inLanguage\":\"fr-FR\",\"potentialAction\":[{\"@type\":\"ReadAction\",\"target\":[\"https:\/\/www.iobeya.com\/fr\/support\/\"]}]},{\"@type\":\"BreadcrumbList\",\"@id\":\"https:\/\/www.iobeya.com\/fr\/support\/#breadcrumb\",\"itemListElement\":[{\"@type\":\"ListItem\",\"position\":1,\"name\":\"Home\",\"item\":\"https:\/\/www.iobeya.com\/fr\/\"},{\"@type\":\"ListItem\",\"position\":2,\"name\":\"Support\"}]},{\"@type\":\"WebSite\",\"@id\":\"https:\/\/www.iobeya.com\/fr\/#website\",\"url\":\"https:\/\/www.iobeya.com\/fr\/\",\"name\":\"iObeya\",\"description\":\"Un site utilisant WordPress\",\"publisher\":{\"@id\":\"https:\/\/www.iobeya.com\/fr\/#organization\"},\"potentialAction\":[{\"@type\":\"SearchAction\",\"target\":{\"@type\":\"EntryPoint\",\"urlTemplate\":\"https:\/\/www.iobeya.com\/fr\/?s={search_term_string}\"},\"query-input\":{\"@type\":\"PropertyValueSpecification\",\"valueRequired\":true,\"valueName\":\"search_term_string\"}}],\"inLanguage\":\"fr-FR\"},{\"@type\":\"Organization\",\"@id\":\"https:\/\/www.iobeya.com\/fr\/#organization\",\"name\":\"iObeya\",\"url\":\"https:\/\/www.iobeya.com\/fr\/\",\"logo\":{\"@type\":\"ImageObject\",\"inLanguage\":\"fr-FR\",\"@id\":\"https:\/\/www.iobeya.com\/fr\/#\/schema\/logo\/image\/\",\"url\":\"https:\/\/www.iobeya.com\/wp-content\/uploads\/2025\/10\/cropped-iOb-Logo-Black.png\",\"contentUrl\":\"https:\/\/www.iobeya.com\/wp-content\/uploads\/2025\/10\/cropped-iOb-Logo-Black.png\",\"width\":782,\"height\":192,\"caption\":\"iObeya\"},\"image\":{\"@id\":\"https:\/\/www.iobeya.com\/fr\/#\/schema\/logo\/image\/\"}}]}<\/script>\n<!-- \/ Yoast SEO plugin. -->","yoast_head_json":{"title":"Support - iObeya","robots":{"index":"index","follow":"follow","max-snippet":"max-snippet:-1","max-image-preview":"max-image-preview:large","max-video-preview":"max-video-preview:-1"},"canonical":"https:\/\/www.iobeya.com\/fr\/support\/","og_locale":"fr_FR","og_type":"article","og_title":"Support - iObeya","og_description":"Besoin d&rsquo;une Aide Technique ? Vous avez une question, un probl\u00e8me ou simplement besoin d\u2019un conseil, notre \u00e9quipe support est l\u00e0 pour vous ! Vous pr\u00e9f\u00e9rez planifier une d\u00e9mo ? Notre Resources Center vous guidera vers la r\u00e9ponse qu\u2019il vous faut. Resource Center","og_url":"https:\/\/www.iobeya.com\/fr\/support\/","og_site_name":"iObeya","article_modified_time":"2026-01-12T15:19:06+00:00","twitter_card":"summary_large_image","schema":{"@context":"https:\/\/schema.org","@graph":[{"@type":"WebPage","@id":"https:\/\/www.iobeya.com\/fr\/support\/","url":"https:\/\/www.iobeya.com\/fr\/support\/","name":"Support - iObeya","isPartOf":{"@id":"https:\/\/www.iobeya.com\/fr\/#website"},"datePublished":"2023-05-03T08:39:46+00:00","dateModified":"2026-01-12T15:19:06+00:00","breadcrumb":{"@id":"https:\/\/www.iobeya.com\/fr\/support\/#breadcrumb"},"inLanguage":"fr-FR","potentialAction":[{"@type":"ReadAction","target":["https:\/\/www.iobeya.com\/fr\/support\/"]}]},{"@type":"BreadcrumbList","@id":"https:\/\/www.iobeya.com\/fr\/support\/#breadcrumb","itemListElement":[{"@type":"ListItem","position":1,"name":"Home","item":"https:\/\/www.iobeya.com\/fr\/"},{"@type":"ListItem","position":2,"name":"Support"}]},{"@type":"WebSite","@id":"https:\/\/www.iobeya.com\/fr\/#website","url":"https:\/\/www.iobeya.com\/fr\/","name":"iObeya","description":"Un site utilisant WordPress","publisher":{"@id":"https:\/\/www.iobeya.com\/fr\/#organization"},"potentialAction":[{"@type":"SearchAction","target":{"@type":"EntryPoint","urlTemplate":"https:\/\/www.iobeya.com\/fr\/?s={search_term_string}"},"query-input":{"@type":"PropertyValueSpecification","valueRequired":true,"valueName":"search_term_string"}}],"inLanguage":"fr-FR"},{"@type":"Organization","@id":"https:\/\/www.iobeya.com\/fr\/#organization","name":"iObeya","url":"https:\/\/www.iobeya.com\/fr\/","logo":{"@type":"ImageObject","inLanguage":"fr-FR","@id":"https:\/\/www.iobeya.com\/fr\/#\/schema\/logo\/image\/","url":"https:\/\/www.iobeya.com\/wp-content\/uploads\/2025\/10\/cropped-iOb-Logo-Black.png","contentUrl":"https:\/\/www.iobeya.com\/wp-content\/uploads\/2025\/10\/cropped-iOb-Logo-Black.png","width":782,"height":192,"caption":"iObeya"},"image":{"@id":"https:\/\/www.iobeya.com\/fr\/#\/schema\/logo\/image\/"}}]}},"_links":{"self":[{"href":"https:\/\/www.iobeya.com\/fr\/wp-json\/wp\/v2\/pages\/23932","targetHints":{"allow":["GET"]}}],"collection":[{"href":"https:\/\/www.iobeya.com\/fr\/wp-json\/wp\/v2\/pages"}],"about":[{"href":"https:\/\/www.iobeya.com\/fr\/wp-json\/wp\/v2\/types\/page"}],"author":[{"embeddable":true,"href":"https:\/\/www.iobeya.com\/fr\/wp-json\/wp\/v2\/users\/1"}],"replies":[{"embeddable":true,"href":"https:\/\/www.iobeya.com\/fr\/wp-json\/wp\/v2\/comments?post=23932"}],"version-history":[{"count":22,"href":"https:\/\/www.iobeya.com\/fr\/wp-json\/wp\/v2\/pages\/23932\/revisions"}],"predecessor-version":[{"id":64742,"href":"https:\/\/www.iobeya.com\/fr\/wp-json\/wp\/v2\/pages\/23932\/revisions\/64742"}],"wp:attachment":[{"href":"https:\/\/www.iobeya.com\/fr\/wp-json\/wp\/v2\/media?parent=23932"}],"curies":[{"name":"wp","href":"https:\/\/api.w.org\/{rel}","templated":true}]}}