{"id":37697,"date":"2024-05-30T16:21:30","date_gmt":"2024-05-30T14:21:30","guid":{"rendered":"https:\/\/www.iobeya.com\/?page_id=37697"},"modified":"2024-05-30T21:59:49","modified_gmt":"2024-05-30T19:59:49","slug":"iux-2024-indisponible","status":"publish","type":"page","link":"https:\/\/www.iobeya.com\/fr\/iux-2024-indisponible\/","title":{"rendered":"iUX 2024 &#8211; Indisponible"},"content":{"rendered":"\t\t<div data-elementor-type=\"wp-page\" data-elementor-id=\"37697\" class=\"elementor elementor-37697\" data-elementor-post-type=\"page\">\n\t\t\t\t\t\t<section class=\"elementor-section elementor-top-section elementor-element elementor-element-1498e9d2 elementor-section-boxed elementor-section-height-default elementor-section-height-default\" data-id=\"1498e9d2\" data-element_type=\"section\" data-e-type=\"section\">\n\t\t\t\t\t\t<div class=\"elementor-container elementor-column-gap-default\">\n\t\t\t\t\t<div class=\"elementor-column elementor-col-100 elementor-top-column elementor-element elementor-element-67502b44\" data-id=\"67502b44\" data-element_type=\"column\" data-e-type=\"column\">\n\t\t\t<div class=\"elementor-widget-wrap elementor-element-populated\">\n\t\t\t\t\t\t<section class=\"elementor-section elementor-inner-section elementor-element elementor-element-34cf69d9 elementor-section-boxed elementor-section-height-default elementor-section-height-default\" data-id=\"34cf69d9\" data-element_type=\"section\" data-e-type=\"section\">\n\t\t\t\t\t\t<div class=\"elementor-container elementor-column-gap-default\">\n\t\t\t\t\t<div class=\"elementor-column elementor-col-100 elementor-inner-column elementor-element elementor-element-3d956338\" data-id=\"3d956338\" data-element_type=\"column\" data-e-type=\"column\" data-settings=\"{&quot;background_background&quot;:&quot;classic&quot;}\">\n\t\t\t<div class=\"elementor-widget-wrap elementor-element-populated\">\n\t\t\t\t\t\t<div class=\"elementor-element elementor-element-644bcadd elementor-widget elementor-widget-heading\" data-id=\"644bcadd\" data-element_type=\"widget\" data-e-type=\"widget\" data-widget_type=\"heading.default\">\n\t\t\t\t<div class=\"elementor-widget-container\">\n\t\t\t\t\t<h2 class=\"elementor-heading-title elementor-size-default\">Merci pour votre r\u00e9ponse. <\/h2>\t\t\t\t<\/div>\n\t\t\t\t<\/div>\n\t\t\t\t<div class=\"elementor-element elementor-element-361be423 elementor-widget elementor-widget-text-editor\" data-id=\"361be423\" data-element_type=\"widget\" data-e-type=\"widget\" data-widget_type=\"text-editor.default\">\n\t\t\t\t<div class=\"elementor-widget-container\">\n\t\t\t\t\t\t\t\t\tNous sommes d\u00e9sol\u00e9s d&rsquo;apprendre que vous ne pourrez pas vous joindre \u00e0 nous. Nous esp\u00e9rons avoir l&rsquo;occasion de vous accueillir lors d&rsquo;un prochain \u00e9v\u00e9nement. <br\/>\u00c0 tr\u00e8s bient\u00f4t !\t\t\t\t\t\t\t\t<\/div>\n\t\t\t\t<\/div>\n\t\t\t\t<div class=\"elementor-element elementor-element-a061a52 elementor-widget elementor-widget-image\" data-id=\"a061a52\" data-element_type=\"widget\" data-e-type=\"widget\" data-widget_type=\"image.default\">\n\t\t\t\t<div class=\"elementor-widget-container\">\n\t\t\t\t\t\t\t\t\t\t\t\t\t\t\t<img fetchpriority=\"high\" decoding=\"async\" width=\"512\" height=\"512\" src=\"https:\/\/www.iobeya.com\/wp-content\/uploads\/2022\/08\/thanks-noloop.gif\" class=\"attachment-large size-large wp-image-10973\" alt=\"\" \/>\t\t\t\t\t\t\t\t\t\t\t\t\t\t\t<\/div>\n\t\t\t\t<\/div>\n\t\t\t\t\t<\/div>\n\t\t<\/div>\n\t\t\t\t\t<\/div>\n\t\t<\/section>\n\t\t\t\t\t<\/div>\n\t\t<\/div>\n\t\t\t\t\t<\/div>\n\t\t<\/section>\n\t\t\t\t<\/div>\n\t\t","protected":false},"excerpt":{"rendered":"<p>Merci pour votre r\u00e9ponse. Nous sommes d\u00e9sol\u00e9s d&rsquo;apprendre que vous ne pourrez pas vous joindre \u00e0 nous. Nous esp\u00e9rons avoir l&rsquo;occasion de vous accueillir lors d&rsquo;un prochain \u00e9v\u00e9nement. \u00c0 tr\u00e8s bient\u00f4t !<\/p>\n","protected":false},"author":1,"featured_media":0,"parent":0,"menu_order":0,"comment_status":"closed","ping_status":"closed","template":"elementor_header_footer","meta":{"_acf_changed":false,"inline_featured_image":false,"__cvm_playback_settings":[],"__cvm_video_id":"","footnotes":""},"class_list":["post-37697","page","type-page","status-publish","hentry"],"acf":[],"yoast_head":"<!-- This site is optimized with the Yoast SEO plugin v27.0 - https:\/\/yoast.com\/product\/yoast-seo-wordpress\/ -->\n<title>iUX 2024 - Indisponible - iObeya<\/title>\n<meta name=\"robots\" content=\"noindex, nofollow\" \/>\n<meta property=\"og:locale\" content=\"fr_FR\" \/>\n<meta property=\"og:type\" content=\"article\" \/>\n<meta property=\"og:title\" content=\"iUX 2024 - Indisponible - iObeya\" \/>\n<meta property=\"og:description\" content=\"Merci pour votre r\u00e9ponse. Nous sommes d\u00e9sol\u00e9s d&rsquo;apprendre que vous ne pourrez pas vous joindre \u00e0 nous. Nous esp\u00e9rons avoir l&rsquo;occasion de vous accueillir lors d&rsquo;un prochain \u00e9v\u00e9nement. \u00c0 tr\u00e8s bient\u00f4t !\" \/>\n<meta property=\"og:url\" content=\"https:\/\/www.iobeya.com\/fr\/iux-2024-indisponible\/\" \/>\n<meta property=\"og:site_name\" content=\"iObeya\" \/>\n<meta property=\"article:modified_time\" content=\"2024-05-30T19:59:49+00:00\" \/>\n<meta property=\"og:image\" content=\"https:\/\/www.iobeya.com\/wp-content\/uploads\/2022\/08\/thanks-noloop.gif\" \/>\n<meta name=\"twitter:card\" content=\"summary_large_image\" \/>\n<script type=\"application\/ld+json\" class=\"yoast-schema-graph\">{\"@context\":\"https:\/\/schema.org\",\"@graph\":[{\"@type\":\"WebPage\",\"@id\":\"https:\/\/www.iobeya.com\/fr\/iux-2024-indisponible\/\",\"url\":\"https:\/\/www.iobeya.com\/fr\/iux-2024-indisponible\/\",\"name\":\"iUX 2024 - Indisponible - iObeya\",\"isPartOf\":{\"@id\":\"https:\/\/www.iobeya.com\/fr\/#website\"},\"primaryImageOfPage\":{\"@id\":\"https:\/\/www.iobeya.com\/fr\/iux-2024-indisponible\/#primaryimage\"},\"image\":{\"@id\":\"https:\/\/www.iobeya.com\/fr\/iux-2024-indisponible\/#primaryimage\"},\"thumbnailUrl\":\"https:\/\/www.iobeya.com\/wp-content\/uploads\/2022\/08\/thanks-noloop.gif\",\"datePublished\":\"2024-05-30T14:21:30+00:00\",\"dateModified\":\"2024-05-30T19:59:49+00:00\",\"breadcrumb\":{\"@id\":\"https:\/\/www.iobeya.com\/fr\/iux-2024-indisponible\/#breadcrumb\"},\"inLanguage\":\"fr-FR\",\"potentialAction\":[{\"@type\":\"ReadAction\",\"target\":[\"https:\/\/www.iobeya.com\/fr\/iux-2024-indisponible\/\"]}]},{\"@type\":\"ImageObject\",\"inLanguage\":\"fr-FR\",\"@id\":\"https:\/\/www.iobeya.com\/fr\/iux-2024-indisponible\/#primaryimage\",\"url\":\"https:\/\/www.iobeya.com\/wp-content\/uploads\/2022\/08\/thanks-noloop.gif\",\"contentUrl\":\"https:\/\/www.iobeya.com\/wp-content\/uploads\/2022\/08\/thanks-noloop.gif\"},{\"@type\":\"BreadcrumbList\",\"@id\":\"https:\/\/www.iobeya.com\/fr\/iux-2024-indisponible\/#breadcrumb\",\"itemListElement\":[{\"@type\":\"ListItem\",\"position\":1,\"name\":\"Home\",\"item\":\"https:\/\/www.iobeya.com\/fr\/\"},{\"@type\":\"ListItem\",\"position\":2,\"name\":\"iUX 2024 &#8211; Indisponible\"}]},{\"@type\":\"WebSite\",\"@id\":\"https:\/\/www.iobeya.com\/fr\/#website\",\"url\":\"https:\/\/www.iobeya.com\/fr\/\",\"name\":\"iObeya\",\"description\":\"Un site utilisant WordPress\",\"publisher\":{\"@id\":\"https:\/\/www.iobeya.com\/fr\/#organization\"},\"potentialAction\":[{\"@type\":\"SearchAction\",\"target\":{\"@type\":\"EntryPoint\",\"urlTemplate\":\"https:\/\/www.iobeya.com\/fr\/?s={search_term_string}\"},\"query-input\":{\"@type\":\"PropertyValueSpecification\",\"valueRequired\":true,\"valueName\":\"search_term_string\"}}],\"inLanguage\":\"fr-FR\"},{\"@type\":\"Organization\",\"@id\":\"https:\/\/www.iobeya.com\/fr\/#organization\",\"name\":\"iObeya\",\"url\":\"https:\/\/www.iobeya.com\/fr\/\",\"logo\":{\"@type\":\"ImageObject\",\"inLanguage\":\"fr-FR\",\"@id\":\"https:\/\/www.iobeya.com\/fr\/#\/schema\/logo\/image\/\",\"url\":\"https:\/\/www.iobeya.com\/wp-content\/uploads\/2025\/10\/cropped-iOb-Logo-Black.png\",\"contentUrl\":\"https:\/\/www.iobeya.com\/wp-content\/uploads\/2025\/10\/cropped-iOb-Logo-Black.png\",\"width\":782,\"height\":192,\"caption\":\"iObeya\"},\"image\":{\"@id\":\"https:\/\/www.iobeya.com\/fr\/#\/schema\/logo\/image\/\"}}]}<\/script>\n<!-- \/ Yoast SEO plugin. -->","yoast_head_json":{"title":"iUX 2024 - Indisponible - iObeya","robots":{"index":"noindex","follow":"nofollow"},"og_locale":"fr_FR","og_type":"article","og_title":"iUX 2024 - Indisponible - iObeya","og_description":"Merci pour votre r\u00e9ponse. Nous sommes d\u00e9sol\u00e9s d&rsquo;apprendre que vous ne pourrez pas vous joindre \u00e0 nous. Nous esp\u00e9rons avoir l&rsquo;occasion de vous accueillir lors d&rsquo;un prochain \u00e9v\u00e9nement. \u00c0 tr\u00e8s bient\u00f4t !","og_url":"https:\/\/www.iobeya.com\/fr\/iux-2024-indisponible\/","og_site_name":"iObeya","article_modified_time":"2024-05-30T19:59:49+00:00","og_image":[{"url":"https:\/\/www.iobeya.com\/wp-content\/uploads\/2022\/08\/thanks-noloop.gif","type":"","width":"","height":""}],"twitter_card":"summary_large_image","schema":{"@context":"https:\/\/schema.org","@graph":[{"@type":"WebPage","@id":"https:\/\/www.iobeya.com\/fr\/iux-2024-indisponible\/","url":"https:\/\/www.iobeya.com\/fr\/iux-2024-indisponible\/","name":"iUX 2024 - Indisponible - iObeya","isPartOf":{"@id":"https:\/\/www.iobeya.com\/fr\/#website"},"primaryImageOfPage":{"@id":"https:\/\/www.iobeya.com\/fr\/iux-2024-indisponible\/#primaryimage"},"image":{"@id":"https:\/\/www.iobeya.com\/fr\/iux-2024-indisponible\/#primaryimage"},"thumbnailUrl":"https:\/\/www.iobeya.com\/wp-content\/uploads\/2022\/08\/thanks-noloop.gif","datePublished":"2024-05-30T14:21:30+00:00","dateModified":"2024-05-30T19:59:49+00:00","breadcrumb":{"@id":"https:\/\/www.iobeya.com\/fr\/iux-2024-indisponible\/#breadcrumb"},"inLanguage":"fr-FR","potentialAction":[{"@type":"ReadAction","target":["https:\/\/www.iobeya.com\/fr\/iux-2024-indisponible\/"]}]},{"@type":"ImageObject","inLanguage":"fr-FR","@id":"https:\/\/www.iobeya.com\/fr\/iux-2024-indisponible\/#primaryimage","url":"https:\/\/www.iobeya.com\/wp-content\/uploads\/2022\/08\/thanks-noloop.gif","contentUrl":"https:\/\/www.iobeya.com\/wp-content\/uploads\/2022\/08\/thanks-noloop.gif"},{"@type":"BreadcrumbList","@id":"https:\/\/www.iobeya.com\/fr\/iux-2024-indisponible\/#breadcrumb","itemListElement":[{"@type":"ListItem","position":1,"name":"Home","item":"https:\/\/www.iobeya.com\/fr\/"},{"@type":"ListItem","position":2,"name":"iUX 2024 &#8211; Indisponible"}]},{"@type":"WebSite","@id":"https:\/\/www.iobeya.com\/fr\/#website","url":"https:\/\/www.iobeya.com\/fr\/","name":"iObeya","description":"Un site utilisant WordPress","publisher":{"@id":"https:\/\/www.iobeya.com\/fr\/#organization"},"potentialAction":[{"@type":"SearchAction","target":{"@type":"EntryPoint","urlTemplate":"https:\/\/www.iobeya.com\/fr\/?s={search_term_string}"},"query-input":{"@type":"PropertyValueSpecification","valueRequired":true,"valueName":"search_term_string"}}],"inLanguage":"fr-FR"},{"@type":"Organization","@id":"https:\/\/www.iobeya.com\/fr\/#organization","name":"iObeya","url":"https:\/\/www.iobeya.com\/fr\/","logo":{"@type":"ImageObject","inLanguage":"fr-FR","@id":"https:\/\/www.iobeya.com\/fr\/#\/schema\/logo\/image\/","url":"https:\/\/www.iobeya.com\/wp-content\/uploads\/2025\/10\/cropped-iOb-Logo-Black.png","contentUrl":"https:\/\/www.iobeya.com\/wp-content\/uploads\/2025\/10\/cropped-iOb-Logo-Black.png","width":782,"height":192,"caption":"iObeya"},"image":{"@id":"https:\/\/www.iobeya.com\/fr\/#\/schema\/logo\/image\/"}}]}},"_links":{"self":[{"href":"https:\/\/www.iobeya.com\/fr\/wp-json\/wp\/v2\/pages\/37697","targetHints":{"allow":["GET"]}}],"collection":[{"href":"https:\/\/www.iobeya.com\/fr\/wp-json\/wp\/v2\/pages"}],"about":[{"href":"https:\/\/www.iobeya.com\/fr\/wp-json\/wp\/v2\/types\/page"}],"author":[{"embeddable":true,"href":"https:\/\/www.iobeya.com\/fr\/wp-json\/wp\/v2\/users\/1"}],"replies":[{"embeddable":true,"href":"https:\/\/www.iobeya.com\/fr\/wp-json\/wp\/v2\/comments?post=37697"}],"version-history":[{"count":8,"href":"https:\/\/www.iobeya.com\/fr\/wp-json\/wp\/v2\/pages\/37697\/revisions"}],"predecessor-version":[{"id":37760,"href":"https:\/\/www.iobeya.com\/fr\/wp-json\/wp\/v2\/pages\/37697\/revisions\/37760"}],"wp:attachment":[{"href":"https:\/\/www.iobeya.com\/fr\/wp-json\/wp\/v2\/media?parent=37697"}],"curies":[{"name":"wp","href":"https:\/\/api.w.org\/{rel}","templated":true}]}}