{"id":43684,"date":"2024-11-20T10:36:13","date_gmt":"2024-11-20T09:36:13","guid":{"rendered":"https:\/\/www.iobeya.com\/?page_id=43684"},"modified":"2024-11-25T13:01:28","modified_gmt":"2024-11-25T12:01:28","slug":"inscription-newsletter-confirmee","status":"publish","type":"page","link":"https:\/\/www.iobeya.com\/fr\/inscription-newsletter-confirmee\/","title":{"rendered":"Newsletter FR"},"content":{"rendered":"\t\t<div data-elementor-type=\"wp-page\" data-elementor-id=\"43684\" class=\"elementor elementor-43684 elementor-43675\" data-elementor-post-type=\"page\">\n\t\t\t\t<div class=\"elementor-element elementor-element-69588227 e-flex e-con-boxed e-con e-parent\" data-id=\"69588227\" data-element_type=\"container\" data-e-type=\"container\" data-settings=\"{&quot;background_background&quot;:&quot;classic&quot;}\">\n\t\t\t\t\t<div class=\"e-con-inner\">\n\t\t<div class=\"elementor-element elementor-element-3d156bea e-con-full e-flex e-con e-child\" data-id=\"3d156bea\" data-element_type=\"container\" data-e-type=\"container\">\n\t\t\t\t<div class=\"elementor-element elementor-element-688f6568 elementor-widget elementor-widget-image\" data-id=\"688f6568\" data-element_type=\"widget\" data-e-type=\"widget\" data-widget_type=\"image.default\">\n\t\t\t\t<div class=\"elementor-widget-container\">\n\t\t\t\t\t\t\t\t\t\t\t\t\t\t\t<img fetchpriority=\"high\" decoding=\"async\" width=\"476\" height=\"476\" src=\"https:\/\/www.iobeya.com\/wp-content\/uploads\/2024\/11\/Frame-40630-1.webp\" class=\"attachment-full size-full wp-image-43660\" alt=\"\" srcset=\"https:\/\/www.iobeya.com\/wp-content\/uploads\/2024\/11\/Frame-40630-1.webp 476w, https:\/\/www.iobeya.com\/wp-content\/uploads\/2024\/11\/Frame-40630-1-300x300.webp 300w, https:\/\/www.iobeya.com\/wp-content\/uploads\/2024\/11\/Frame-40630-1-150x150.webp 150w\" sizes=\"(max-width: 476px) 100vw, 476px\" \/>\t\t\t\t\t\t\t\t\t\t\t\t\t\t\t<\/div>\n\t\t\t\t<\/div>\n\t\t<div class=\"elementor-element elementor-element-445b3f47 e-con-full e-flex e-con e-child\" data-id=\"445b3f47\" data-element_type=\"container\" data-e-type=\"container\">\n\t\t\t\t<div class=\"elementor-element elementor-element-663515d3 elementor-widget elementor-widget-heading\" data-id=\"663515d3\" data-element_type=\"widget\" data-e-type=\"widget\" data-widget_type=\"heading.default\">\n\t\t\t\t<div class=\"elementor-widget-container\">\n\t\t\t\t\t<h1 class=\"elementor-heading-title elementor-size-default\">Votre inscription \u00e0 la newsletter <br>\nest confirm\u00e9e !\u00a0<\/h1>\t\t\t\t<\/div>\n\t\t\t\t<\/div>\n\t\t\t\t<\/div>\n\t\t\t\t<\/div>\n\t\t\t\t\t<\/div>\n\t\t\t\t<\/div>\n\t\t<div class=\"elementor-element elementor-element-1c2d2f6 e-flex e-con-boxed e-con e-parent\" data-id=\"1c2d2f6\" data-element_type=\"container\" data-e-type=\"container\">\n\t\t\t\t\t<div class=\"e-con-inner\">\n\t\t\t\t<div class=\"elementor-element elementor-element-84b0f3f elementor-widget elementor-widget-html\" data-id=\"84b0f3f\" data-element_type=\"widget\" data-e-type=\"widget\" data-widget_type=\"html.default\">\n\t\t\t\t<div class=\"elementor-widget-container\">\n\t\t\t\t\t\r\n\r\n<div class=\"logo_slider\">\r\n    <div class=\"logo_track\">\r\n        \r\n        \r\n        <div class='logo_slide'><img src='https:\/\/wwwpre.iobeya.com\/wp-content\/uploads\/2024\/10\/Logo-client-Couleurs-21.svg'><\/div>\r\n        <div class='logo_slide'><img src='https:\/\/wwwpre.iobeya.com\/wp-content\/uploads\/2024\/10\/Logo-client-Couleurs-1-2.svg'><\/div>\r\n<div class='logo_slide'><img src='https:\/\/wwwpre.iobeya.com\/wp-content\/uploads\/2024\/10\/Logo-client-Couleurs-2-2.svg'><\/div>\r\n<div class='logo_slide'><img src='https:\/\/wwwpre.iobeya.com\/wp-content\/uploads\/2024\/10\/Logo-client-Couleurs-3-2.svg'><\/div>\r\n<div class='logo_slide'><img src='https:\/\/wwwpre.iobeya.com\/wp-content\/uploads\/2024\/10\/Logo-client-Couleurs-4-2.svg'><\/div>\r\n<div class='logo_slide'><img src='https:\/\/wwwpre.iobeya.com\/wp-content\/uploads\/2024\/10\/Logo-client-Couleurs-5-2.svg'><\/div>\r\n<div class='logo_slide'><img src='https:\/\/wwwpre.iobeya.com\/wp-content\/uploads\/2024\/10\/Logo-client-Couleurs-6-2.svg'><\/div>\r\n<div class='logo_slide'><img src='https:\/\/wwwpre.iobeya.com\/wp-content\/uploads\/2024\/10\/Logo-client-Couleurs-7-2.svg'><\/div>\r\n<div class='logo_slide'><img src='https:\/\/wwwpre.iobeya.com\/wp-content\/uploads\/2024\/10\/Logo-client-Couleurs-19-2.svg'><\/div>\r\n<div class='logo_slide'><img src='https:\/\/wwwpre.iobeya.com\/wp-content\/uploads\/2024\/10\/Logo-client-Couleurs-9-2.svg'><\/div>\r\n<div class='logo_slide'><img src='https:\/\/wwwpre.iobeya.com\/wp-content\/uploads\/2024\/10\/Logo-client-Couleurs-10-2.svg'><\/div>\r\n<div class='logo_slide'><img src='https:\/\/wwwpre.iobeya.com\/wp-content\/uploads\/2024\/10\/Logo-client-Couleurs-11-2.svg'><\/div>\r\n<div class='logo_slide'><img src='https:\/\/wwwpre.iobeya.com\/wp-content\/uploads\/2024\/10\/Logo-client-Couleurs-12-2.svg'><\/div>\r\n<div class='logo_slide'><img src='https:\/\/wwwpre.iobeya.com\/wp-content\/uploads\/2024\/10\/Logo-client-Couleurs-13-2.svg'><\/div>\r\n<div class='logo_slide'><img src='https:\/\/wwwpre.iobeya.com\/wp-content\/uploads\/2024\/10\/Logo-client-Couleurs-14-2.svg'><\/div>\r\n<div class='logo_slide'><img src='https:\/\/wwwpre.iobeya.com\/wp-content\/uploads\/2024\/10\/Logo-client-Couleurs-15-2.svg'><\/div>\r\n<div class='logo_slide'><img src='https:\/\/wwwpre.iobeya.com\/wp-content\/uploads\/2024\/10\/Logo-client-Couleurs-16-2.svg'><\/div>\r\n<div class='logo_slide'><img src='https:\/\/wwwpre.iobeya.com\/wp-content\/uploads\/2024\/10\/Logo-client-Couleurs-17-2.svg'><\/div>\r\n<div class='logo_slide'><img src='https:\/\/wwwpre.iobeya.com\/wp-content\/uploads\/2024\/10\/Logo-client-Couleurs-18-2.svg'><\/div>\r\n<div class='logo_slide'><img src='https:\/\/wwwpre.iobeya.com\/wp-content\/uploads\/2024\/10\/Logo-client-Couleurs-8-2.svg'><\/div>\r\n\r\n\r\n<!--Copy of above-->\r\n    \r\n    <div class='logo_slide'><img src='https:\/\/wwwpre.iobeya.com\/wp-content\/uploads\/2024\/10\/Logo-client-Couleurs-21.svg'><\/div>\r\n    <div class='logo_slide'><img src='https:\/\/wwwpre.iobeya.com\/wp-content\/uploads\/2024\/10\/Logo-client-Couleurs-1-2.svg'><\/div>\r\n<div class='logo_slide'><img src='https:\/\/wwwpre.iobeya.com\/wp-content\/uploads\/2024\/10\/Logo-client-Couleurs-2-2.svg'><\/div>\r\n<div class='logo_slide'><img src='https:\/\/wwwpre.iobeya.com\/wp-content\/uploads\/2024\/10\/Logo-client-Couleurs-3-2.svg'><\/div>\r\n<div class='logo_slide'><img src='https:\/\/wwwpre.iobeya.com\/wp-content\/uploads\/2024\/10\/Logo-client-Couleurs-4-2.svg'><\/div>\r\n<div class='logo_slide'><img src='https:\/\/wwwpre.iobeya.com\/wp-content\/uploads\/2024\/10\/Logo-client-Couleurs-5-2.svg'><\/div>\r\n<div class='logo_slide'><img src='https:\/\/wwwpre.iobeya.com\/wp-content\/uploads\/2024\/10\/Logo-client-Couleurs-6-2.svg'><\/div>\r\n<div class='logo_slide'><img src='https:\/\/wwwpre.iobeya.com\/wp-content\/uploads\/2024\/10\/Logo-client-Couleurs-7-2.svg'><\/div>\r\n<div class='logo_slide'><img src='https:\/\/wwwpre.iobeya.com\/wp-content\/uploads\/2024\/10\/Logo-client-Couleurs-19-2.svg'><\/div>\r\n<div class='logo_slide'><img src='https:\/\/wwwpre.iobeya.com\/wp-content\/uploads\/2024\/10\/Logo-client-Couleurs-9-2.svg'><\/div>\r\n<div class='logo_slide'><img src='https:\/\/wwwpre.iobeya.com\/wp-content\/uploads\/2024\/10\/Logo-client-Couleurs-10-2.svg'><\/div>\r\n<div class='logo_slide'><img src='https:\/\/wwwpre.iobeya.com\/wp-content\/uploads\/2024\/10\/Logo-client-Couleurs-11-2.svg'><\/div>\r\n<div class='logo_slide'><img src='https:\/\/wwwpre.iobeya.com\/wp-content\/uploads\/2024\/10\/Logo-client-Couleurs-12-2.svg'><\/div>\r\n<div class='logo_slide'><img src='https:\/\/wwwpre.iobeya.com\/wp-content\/uploads\/2024\/10\/Logo-client-Couleurs-13-2.svg'><\/div>\r\n<div class='logo_slide'><img src='https:\/\/wwwpre.iobeya.com\/wp-content\/uploads\/2024\/10\/Logo-client-Couleurs-14-2.svg'><\/div>\r\n<div class='logo_slide'><img src='https:\/\/wwwpre.iobeya.com\/wp-content\/uploads\/2024\/10\/Logo-client-Couleurs-15-2.svg'><\/div>\r\n<div class='logo_slide'><img src='https:\/\/wwwpre.iobeya.com\/wp-content\/uploads\/2024\/10\/Logo-client-Couleurs-16-2.svg'><\/div>\r\n<div class='logo_slide'><img src='https:\/\/wwwpre.iobeya.com\/wp-content\/uploads\/2024\/10\/Logo-client-Couleurs-17-2.svg'><\/div>\r\n<div class='logo_slide'><img src='https:\/\/wwwpre.iobeya.com\/wp-content\/uploads\/2024\/10\/Logo-client-Couleurs-18-2.svg'><\/div>\r\n<div class='logo_slide'><img src='https:\/\/wwwpre.iobeya.com\/wp-content\/uploads\/2024\/10\/Logo-client-Couleurs-8-2.svg'><\/div>\r\n\r\n\r\n        \r\n    <\/div>\r\n    \r\n<\/div>\t\t\t\t<\/div>\n\t\t\t\t<\/div>\n\t\t\t\t\t<\/div>\n\t\t\t\t<\/div>\n\t\t<div class=\"elementor-element elementor-element-39d6d23f e-flex e-con-boxed e-con e-parent\" data-id=\"39d6d23f\" data-element_type=\"container\" data-e-type=\"container\">\n\t\t\t\t\t<div class=\"e-con-inner\">\n\t\t\t\t<div class=\"elementor-element elementor-element-f26722 elementor-widget elementor-widget-heading\" data-id=\"f26722\" data-element_type=\"widget\" data-e-type=\"widget\" data-widget_type=\"heading.default\">\n\t\t\t\t<div class=\"elementor-widget-container\">\n\t\t\t\t\t<h2 class=\"elementor-heading-title elementor-size-default\">Nous sommes ravis <br>\nde vous compter <span style=\"color:#2D6BFF\"> parmi nous<\/span>.<\/h2>\t\t\t\t<\/div>\n\t\t\t\t<\/div>\n\t\t\t\t<div class=\"elementor-element elementor-element-408c933c elementor-widget__width-initial elementor-widget-laptop__width-initial elementor-widget elementor-widget-text-editor\" data-id=\"408c933c\" data-element_type=\"widget\" data-e-type=\"widget\" data-widget_type=\"text-editor.default\">\n\t\t\t\t<div class=\"elementor-widget-container\">\n\t\t\t\t\t\t\t\t\tEn attendant notre prochaine newsletter, d\u00e9couvrez comment iObeya peut transformer votre collaboration et am\u00e9liorer vos performances en Lean Management. \t\t\t\t\t\t\t\t<\/div>\n\t\t\t\t<\/div>\n\t\t\t\t\t<\/div>\n\t\t\t\t<\/div>\n\t\t<div class=\"elementor-element elementor-element-438b4020 e-flex e-con-boxed e-con e-parent\" data-id=\"438b4020\" data-element_type=\"container\" data-e-type=\"container\">\n\t\t\t\t\t<div class=\"e-con-inner\">\n\t\t<div class=\"elementor-element elementor-element-753f6cf8 e-grid e-con-boxed e-con e-child\" data-id=\"753f6cf8\" data-element_type=\"container\" data-e-type=\"container\">\n\t\t\t\t\t<div class=\"e-con-inner\">\n\t\t<a class=\"elementor-element elementor-element-a7271b2 e-flex e-con-boxed e-con e-child\" data-id=\"a7271b2\" data-element_type=\"container\" data-e-type=\"container\" data-settings=\"{&quot;background_background&quot;:&quot;classic&quot;}\" href=\"https:\/\/www.iobeya.com\/fr\/blog\/\">\n\t\t\t\t\t<div class=\"e-con-inner\">\n\t\t\t\t<div class=\"elementor-element elementor-element-1b4737cb elementor-widget elementor-widget-heading\" data-id=\"1b4737cb\" data-element_type=\"widget\" data-e-type=\"widget\" data-widget_type=\"heading.default\">\n\t\t\t\t<div class=\"elementor-widget-container\">\n\t\t\t\t\t<h3 class=\"elementor-heading-title elementor-size-default\">Explorez le Lean, l'Agilit\u00e9<br>\net le Management Visuel<\/h3>\t\t\t\t<\/div>\n\t\t\t\t<\/div>\n\t\t\t\t\t<\/div>\n\t\t\t\t<\/a>\n\t\t<a class=\"elementor-element elementor-element-48ccd6c0 e-con-full e-flex e-con e-child\" data-id=\"48ccd6c0\" data-element_type=\"container\" data-e-type=\"container\" data-settings=\"{&quot;background_background&quot;:&quot;classic&quot;}\" href=\"https:\/\/www.iobeya.com\/fr\/fonctionnalites\/\">\n\t\t\t\t<div class=\"elementor-element elementor-element-31749e11 elementor-widget elementor-widget-heading\" data-id=\"31749e11\" data-element_type=\"widget\" data-e-type=\"widget\" data-widget_type=\"heading.default\">\n\t\t\t\t<div class=\"elementor-widget-container\">\n\t\t\t\t\t<h3 class=\"elementor-heading-title elementor-size-default\">D\u00e9couvrez les<br> \nfonctionnalit\u00e9s<\/h3>\t\t\t\t<\/div>\n\t\t\t\t<\/div>\n\t\t\t\t<\/a>\n\t\t<a class=\"elementor-element elementor-element-2bfc36a8 e-con-full e-flex e-con e-child\" data-id=\"2bfc36a8\" data-element_type=\"container\" data-e-type=\"container\" data-settings=\"{&quot;background_background&quot;:&quot;classic&quot;}\" href=\"https:\/\/www.iobeya.com\/fr\/evenements\/\">\n\t\t\t\t<div class=\"elementor-element elementor-element-7c19259c elementor-widget elementor-widget-heading\" data-id=\"7c19259c\" data-element_type=\"widget\" data-e-type=\"widget\" data-widget_type=\"heading.default\">\n\t\t\t\t<div class=\"elementor-widget-container\">\n\t\t\t\t\t<h3 class=\"elementor-heading-title elementor-size-default\">Nos \u00e9v\u00e9nements Lean<br> Management et Agiles<\/h3>\t\t\t\t<\/div>\n\t\t\t\t<\/div>\n\t\t\t\t<\/a>\n\t\t\t\t\t<\/div>\n\t\t\t\t<\/div>\n\t\t\t\t\t<\/div>\n\t\t\t\t<\/div>\n\t\t<div class=\"elementor-element elementor-element-285954b2 e-grid e-con-boxed e-con e-parent\" data-id=\"285954b2\" data-element_type=\"container\" data-e-type=\"container\" data-settings=\"{&quot;background_background&quot;:&quot;classic&quot;}\">\n\t\t\t\t\t<div class=\"e-con-inner\">\n\t\t<div class=\"elementor-element elementor-element-58a42baa e-con-full e-flex e-con e-child\" data-id=\"58a42baa\" data-element_type=\"container\" data-e-type=\"container\">\n\t\t\t\t<div class=\"elementor-element elementor-element-5be08254 elementor-widget elementor-widget-heading\" data-id=\"5be08254\" data-element_type=\"widget\" data-e-type=\"widget\" data-widget_type=\"heading.default\">\n\t\t\t\t<div class=\"elementor-widget-container\">\n\t\t\t\t\t<h2 class=\"elementor-heading-title elementor-size-default\">Envie d\u2019explorer la solution ? <br>\nCommencez avec iObeya d\u00e8s aujourd\u2019hui ! <\/h2>\t\t\t\t<\/div>\n\t\t\t\t<\/div>\n\t\t\t\t<div class=\"elementor-element elementor-element-4f0ab546 elementor-align-center elementor-widget elementor-widget-button\" data-id=\"4f0ab546\" data-element_type=\"widget\" data-e-type=\"widget\" data-widget_type=\"button.default\">\n\t\t\t\t<div class=\"elementor-widget-container\">\n\t\t\t\t\t\t\t\t\t<div class=\"elementor-button-wrapper\">\n\t\t\t\t\t<a class=\"elementor-button elementor-button-link elementor-size-sm\" href=\"\/fr\/request-a-demo\/\">\n\t\t\t\t\t\t<span class=\"elementor-button-content-wrapper\">\n\t\t\t\t\t\t<span class=\"elementor-button-icon\">\n\t\t\t\t<i aria-hidden=\"true\" class=\"fas fa-arrow-right\"><\/i>\t\t\t<\/span>\n\t\t\t\t\t\t\t\t\t<span class=\"elementor-button-text\">R\u00e9servez une d\u00e9mo<\/span>\n\t\t\t\t\t<\/span>\n\t\t\t\t\t<\/a>\n\t\t\t\t<\/div>\n\t\t\t\t\t\t\t\t<\/div>\n\t\t\t\t<\/div>\n\t\t\t\t<\/div>\n\t\t\t\t\t<\/div>\n\t\t\t\t<\/div>\n\t\t\t\t<\/div>\n\t\t","protected":false},"excerpt":{"rendered":"<p>Votre inscription \u00e0 la newsletter est confirm\u00e9e !\u00a0 Nous sommes ravis de vous compter parmi nous. En attendant notre prochaine newsletter, d\u00e9couvrez comment iObeya peut transformer votre collaboration et am\u00e9liorer vos performances en Lean Management. Explorez le Lean, l&rsquo;Agilit\u00e9 et le Management Visuel D\u00e9couvrez les fonctionnalit\u00e9s Nos \u00e9v\u00e9nements Lean Management et Agiles Envie d\u2019explorer la [&hellip;]<\/p>\n","protected":false},"author":20,"featured_media":0,"parent":0,"menu_order":0,"comment_status":"closed","ping_status":"closed","template":"elementor_header_footer","meta":{"_acf_changed":false,"inline_featured_image":false,"__cvm_playback_settings":[],"__cvm_video_id":"","footnotes":""},"class_list":["post-43684","page","type-page","status-publish","hentry"],"acf":[],"yoast_head":"<!-- This site is optimized with the Yoast SEO plugin v27.0 - https:\/\/yoast.com\/product\/yoast-seo-wordpress\/ -->\n<title>Newsletter FR - iObeya<\/title>\n<meta name=\"robots\" content=\"index, follow, max-snippet:-1, max-image-preview:large, max-video-preview:-1\" \/>\n<link rel=\"canonical\" href=\"https:\/\/www.iobeya.com\/fr\/inscription-newsletter-confirmee\/\" \/>\n<meta property=\"og:locale\" content=\"fr_FR\" \/>\n<meta property=\"og:type\" content=\"article\" \/>\n<meta property=\"og:title\" content=\"Newsletter FR - iObeya\" \/>\n<meta property=\"og:description\" content=\"Votre inscription \u00e0 la newsletter est confirm\u00e9e !\u00a0 Nous sommes ravis de vous compter parmi nous. En attendant notre prochaine newsletter, d\u00e9couvrez comment iObeya peut transformer votre collaboration et am\u00e9liorer vos performances en Lean Management. Explorez le Lean, l&rsquo;Agilit\u00e9 et le Management Visuel D\u00e9couvrez les fonctionnalit\u00e9s Nos \u00e9v\u00e9nements Lean Management et Agiles Envie d\u2019explorer la [&hellip;]\" \/>\n<meta property=\"og:url\" content=\"https:\/\/www.iobeya.com\/fr\/inscription-newsletter-confirmee\/\" \/>\n<meta property=\"og:site_name\" content=\"iObeya\" \/>\n<meta property=\"article:modified_time\" content=\"2024-11-25T12:01:28+00:00\" \/>\n<meta property=\"og:image\" content=\"https:\/\/www.iobeya.com\/wp-content\/uploads\/2024\/11\/Frame-40630-1.webp\" \/>\n\t<meta property=\"og:image:width\" content=\"476\" \/>\n\t<meta property=\"og:image:height\" content=\"476\" \/>\n\t<meta property=\"og:image:type\" content=\"image\/webp\" \/>\n<meta name=\"twitter:card\" content=\"summary_large_image\" \/>\n<script type=\"application\/ld+json\" class=\"yoast-schema-graph\">{\"@context\":\"https:\/\/schema.org\",\"@graph\":[{\"@type\":\"WebPage\",\"@id\":\"https:\/\/www.iobeya.com\/fr\/inscription-newsletter-confirmee\/\",\"url\":\"https:\/\/www.iobeya.com\/fr\/inscription-newsletter-confirmee\/\",\"name\":\"Newsletter FR - iObeya\",\"isPartOf\":{\"@id\":\"https:\/\/www.iobeya.com\/fr\/#website\"},\"primaryImageOfPage\":{\"@id\":\"https:\/\/www.iobeya.com\/fr\/inscription-newsletter-confirmee\/#primaryimage\"},\"image\":{\"@id\":\"https:\/\/www.iobeya.com\/fr\/inscription-newsletter-confirmee\/#primaryimage\"},\"thumbnailUrl\":\"https:\/\/www.iobeya.com\/wp-content\/uploads\/2024\/11\/Frame-40630-1.webp\",\"datePublished\":\"2024-11-20T09:36:13+00:00\",\"dateModified\":\"2024-11-25T12:01:28+00:00\",\"breadcrumb\":{\"@id\":\"https:\/\/www.iobeya.com\/fr\/inscription-newsletter-confirmee\/#breadcrumb\"},\"inLanguage\":\"fr-FR\",\"potentialAction\":[{\"@type\":\"ReadAction\",\"target\":[\"https:\/\/www.iobeya.com\/fr\/inscription-newsletter-confirmee\/\"]}]},{\"@type\":\"ImageObject\",\"inLanguage\":\"fr-FR\",\"@id\":\"https:\/\/www.iobeya.com\/fr\/inscription-newsletter-confirmee\/#primaryimage\",\"url\":\"https:\/\/www.iobeya.com\/wp-content\/uploads\/2024\/11\/Frame-40630-1.webp\",\"contentUrl\":\"https:\/\/www.iobeya.com\/wp-content\/uploads\/2024\/11\/Frame-40630-1.webp\"},{\"@type\":\"BreadcrumbList\",\"@id\":\"https:\/\/www.iobeya.com\/fr\/inscription-newsletter-confirmee\/#breadcrumb\",\"itemListElement\":[{\"@type\":\"ListItem\",\"position\":1,\"name\":\"Home\",\"item\":\"https:\/\/www.iobeya.com\/fr\/\"},{\"@type\":\"ListItem\",\"position\":2,\"name\":\"Newsletter FR\"}]},{\"@type\":\"WebSite\",\"@id\":\"https:\/\/www.iobeya.com\/fr\/#website\",\"url\":\"https:\/\/www.iobeya.com\/fr\/\",\"name\":\"iObeya\",\"description\":\"Un site utilisant WordPress\",\"publisher\":{\"@id\":\"https:\/\/www.iobeya.com\/fr\/#organization\"},\"potentialAction\":[{\"@type\":\"SearchAction\",\"target\":{\"@type\":\"EntryPoint\",\"urlTemplate\":\"https:\/\/www.iobeya.com\/fr\/?s={search_term_string}\"},\"query-input\":{\"@type\":\"PropertyValueSpecification\",\"valueRequired\":true,\"valueName\":\"search_term_string\"}}],\"inLanguage\":\"fr-FR\"},{\"@type\":\"Organization\",\"@id\":\"https:\/\/www.iobeya.com\/fr\/#organization\",\"name\":\"iObeya\",\"url\":\"https:\/\/www.iobeya.com\/fr\/\",\"logo\":{\"@type\":\"ImageObject\",\"inLanguage\":\"fr-FR\",\"@id\":\"https:\/\/www.iobeya.com\/fr\/#\/schema\/logo\/image\/\",\"url\":\"https:\/\/www.iobeya.com\/wp-content\/uploads\/2025\/10\/cropped-iOb-Logo-Black.png\",\"contentUrl\":\"https:\/\/www.iobeya.com\/wp-content\/uploads\/2025\/10\/cropped-iOb-Logo-Black.png\",\"width\":782,\"height\":192,\"caption\":\"iObeya\"},\"image\":{\"@id\":\"https:\/\/www.iobeya.com\/fr\/#\/schema\/logo\/image\/\"}}]}<\/script>\n<!-- \/ Yoast SEO plugin. -->","yoast_head_json":{"title":"Newsletter FR - iObeya","robots":{"index":"index","follow":"follow","max-snippet":"max-snippet:-1","max-image-preview":"max-image-preview:large","max-video-preview":"max-video-preview:-1"},"canonical":"https:\/\/www.iobeya.com\/fr\/inscription-newsletter-confirmee\/","og_locale":"fr_FR","og_type":"article","og_title":"Newsletter FR - iObeya","og_description":"Votre inscription \u00e0 la newsletter est confirm\u00e9e !\u00a0 Nous sommes ravis de vous compter parmi nous. En attendant notre prochaine newsletter, d\u00e9couvrez comment iObeya peut transformer votre collaboration et am\u00e9liorer vos performances en Lean Management. Explorez le Lean, l&rsquo;Agilit\u00e9 et le Management Visuel D\u00e9couvrez les fonctionnalit\u00e9s Nos \u00e9v\u00e9nements Lean Management et Agiles Envie d\u2019explorer la [&hellip;]","og_url":"https:\/\/www.iobeya.com\/fr\/inscription-newsletter-confirmee\/","og_site_name":"iObeya","article_modified_time":"2024-11-25T12:01:28+00:00","og_image":[{"width":476,"height":476,"url":"https:\/\/www.iobeya.com\/wp-content\/uploads\/2024\/11\/Frame-40630-1.webp","type":"image\/webp"}],"twitter_card":"summary_large_image","schema":{"@context":"https:\/\/schema.org","@graph":[{"@type":"WebPage","@id":"https:\/\/www.iobeya.com\/fr\/inscription-newsletter-confirmee\/","url":"https:\/\/www.iobeya.com\/fr\/inscription-newsletter-confirmee\/","name":"Newsletter FR - iObeya","isPartOf":{"@id":"https:\/\/www.iobeya.com\/fr\/#website"},"primaryImageOfPage":{"@id":"https:\/\/www.iobeya.com\/fr\/inscription-newsletter-confirmee\/#primaryimage"},"image":{"@id":"https:\/\/www.iobeya.com\/fr\/inscription-newsletter-confirmee\/#primaryimage"},"thumbnailUrl":"https:\/\/www.iobeya.com\/wp-content\/uploads\/2024\/11\/Frame-40630-1.webp","datePublished":"2024-11-20T09:36:13+00:00","dateModified":"2024-11-25T12:01:28+00:00","breadcrumb":{"@id":"https:\/\/www.iobeya.com\/fr\/inscription-newsletter-confirmee\/#breadcrumb"},"inLanguage":"fr-FR","potentialAction":[{"@type":"ReadAction","target":["https:\/\/www.iobeya.com\/fr\/inscription-newsletter-confirmee\/"]}]},{"@type":"ImageObject","inLanguage":"fr-FR","@id":"https:\/\/www.iobeya.com\/fr\/inscription-newsletter-confirmee\/#primaryimage","url":"https:\/\/www.iobeya.com\/wp-content\/uploads\/2024\/11\/Frame-40630-1.webp","contentUrl":"https:\/\/www.iobeya.com\/wp-content\/uploads\/2024\/11\/Frame-40630-1.webp"},{"@type":"BreadcrumbList","@id":"https:\/\/www.iobeya.com\/fr\/inscription-newsletter-confirmee\/#breadcrumb","itemListElement":[{"@type":"ListItem","position":1,"name":"Home","item":"https:\/\/www.iobeya.com\/fr\/"},{"@type":"ListItem","position":2,"name":"Newsletter FR"}]},{"@type":"WebSite","@id":"https:\/\/www.iobeya.com\/fr\/#website","url":"https:\/\/www.iobeya.com\/fr\/","name":"iObeya","description":"Un site utilisant WordPress","publisher":{"@id":"https:\/\/www.iobeya.com\/fr\/#organization"},"potentialAction":[{"@type":"SearchAction","target":{"@type":"EntryPoint","urlTemplate":"https:\/\/www.iobeya.com\/fr\/?s={search_term_string}"},"query-input":{"@type":"PropertyValueSpecification","valueRequired":true,"valueName":"search_term_string"}}],"inLanguage":"fr-FR"},{"@type":"Organization","@id":"https:\/\/www.iobeya.com\/fr\/#organization","name":"iObeya","url":"https:\/\/www.iobeya.com\/fr\/","logo":{"@type":"ImageObject","inLanguage":"fr-FR","@id":"https:\/\/www.iobeya.com\/fr\/#\/schema\/logo\/image\/","url":"https:\/\/www.iobeya.com\/wp-content\/uploads\/2025\/10\/cropped-iOb-Logo-Black.png","contentUrl":"https:\/\/www.iobeya.com\/wp-content\/uploads\/2025\/10\/cropped-iOb-Logo-Black.png","width":782,"height":192,"caption":"iObeya"},"image":{"@id":"https:\/\/www.iobeya.com\/fr\/#\/schema\/logo\/image\/"}}]}},"_links":{"self":[{"href":"https:\/\/www.iobeya.com\/fr\/wp-json\/wp\/v2\/pages\/43684","targetHints":{"allow":["GET"]}}],"collection":[{"href":"https:\/\/www.iobeya.com\/fr\/wp-json\/wp\/v2\/pages"}],"about":[{"href":"https:\/\/www.iobeya.com\/fr\/wp-json\/wp\/v2\/types\/page"}],"author":[{"embeddable":true,"href":"https:\/\/www.iobeya.com\/fr\/wp-json\/wp\/v2\/users\/20"}],"replies":[{"embeddable":true,"href":"https:\/\/www.iobeya.com\/fr\/wp-json\/wp\/v2\/comments?post=43684"}],"version-history":[{"count":13,"href":"https:\/\/www.iobeya.com\/fr\/wp-json\/wp\/v2\/pages\/43684\/revisions"}],"predecessor-version":[{"id":43807,"href":"https:\/\/www.iobeya.com\/fr\/wp-json\/wp\/v2\/pages\/43684\/revisions\/43807"}],"wp:attachment":[{"href":"https:\/\/www.iobeya.com\/fr\/wp-json\/wp\/v2\/media?parent=43684"}],"curies":[{"name":"wp","href":"https:\/\/api.w.org\/{rel}","templated":true}]}}