{"id":50673,"date":"2025-05-02T10:58:26","date_gmt":"2025-05-02T08:58:26","guid":{"rendered":"https:\/\/www.iobeya.com\/?page_id=50673"},"modified":"2025-05-02T11:03:23","modified_gmt":"2025-05-02T09:03:23","slug":"confirmation-iux-journee-soiree","status":"publish","type":"page","link":"https:\/\/www.iobeya.com\/fr\/confirmation-iux-journee-soiree\/","title":{"rendered":"Confirmation iUX \u2013 Journ\u00e9e \/ Soir\u00e9e"},"content":{"rendered":"\t\t<div data-elementor-type=\"wp-page\" data-elementor-id=\"50673\" class=\"elementor elementor-50673\" data-elementor-post-type=\"page\">\n\t\t\t\t\t\t<section class=\"elementor-section elementor-top-section elementor-element elementor-element-264aad7 elementor-section-boxed elementor-section-height-default elementor-section-height-default\" data-id=\"264aad7\" data-element_type=\"section\" data-e-type=\"section\">\n\t\t\t\t\t\t<div class=\"elementor-container elementor-column-gap-default\">\n\t\t\t\t\t<div class=\"elementor-column elementor-col-100 elementor-top-column elementor-element elementor-element-d893878\" data-id=\"d893878\" data-element_type=\"column\" data-e-type=\"column\">\n\t\t\t<div class=\"elementor-widget-wrap elementor-element-populated\">\n\t\t\t\t\t\t<section class=\"elementor-section elementor-inner-section elementor-element elementor-element-3203f59 elementor-section-boxed elementor-section-height-default elementor-section-height-default\" data-id=\"3203f59\" data-element_type=\"section\" data-e-type=\"section\">\n\t\t\t\t\t\t<div class=\"elementor-container elementor-column-gap-default\">\n\t\t\t\t\t<div class=\"elementor-column elementor-col-100 elementor-inner-column elementor-element elementor-element-50f2197\" data-id=\"50f2197\" data-element_type=\"column\" data-e-type=\"column\" data-settings=\"{&quot;background_background&quot;:&quot;classic&quot;}\">\n\t\t\t<div class=\"elementor-widget-wrap elementor-element-populated\">\n\t\t\t\t\t\t<div class=\"elementor-element elementor-element-08af80d elementor-widget elementor-widget-heading\" data-id=\"08af80d\" data-element_type=\"widget\" data-e-type=\"widget\" data-widget_type=\"heading.default\">\n\t\t\t\t<div class=\"elementor-widget-container\">\n\t\t\t\t\t<h2 class=\"elementor-heading-title elementor-size-default\">Merci pour votre confirmation ! <\/h2>\t\t\t\t<\/div>\n\t\t\t\t<\/div>\n\t\t\t\t<div class=\"elementor-element elementor-element-bd1f65c elementor-widget elementor-widget-text-editor\" data-id=\"bd1f65c\" data-element_type=\"widget\" data-e-type=\"widget\" data-widget_type=\"text-editor.default\">\n\t\t\t\t<div class=\"elementor-widget-container\">\n\t\t\t\t\t\t\t\t\t<p>Nous sommes impatients de vous accueillir \u00e0 l&rsquo;iUX le 12 juin 2025 pour une journ\u00e9e et une soir\u00e9e riches en d\u00e9couvertes et en \u00e9changes. <\/p>\t\t\t\t\t\t\t\t<\/div>\n\t\t\t\t<\/div>\n\t\t\t\t<div class=\"elementor-element elementor-element-b027640 elementor-widget elementor-widget-image\" data-id=\"b027640\" data-element_type=\"widget\" data-e-type=\"widget\" data-widget_type=\"image.default\">\n\t\t\t\t<div class=\"elementor-widget-container\">\n\t\t\t\t\t\t\t\t\t\t\t\t\t\t\t<img fetchpriority=\"high\" decoding=\"async\" width=\"512\" height=\"512\" src=\"https:\/\/www.iobeya.com\/wp-content\/uploads\/2022\/08\/thanks-noloop.gif\" class=\"attachment-large size-large wp-image-10973\" alt=\"\" \/>\t\t\t\t\t\t\t\t\t\t\t\t\t\t\t<\/div>\n\t\t\t\t<\/div>\n\t\t\t\t\t<\/div>\n\t\t<\/div>\n\t\t\t\t\t<\/div>\n\t\t<\/section>\n\t\t\t\t\t<\/div>\n\t\t<\/div>\n\t\t\t\t\t<\/div>\n\t\t<\/section>\n\t\t\t\t<\/div>\n\t\t","protected":false},"excerpt":{"rendered":"<p>Merci pour votre confirmation ! Nous sommes impatients de vous accueillir \u00e0 l&rsquo;iUX le 12 juin 2025 pour une journ\u00e9e et une soir\u00e9e riches en d\u00e9couvertes et en \u00e9changes.<\/p>\n","protected":false},"author":1,"featured_media":0,"parent":0,"menu_order":0,"comment_status":"closed","ping_status":"closed","template":"elementor_header_footer","meta":{"_acf_changed":false,"inline_featured_image":false,"__cvm_playback_settings":[],"__cvm_video_id":"","footnotes":""},"class_list":["post-50673","page","type-page","status-publish","hentry"],"acf":[],"yoast_head":"<!-- This site is optimized with the Yoast SEO plugin v27.0 - https:\/\/yoast.com\/product\/yoast-seo-wordpress\/ -->\n<title>Confirmation iUX \u2013 Journ\u00e9e \/ Soir\u00e9e - iObeya<\/title>\n<meta name=\"robots\" content=\"noindex, nofollow\" \/>\n<meta property=\"og:locale\" content=\"fr_FR\" \/>\n<meta property=\"og:type\" content=\"article\" \/>\n<meta property=\"og:title\" content=\"Confirmation iUX \u2013 Journ\u00e9e \/ Soir\u00e9e - iObeya\" \/>\n<meta property=\"og:description\" content=\"Merci pour votre confirmation ! Nous sommes impatients de vous accueillir \u00e0 l&rsquo;iUX le 12 juin 2025 pour une journ\u00e9e et une soir\u00e9e riches en d\u00e9couvertes et en \u00e9changes.\" \/>\n<meta property=\"og:url\" content=\"https:\/\/www.iobeya.com\/fr\/confirmation-iux-journee-soiree\/\" \/>\n<meta property=\"og:site_name\" content=\"iObeya\" \/>\n<meta property=\"article:modified_time\" content=\"2025-05-02T09:03:23+00:00\" \/>\n<meta property=\"og:image\" content=\"https:\/\/www.iobeya.com\/wp-content\/uploads\/2022\/08\/thanks-noloop.gif\" \/>\n\t<meta property=\"og:image:width\" content=\"512\" \/>\n\t<meta property=\"og:image:height\" content=\"512\" \/>\n\t<meta property=\"og:image:type\" content=\"image\/gif\" \/>\n<meta name=\"twitter:card\" content=\"summary_large_image\" \/>\n<script type=\"application\/ld+json\" class=\"yoast-schema-graph\">{\"@context\":\"https:\/\/schema.org\",\"@graph\":[{\"@type\":\"WebPage\",\"@id\":\"https:\/\/www.iobeya.com\/fr\/confirmation-iux-journee-soiree\/\",\"url\":\"https:\/\/www.iobeya.com\/fr\/confirmation-iux-journee-soiree\/\",\"name\":\"Confirmation iUX \u2013 Journ\u00e9e \/ Soir\u00e9e - iObeya\",\"isPartOf\":{\"@id\":\"https:\/\/www.iobeya.com\/fr\/#website\"},\"primaryImageOfPage\":{\"@id\":\"https:\/\/www.iobeya.com\/fr\/confirmation-iux-journee-soiree\/#primaryimage\"},\"image\":{\"@id\":\"https:\/\/www.iobeya.com\/fr\/confirmation-iux-journee-soiree\/#primaryimage\"},\"thumbnailUrl\":\"https:\/\/www.iobeya.com\/wp-content\/uploads\/2022\/08\/thanks-noloop.gif\",\"datePublished\":\"2025-05-02T08:58:26+00:00\",\"dateModified\":\"2025-05-02T09:03:23+00:00\",\"breadcrumb\":{\"@id\":\"https:\/\/www.iobeya.com\/fr\/confirmation-iux-journee-soiree\/#breadcrumb\"},\"inLanguage\":\"fr-FR\",\"potentialAction\":[{\"@type\":\"ReadAction\",\"target\":[\"https:\/\/www.iobeya.com\/fr\/confirmation-iux-journee-soiree\/\"]}]},{\"@type\":\"ImageObject\",\"inLanguage\":\"fr-FR\",\"@id\":\"https:\/\/www.iobeya.com\/fr\/confirmation-iux-journee-soiree\/#primaryimage\",\"url\":\"https:\/\/www.iobeya.com\/wp-content\/uploads\/2022\/08\/thanks-noloop.gif\",\"contentUrl\":\"https:\/\/www.iobeya.com\/wp-content\/uploads\/2022\/08\/thanks-noloop.gif\"},{\"@type\":\"BreadcrumbList\",\"@id\":\"https:\/\/www.iobeya.com\/fr\/confirmation-iux-journee-soiree\/#breadcrumb\",\"itemListElement\":[{\"@type\":\"ListItem\",\"position\":1,\"name\":\"Home\",\"item\":\"https:\/\/www.iobeya.com\/fr\/\"},{\"@type\":\"ListItem\",\"position\":2,\"name\":\"Confirmation iUX \u2013 Journ\u00e9e \/ Soir\u00e9e\"}]},{\"@type\":\"WebSite\",\"@id\":\"https:\/\/www.iobeya.com\/fr\/#website\",\"url\":\"https:\/\/www.iobeya.com\/fr\/\",\"name\":\"iObeya\",\"description\":\"Un site utilisant WordPress\",\"publisher\":{\"@id\":\"https:\/\/www.iobeya.com\/fr\/#organization\"},\"potentialAction\":[{\"@type\":\"SearchAction\",\"target\":{\"@type\":\"EntryPoint\",\"urlTemplate\":\"https:\/\/www.iobeya.com\/fr\/?s={search_term_string}\"},\"query-input\":{\"@type\":\"PropertyValueSpecification\",\"valueRequired\":true,\"valueName\":\"search_term_string\"}}],\"inLanguage\":\"fr-FR\"},{\"@type\":\"Organization\",\"@id\":\"https:\/\/www.iobeya.com\/fr\/#organization\",\"name\":\"iObeya\",\"url\":\"https:\/\/www.iobeya.com\/fr\/\",\"logo\":{\"@type\":\"ImageObject\",\"inLanguage\":\"fr-FR\",\"@id\":\"https:\/\/www.iobeya.com\/fr\/#\/schema\/logo\/image\/\",\"url\":\"https:\/\/www.iobeya.com\/wp-content\/uploads\/2025\/10\/cropped-iOb-Logo-Black.png\",\"contentUrl\":\"https:\/\/www.iobeya.com\/wp-content\/uploads\/2025\/10\/cropped-iOb-Logo-Black.png\",\"width\":782,\"height\":192,\"caption\":\"iObeya\"},\"image\":{\"@id\":\"https:\/\/www.iobeya.com\/fr\/#\/schema\/logo\/image\/\"}}]}<\/script>\n<!-- \/ Yoast SEO plugin. -->","yoast_head_json":{"title":"Confirmation iUX \u2013 Journ\u00e9e \/ Soir\u00e9e - iObeya","robots":{"index":"noindex","follow":"nofollow"},"og_locale":"fr_FR","og_type":"article","og_title":"Confirmation iUX \u2013 Journ\u00e9e \/ Soir\u00e9e - iObeya","og_description":"Merci pour votre confirmation ! Nous sommes impatients de vous accueillir \u00e0 l&rsquo;iUX le 12 juin 2025 pour une journ\u00e9e et une soir\u00e9e riches en d\u00e9couvertes et en \u00e9changes.","og_url":"https:\/\/www.iobeya.com\/fr\/confirmation-iux-journee-soiree\/","og_site_name":"iObeya","article_modified_time":"2025-05-02T09:03:23+00:00","og_image":[{"width":512,"height":512,"url":"https:\/\/www.iobeya.com\/wp-content\/uploads\/2022\/08\/thanks-noloop.gif","type":"image\/gif"}],"twitter_card":"summary_large_image","schema":{"@context":"https:\/\/schema.org","@graph":[{"@type":"WebPage","@id":"https:\/\/www.iobeya.com\/fr\/confirmation-iux-journee-soiree\/","url":"https:\/\/www.iobeya.com\/fr\/confirmation-iux-journee-soiree\/","name":"Confirmation iUX \u2013 Journ\u00e9e \/ Soir\u00e9e - iObeya","isPartOf":{"@id":"https:\/\/www.iobeya.com\/fr\/#website"},"primaryImageOfPage":{"@id":"https:\/\/www.iobeya.com\/fr\/confirmation-iux-journee-soiree\/#primaryimage"},"image":{"@id":"https:\/\/www.iobeya.com\/fr\/confirmation-iux-journee-soiree\/#primaryimage"},"thumbnailUrl":"https:\/\/www.iobeya.com\/wp-content\/uploads\/2022\/08\/thanks-noloop.gif","datePublished":"2025-05-02T08:58:26+00:00","dateModified":"2025-05-02T09:03:23+00:00","breadcrumb":{"@id":"https:\/\/www.iobeya.com\/fr\/confirmation-iux-journee-soiree\/#breadcrumb"},"inLanguage":"fr-FR","potentialAction":[{"@type":"ReadAction","target":["https:\/\/www.iobeya.com\/fr\/confirmation-iux-journee-soiree\/"]}]},{"@type":"ImageObject","inLanguage":"fr-FR","@id":"https:\/\/www.iobeya.com\/fr\/confirmation-iux-journee-soiree\/#primaryimage","url":"https:\/\/www.iobeya.com\/wp-content\/uploads\/2022\/08\/thanks-noloop.gif","contentUrl":"https:\/\/www.iobeya.com\/wp-content\/uploads\/2022\/08\/thanks-noloop.gif"},{"@type":"BreadcrumbList","@id":"https:\/\/www.iobeya.com\/fr\/confirmation-iux-journee-soiree\/#breadcrumb","itemListElement":[{"@type":"ListItem","position":1,"name":"Home","item":"https:\/\/www.iobeya.com\/fr\/"},{"@type":"ListItem","position":2,"name":"Confirmation iUX \u2013 Journ\u00e9e \/ Soir\u00e9e"}]},{"@type":"WebSite","@id":"https:\/\/www.iobeya.com\/fr\/#website","url":"https:\/\/www.iobeya.com\/fr\/","name":"iObeya","description":"Un site utilisant WordPress","publisher":{"@id":"https:\/\/www.iobeya.com\/fr\/#organization"},"potentialAction":[{"@type":"SearchAction","target":{"@type":"EntryPoint","urlTemplate":"https:\/\/www.iobeya.com\/fr\/?s={search_term_string}"},"query-input":{"@type":"PropertyValueSpecification","valueRequired":true,"valueName":"search_term_string"}}],"inLanguage":"fr-FR"},{"@type":"Organization","@id":"https:\/\/www.iobeya.com\/fr\/#organization","name":"iObeya","url":"https:\/\/www.iobeya.com\/fr\/","logo":{"@type":"ImageObject","inLanguage":"fr-FR","@id":"https:\/\/www.iobeya.com\/fr\/#\/schema\/logo\/image\/","url":"https:\/\/www.iobeya.com\/wp-content\/uploads\/2025\/10\/cropped-iOb-Logo-Black.png","contentUrl":"https:\/\/www.iobeya.com\/wp-content\/uploads\/2025\/10\/cropped-iOb-Logo-Black.png","width":782,"height":192,"caption":"iObeya"},"image":{"@id":"https:\/\/www.iobeya.com\/fr\/#\/schema\/logo\/image\/"}}]}},"_links":{"self":[{"href":"https:\/\/www.iobeya.com\/fr\/wp-json\/wp\/v2\/pages\/50673","targetHints":{"allow":["GET"]}}],"collection":[{"href":"https:\/\/www.iobeya.com\/fr\/wp-json\/wp\/v2\/pages"}],"about":[{"href":"https:\/\/www.iobeya.com\/fr\/wp-json\/wp\/v2\/types\/page"}],"author":[{"embeddable":true,"href":"https:\/\/www.iobeya.com\/fr\/wp-json\/wp\/v2\/users\/1"}],"replies":[{"embeddable":true,"href":"https:\/\/www.iobeya.com\/fr\/wp-json\/wp\/v2\/comments?post=50673"}],"version-history":[{"count":11,"href":"https:\/\/www.iobeya.com\/fr\/wp-json\/wp\/v2\/pages\/50673\/revisions"}],"predecessor-version":[{"id":50696,"href":"https:\/\/www.iobeya.com\/fr\/wp-json\/wp\/v2\/pages\/50673\/revisions\/50696"}],"wp:attachment":[{"href":"https:\/\/www.iobeya.com\/fr\/wp-json\/wp\/v2\/media?parent=50673"}],"curies":[{"name":"wp","href":"https:\/\/api.w.org\/{rel}","templated":true}]}}