{"id":50682,"date":"2025-05-02T11:00:19","date_gmt":"2025-05-02T09:00:19","guid":{"rendered":"https:\/\/www.iobeya.com\/?page_id=50682"},"modified":"2025-05-02T11:03:06","modified_gmt":"2025-05-02T09:03:06","slug":"iux-indisponible","status":"publish","type":"page","link":"https:\/\/www.iobeya.com\/fr\/iux-indisponible\/","title":{"rendered":"iUX \u2013 Indisponible"},"content":{"rendered":"\t\t<div data-elementor-type=\"wp-page\" data-elementor-id=\"50682\" class=\"elementor elementor-50682\" data-elementor-post-type=\"page\">\n\t\t\t\t\t\t<section class=\"elementor-section elementor-top-section elementor-element elementor-element-852bb0d elementor-section-boxed elementor-section-height-default elementor-section-height-default\" data-id=\"852bb0d\" data-element_type=\"section\" data-e-type=\"section\">\n\t\t\t\t\t\t<div class=\"elementor-container elementor-column-gap-default\">\n\t\t\t\t\t<div class=\"elementor-column elementor-col-100 elementor-top-column elementor-element elementor-element-58501ac\" data-id=\"58501ac\" data-element_type=\"column\" data-e-type=\"column\">\n\t\t\t<div class=\"elementor-widget-wrap elementor-element-populated\">\n\t\t\t\t\t\t<section class=\"elementor-section elementor-inner-section elementor-element elementor-element-ef24a66 elementor-section-boxed elementor-section-height-default elementor-section-height-default\" data-id=\"ef24a66\" data-element_type=\"section\" data-e-type=\"section\">\n\t\t\t\t\t\t<div class=\"elementor-container elementor-column-gap-default\">\n\t\t\t\t\t<div class=\"elementor-column elementor-col-100 elementor-inner-column elementor-element elementor-element-98377a5\" data-id=\"98377a5\" data-element_type=\"column\" data-e-type=\"column\" data-settings=\"{&quot;background_background&quot;:&quot;classic&quot;}\">\n\t\t\t<div class=\"elementor-widget-wrap elementor-element-populated\">\n\t\t\t\t\t\t<div class=\"elementor-element elementor-element-74f3120 elementor-widget elementor-widget-heading\" data-id=\"74f3120\" data-element_type=\"widget\" data-e-type=\"widget\" data-widget_type=\"heading.default\">\n\t\t\t\t<div class=\"elementor-widget-container\">\n\t\t\t\t\t<h2 class=\"elementor-heading-title elementor-size-default\">Merci pour votre r\u00e9ponse. <\/h2>\t\t\t\t<\/div>\n\t\t\t\t<\/div>\n\t\t\t\t<div class=\"elementor-element elementor-element-619d5d1 elementor-widget elementor-widget-text-editor\" data-id=\"619d5d1\" data-element_type=\"widget\" data-e-type=\"widget\" data-widget_type=\"text-editor.default\">\n\t\t\t\t<div class=\"elementor-widget-container\">\n\t\t\t\t\t\t\t\t\tNous sommes d\u00e9sol\u00e9s d&rsquo;apprendre que vous ne pourrez pas vous joindre \u00e0 nous. Nous esp\u00e9rons avoir l&rsquo;occasion de vous accueillir lors d&rsquo;un prochain \u00e9v\u00e9nement. <br\/>\u00c0 tr\u00e8s bient\u00f4t !\t\t\t\t\t\t\t\t<\/div>\n\t\t\t\t<\/div>\n\t\t\t\t<div class=\"elementor-element elementor-element-0c62b43 elementor-widget elementor-widget-image\" data-id=\"0c62b43\" data-element_type=\"widget\" data-e-type=\"widget\" data-widget_type=\"image.default\">\n\t\t\t\t<div class=\"elementor-widget-container\">\n\t\t\t\t\t\t\t\t\t\t\t\t\t\t\t<img fetchpriority=\"high\" decoding=\"async\" width=\"512\" height=\"512\" src=\"https:\/\/www.iobeya.com\/wp-content\/uploads\/2022\/08\/thanks-noloop.gif\" class=\"attachment-large size-large wp-image-10973\" alt=\"\" \/>\t\t\t\t\t\t\t\t\t\t\t\t\t\t\t<\/div>\n\t\t\t\t<\/div>\n\t\t\t\t\t<\/div>\n\t\t<\/div>\n\t\t\t\t\t<\/div>\n\t\t<\/section>\n\t\t\t\t\t<\/div>\n\t\t<\/div>\n\t\t\t\t\t<\/div>\n\t\t<\/section>\n\t\t\t\t<\/div>\n\t\t","protected":false},"excerpt":{"rendered":"<p>Merci pour votre r\u00e9ponse. Nous sommes d\u00e9sol\u00e9s d&rsquo;apprendre que vous ne pourrez pas vous joindre \u00e0 nous. Nous esp\u00e9rons avoir l&rsquo;occasion de vous accueillir lors d&rsquo;un prochain \u00e9v\u00e9nement. \u00c0 tr\u00e8s bient\u00f4t !<\/p>\n","protected":false},"author":1,"featured_media":0,"parent":0,"menu_order":0,"comment_status":"closed","ping_status":"closed","template":"elementor_header_footer","meta":{"_acf_changed":false,"inline_featured_image":false,"__cvm_playback_settings":[],"__cvm_video_id":"","footnotes":""},"class_list":["post-50682","page","type-page","status-publish","hentry"],"acf":[],"yoast_head":"<!-- This site is optimized with the Yoast SEO plugin v27.0 - https:\/\/yoast.com\/product\/yoast-seo-wordpress\/ -->\n<title>iUX \u2013 Indisponible - iObeya<\/title>\n<meta name=\"robots\" content=\"noindex, nofollow\" \/>\n<meta property=\"og:locale\" content=\"fr_FR\" \/>\n<meta property=\"og:type\" content=\"article\" \/>\n<meta property=\"og:title\" content=\"iUX \u2013 Indisponible - iObeya\" \/>\n<meta property=\"og:description\" content=\"Merci pour votre r\u00e9ponse. Nous sommes d\u00e9sol\u00e9s d&rsquo;apprendre que vous ne pourrez pas vous joindre \u00e0 nous. Nous esp\u00e9rons avoir l&rsquo;occasion de vous accueillir lors d&rsquo;un prochain \u00e9v\u00e9nement. \u00c0 tr\u00e8s bient\u00f4t !\" \/>\n<meta property=\"og:url\" content=\"https:\/\/www.iobeya.com\/fr\/iux-indisponible\/\" \/>\n<meta property=\"og:site_name\" content=\"iObeya\" \/>\n<meta property=\"article:modified_time\" content=\"2025-05-02T09:03:06+00:00\" \/>\n<meta property=\"og:image\" content=\"https:\/\/www.iobeya.com\/wp-content\/uploads\/2022\/08\/thanks-noloop.gif\" \/>\n\t<meta property=\"og:image:width\" content=\"512\" \/>\n\t<meta property=\"og:image:height\" content=\"512\" \/>\n\t<meta property=\"og:image:type\" content=\"image\/gif\" \/>\n<meta name=\"twitter:card\" content=\"summary_large_image\" \/>\n<script type=\"application\/ld+json\" class=\"yoast-schema-graph\">{\"@context\":\"https:\/\/schema.org\",\"@graph\":[{\"@type\":\"WebPage\",\"@id\":\"https:\/\/www.iobeya.com\/fr\/iux-indisponible\/\",\"url\":\"https:\/\/www.iobeya.com\/fr\/iux-indisponible\/\",\"name\":\"iUX \u2013 Indisponible - iObeya\",\"isPartOf\":{\"@id\":\"https:\/\/www.iobeya.com\/fr\/#website\"},\"primaryImageOfPage\":{\"@id\":\"https:\/\/www.iobeya.com\/fr\/iux-indisponible\/#primaryimage\"},\"image\":{\"@id\":\"https:\/\/www.iobeya.com\/fr\/iux-indisponible\/#primaryimage\"},\"thumbnailUrl\":\"https:\/\/www.iobeya.com\/wp-content\/uploads\/2022\/08\/thanks-noloop.gif\",\"datePublished\":\"2025-05-02T09:00:19+00:00\",\"dateModified\":\"2025-05-02T09:03:06+00:00\",\"breadcrumb\":{\"@id\":\"https:\/\/www.iobeya.com\/fr\/iux-indisponible\/#breadcrumb\"},\"inLanguage\":\"fr-FR\",\"potentialAction\":[{\"@type\":\"ReadAction\",\"target\":[\"https:\/\/www.iobeya.com\/fr\/iux-indisponible\/\"]}]},{\"@type\":\"ImageObject\",\"inLanguage\":\"fr-FR\",\"@id\":\"https:\/\/www.iobeya.com\/fr\/iux-indisponible\/#primaryimage\",\"url\":\"https:\/\/www.iobeya.com\/wp-content\/uploads\/2022\/08\/thanks-noloop.gif\",\"contentUrl\":\"https:\/\/www.iobeya.com\/wp-content\/uploads\/2022\/08\/thanks-noloop.gif\"},{\"@type\":\"BreadcrumbList\",\"@id\":\"https:\/\/www.iobeya.com\/fr\/iux-indisponible\/#breadcrumb\",\"itemListElement\":[{\"@type\":\"ListItem\",\"position\":1,\"name\":\"Home\",\"item\":\"https:\/\/www.iobeya.com\/fr\/\"},{\"@type\":\"ListItem\",\"position\":2,\"name\":\"iUX \u2013 Indisponible\"}]},{\"@type\":\"WebSite\",\"@id\":\"https:\/\/www.iobeya.com\/fr\/#website\",\"url\":\"https:\/\/www.iobeya.com\/fr\/\",\"name\":\"iObeya\",\"description\":\"Un site utilisant WordPress\",\"publisher\":{\"@id\":\"https:\/\/www.iobeya.com\/fr\/#organization\"},\"potentialAction\":[{\"@type\":\"SearchAction\",\"target\":{\"@type\":\"EntryPoint\",\"urlTemplate\":\"https:\/\/www.iobeya.com\/fr\/?s={search_term_string}\"},\"query-input\":{\"@type\":\"PropertyValueSpecification\",\"valueRequired\":true,\"valueName\":\"search_term_string\"}}],\"inLanguage\":\"fr-FR\"},{\"@type\":\"Organization\",\"@id\":\"https:\/\/www.iobeya.com\/fr\/#organization\",\"name\":\"iObeya\",\"url\":\"https:\/\/www.iobeya.com\/fr\/\",\"logo\":{\"@type\":\"ImageObject\",\"inLanguage\":\"fr-FR\",\"@id\":\"https:\/\/www.iobeya.com\/fr\/#\/schema\/logo\/image\/\",\"url\":\"https:\/\/www.iobeya.com\/wp-content\/uploads\/2025\/10\/cropped-iOb-Logo-Black.png\",\"contentUrl\":\"https:\/\/www.iobeya.com\/wp-content\/uploads\/2025\/10\/cropped-iOb-Logo-Black.png\",\"width\":782,\"height\":192,\"caption\":\"iObeya\"},\"image\":{\"@id\":\"https:\/\/www.iobeya.com\/fr\/#\/schema\/logo\/image\/\"}}]}<\/script>\n<!-- \/ Yoast SEO plugin. -->","yoast_head_json":{"title":"iUX \u2013 Indisponible - iObeya","robots":{"index":"noindex","follow":"nofollow"},"og_locale":"fr_FR","og_type":"article","og_title":"iUX \u2013 Indisponible - iObeya","og_description":"Merci pour votre r\u00e9ponse. Nous sommes d\u00e9sol\u00e9s d&rsquo;apprendre que vous ne pourrez pas vous joindre \u00e0 nous. Nous esp\u00e9rons avoir l&rsquo;occasion de vous accueillir lors d&rsquo;un prochain \u00e9v\u00e9nement. \u00c0 tr\u00e8s bient\u00f4t !","og_url":"https:\/\/www.iobeya.com\/fr\/iux-indisponible\/","og_site_name":"iObeya","article_modified_time":"2025-05-02T09:03:06+00:00","og_image":[{"width":512,"height":512,"url":"https:\/\/www.iobeya.com\/wp-content\/uploads\/2022\/08\/thanks-noloop.gif","type":"image\/gif"}],"twitter_card":"summary_large_image","schema":{"@context":"https:\/\/schema.org","@graph":[{"@type":"WebPage","@id":"https:\/\/www.iobeya.com\/fr\/iux-indisponible\/","url":"https:\/\/www.iobeya.com\/fr\/iux-indisponible\/","name":"iUX \u2013 Indisponible - iObeya","isPartOf":{"@id":"https:\/\/www.iobeya.com\/fr\/#website"},"primaryImageOfPage":{"@id":"https:\/\/www.iobeya.com\/fr\/iux-indisponible\/#primaryimage"},"image":{"@id":"https:\/\/www.iobeya.com\/fr\/iux-indisponible\/#primaryimage"},"thumbnailUrl":"https:\/\/www.iobeya.com\/wp-content\/uploads\/2022\/08\/thanks-noloop.gif","datePublished":"2025-05-02T09:00:19+00:00","dateModified":"2025-05-02T09:03:06+00:00","breadcrumb":{"@id":"https:\/\/www.iobeya.com\/fr\/iux-indisponible\/#breadcrumb"},"inLanguage":"fr-FR","potentialAction":[{"@type":"ReadAction","target":["https:\/\/www.iobeya.com\/fr\/iux-indisponible\/"]}]},{"@type":"ImageObject","inLanguage":"fr-FR","@id":"https:\/\/www.iobeya.com\/fr\/iux-indisponible\/#primaryimage","url":"https:\/\/www.iobeya.com\/wp-content\/uploads\/2022\/08\/thanks-noloop.gif","contentUrl":"https:\/\/www.iobeya.com\/wp-content\/uploads\/2022\/08\/thanks-noloop.gif"},{"@type":"BreadcrumbList","@id":"https:\/\/www.iobeya.com\/fr\/iux-indisponible\/#breadcrumb","itemListElement":[{"@type":"ListItem","position":1,"name":"Home","item":"https:\/\/www.iobeya.com\/fr\/"},{"@type":"ListItem","position":2,"name":"iUX \u2013 Indisponible"}]},{"@type":"WebSite","@id":"https:\/\/www.iobeya.com\/fr\/#website","url":"https:\/\/www.iobeya.com\/fr\/","name":"iObeya","description":"Un site utilisant WordPress","publisher":{"@id":"https:\/\/www.iobeya.com\/fr\/#organization"},"potentialAction":[{"@type":"SearchAction","target":{"@type":"EntryPoint","urlTemplate":"https:\/\/www.iobeya.com\/fr\/?s={search_term_string}"},"query-input":{"@type":"PropertyValueSpecification","valueRequired":true,"valueName":"search_term_string"}}],"inLanguage":"fr-FR"},{"@type":"Organization","@id":"https:\/\/www.iobeya.com\/fr\/#organization","name":"iObeya","url":"https:\/\/www.iobeya.com\/fr\/","logo":{"@type":"ImageObject","inLanguage":"fr-FR","@id":"https:\/\/www.iobeya.com\/fr\/#\/schema\/logo\/image\/","url":"https:\/\/www.iobeya.com\/wp-content\/uploads\/2025\/10\/cropped-iOb-Logo-Black.png","contentUrl":"https:\/\/www.iobeya.com\/wp-content\/uploads\/2025\/10\/cropped-iOb-Logo-Black.png","width":782,"height":192,"caption":"iObeya"},"image":{"@id":"https:\/\/www.iobeya.com\/fr\/#\/schema\/logo\/image\/"}}]}},"_links":{"self":[{"href":"https:\/\/www.iobeya.com\/fr\/wp-json\/wp\/v2\/pages\/50682","targetHints":{"allow":["GET"]}}],"collection":[{"href":"https:\/\/www.iobeya.com\/fr\/wp-json\/wp\/v2\/pages"}],"about":[{"href":"https:\/\/www.iobeya.com\/fr\/wp-json\/wp\/v2\/types\/page"}],"author":[{"embeddable":true,"href":"https:\/\/www.iobeya.com\/fr\/wp-json\/wp\/v2\/users\/1"}],"replies":[{"embeddable":true,"href":"https:\/\/www.iobeya.com\/fr\/wp-json\/wp\/v2\/comments?post=50682"}],"version-history":[{"count":7,"href":"https:\/\/www.iobeya.com\/fr\/wp-json\/wp\/v2\/pages\/50682\/revisions"}],"predecessor-version":[{"id":50693,"href":"https:\/\/www.iobeya.com\/fr\/wp-json\/wp\/v2\/pages\/50682\/revisions\/50693"}],"wp:attachment":[{"href":"https:\/\/www.iobeya.com\/fr\/wp-json\/wp\/v2\/media?parent=50682"}],"curies":[{"name":"wp","href":"https:\/\/api.w.org\/{rel}","templated":true}]}}